{"id":7466,"date":"2025-08-21T09:19:36","date_gmt":"2025-08-21T08:19:36","guid":{"rendered":"https:\/\/garzonplaza.hu\/?page_id=7466"},"modified":"2025-08-21T09:32:45","modified_gmt":"2025-08-21T08:32:45","slug":"koszonjuk","status":"publish","type":"page","link":"https:\/\/garzonplaza.hu\/de\/koszonjuk\/","title":{"rendered":"Kontakt"},"content":{"rendered":"<div data-elementor-type=\"wp-page\" data-elementor-id=\"7466\" class=\"elementor elementor-7466\" data-elementor-post-type=\"page\">\n\t\t\t\t<div class=\"elementor-element elementor-element-7fcfc89 e-flex e-con-boxed e-con e-parent\" data-id=\"7fcfc89\" data-element_type=\"container\" data-e-type=\"container\">\n\t\t\t\t\t<div class=\"e-con-inner\">\n\t\t\t\t<div class=\"elementor-element elementor-element-df3110c elementor-widget elementor-widget-heading\" data-id=\"df3110c\" data-element_type=\"widget\" data-e-type=\"widget\" data-widget_type=\"heading.default\">\n\t\t\t\t<div class=\"elementor-widget-container\">\n\t\t\t\t\t<h2 class=\"elementor-heading-title elementor-size-default\">Danke, dass Sie bei uns gebucht haben!<\/h2>\t\t\t\t<\/div>\n\t\t\t\t<\/div>\n\t\t\t\t<div class=\"elementor-element elementor-element-8828e3e elementor-widget elementor-widget-text-editor\" data-id=\"8828e3e\" data-element_type=\"widget\" data-e-type=\"widget\" data-widget_type=\"text-editor.default\">\n\t\t\t\t<div class=\"elementor-widget-container\">\n\t\t\t\t\t\t\t\t\t<p>Wir werden Ihnen in K\u00fcrze eine detaillierte Best\u00e4tigung und Buchungsdetails per E-Mail zusenden.<br \/>Bitte \u00fcberpr\u00fcfen Sie Ihre Mailbox (und Ihren Werbe-\/Spam-Ordner).<\/p>\t\t\t\t\t\t\t\t<\/div>\n\t\t\t\t<\/div>\n\t\t\t\t<div class=\"elementor-element elementor-element-034baea elementor-align-center elementor-widget elementor-widget-button\" data-id=\"034baea\" data-element_type=\"widget\" data-e-type=\"widget\" data-widget_type=\"button.default\">\n\t\t\t\t<div class=\"elementor-widget-container\">\n\t\t\t\t\t\t\t\t\t<div class=\"elementor-button-wrapper\">\n\t\t\t\t\t<a class=\"elementor-button elementor-button-link elementor-size-sm\" href=\"https:\/\/garzonplaza.hu\/de\/\">\n\t\t\t\t\t\t<span class=\"elementor-button-content-wrapper\">\n\t\t\t\t\t\t\t\t\t<span class=\"elementor-button-text\">Zur\u00fcck zur Hauptseite<\/span>\n\t\t\t\t\t<\/span>\n\t\t\t\t\t<\/a>\n\t\t\t\t<\/div>\n\t\t\t\t\t\t\t\t<\/div>\n\t\t\t\t<\/div>\n\t\t\t\t\t<\/div>\n\t\t\t\t<\/div>\n\t\t\t\t<\/div>","protected":false},"excerpt":{"rendered":"<p>K\u00f6sz\u00f6nj\u00fck, hogy n\u00e1lunk foglalt! Hamarosan e-mailben megk\u00fcldj\u00fck a r\u00e9szletes visszaigazol\u00e1st \u00e9s a foglal\u00e1s adatait.K\u00e9rj\u00fck, ellen\u0151rizze postal\u00e1d\u00e1j\u00e1t (\u00e9s a prom\u00f3ci\u00f3s\/spam mapp\u00e1t is). Vissza a f\u0151oldalra<\/p>","protected":false},"author":2,"featured_media":0,"parent":0,"menu_order":0,"comment_status":"closed","ping_status":"closed","template":"elementor_header_footer","meta":{"footnotes":""},"class_list":["post-7466","page","type-page","status-publish","hentry","entry","owp-thumbs-layout-horizontal","owp-btn-normal","owp-tabs-layout-horizontal","has-no-thumbnails","has-product-nav"],"_links":{"self":[{"href":"https:\/\/garzonplaza.hu\/de\/wp-json\/wp\/v2\/pages\/7466","targetHints":{"allow":["GET"]}}],"collection":[{"href":"https:\/\/garzonplaza.hu\/de\/wp-json\/wp\/v2\/pages"}],"about":[{"href":"https:\/\/garzonplaza.hu\/de\/wp-json\/wp\/v2\/types\/page"}],"author":[{"embeddable":true,"href":"https:\/\/garzonplaza.hu\/de\/wp-json\/wp\/v2\/users\/2"}],"replies":[{"embeddable":true,"href":"https:\/\/garzonplaza.hu\/de\/wp-json\/wp\/v2\/comments?post=7466"}],"version-history":[{"count":7,"href":"https:\/\/garzonplaza.hu\/de\/wp-json\/wp\/v2\/pages\/7466\/revisions"}],"predecessor-version":[{"id":7479,"href":"https:\/\/garzonplaza.hu\/de\/wp-json\/wp\/v2\/pages\/7466\/revisions\/7479"}],"wp:attachment":[{"href":"https:\/\/garzonplaza.hu\/de\/wp-json\/wp\/v2\/media?parent=7466"}],"curies":[{"name":"wp","href":"https:\/\/api.w.org\/{rel}","templated":true}]}}