{"id":7495,"date":"2025-08-27T08:15:38","date_gmt":"2025-08-27T07:15:38","guid":{"rendered":"https:\/\/garzonplaza.hu\/?page_id=7495"},"modified":"2025-08-27T08:16:07","modified_gmt":"2025-08-27T07:16:07","slug":"koszonjuk-rendezveny","status":"publish","type":"page","link":"https:\/\/garzonplaza.hu\/de\/koszonjuk-rendezveny\/","title":{"rendered":"Dankesch\u00f6n Veranstaltung"},"content":{"rendered":"<div data-elementor-type=\"wp-page\" data-elementor-id=\"7495\" class=\"elementor elementor-7495\" data-elementor-post-type=\"page\">\n\t\t\t\t<div class=\"elementor-element elementor-element-6f6a07e e-flex e-con-boxed e-con e-parent\" data-id=\"6f6a07e\" data-element_type=\"container\" data-e-type=\"container\">\n\t\t\t\t\t<div class=\"e-con-inner\">\n\t\t\t\t<div class=\"elementor-element elementor-element-1f3207d elementor-widget elementor-widget-heading\" data-id=\"1f3207d\" data-element_type=\"widget\" data-e-type=\"widget\" data-widget_type=\"heading.default\">\n\t\t\t\t<div class=\"elementor-widget-container\">\n\t\t\t\t\t<h2 class=\"elementor-heading-title elementor-size-default\">Vielen Dank, dass Sie uns kontaktiert haben!<\/h2>\t\t\t\t<\/div>\n\t\t\t\t<\/div>\n\t\t\t\t<div class=\"elementor-element elementor-element-d73bbf4 elementor-widget elementor-widget-text-editor\" data-id=\"d73bbf4\" data-element_type=\"widget\" data-e-type=\"widget\" data-widget_type=\"text-editor.default\">\n\t\t\t\t<div class=\"elementor-widget-container\">\n\t\t\t\t\t\t\t\t\t<p>Wir werden Ihre Nachricht in K\u00fcrze beantworten. Unsere Mitarbeiter werden sich so schnell wie m\u00f6glich unter den angegebenen Kontaktdaten mit Ihnen in Verbindung setzen.<br \/>Bitte \u00fcberpr\u00fcfen Sie Ihre Mailbox (und Ihren Werbe-\/Spam-Ordner).<\/p>\t\t\t\t\t\t\t\t<\/div>\n\t\t\t\t<\/div>\n\t\t\t\t<div class=\"elementor-element elementor-element-05fd599 elementor-align-center elementor-widget elementor-widget-button\" data-id=\"05fd599\" data-element_type=\"widget\" data-e-type=\"widget\" data-widget_type=\"button.default\">\n\t\t\t\t<div class=\"elementor-widget-container\">\n\t\t\t\t\t\t\t\t\t<div class=\"elementor-button-wrapper\">\n\t\t\t\t\t<a class=\"elementor-button elementor-button-link elementor-size-sm\" href=\"https:\/\/garzonplaza.hu\/de\/\">\n\t\t\t\t\t\t<span class=\"elementor-button-content-wrapper\">\n\t\t\t\t\t\t\t\t\t<span class=\"elementor-button-text\">Zur\u00fcck zur Hauptseite<\/span>\n\t\t\t\t\t<\/span>\n\t\t\t\t\t<\/a>\n\t\t\t\t<\/div>\n\t\t\t\t\t\t\t\t<\/div>\n\t\t\t\t<\/div>\n\t\t\t\t\t<\/div>\n\t\t\t\t<\/div>\n\t\t\t\t<\/div>","protected":false},"excerpt":{"rendered":"<p>K\u00f6sz\u00f6nj\u00fck, hogy felvette vel\u00fcnk a kapcsolatot! Hamarosan v\u00e1laszolunk az \u00fczenet\u00e9re. Koll\u00e9g\u00e1ink a lehet\u0151 legr\u00f6videbb id\u0151n bel\u00fcl felkeresik \u00d6nt a megadott el\u00e9rhet\u0151s\u00e9gein.K\u00e9rj\u00fck, ellen\u0151rizze postal\u00e1d\u00e1j\u00e1t (\u00e9s a prom\u00f3ci\u00f3s\/spam mapp\u00e1t is). Vissza a f\u0151oldalra<\/p>","protected":false},"author":2,"featured_media":0,"parent":0,"menu_order":0,"comment_status":"closed","ping_status":"closed","template":"elementor_header_footer","meta":{"footnotes":""},"class_list":["post-7495","page","type-page","status-publish","hentry","entry","owp-thumbs-layout-horizontal","owp-btn-normal","owp-tabs-layout-horizontal","has-no-thumbnails","has-product-nav"],"_links":{"self":[{"href":"https:\/\/garzonplaza.hu\/de\/wp-json\/wp\/v2\/pages\/7495","targetHints":{"allow":["GET"]}}],"collection":[{"href":"https:\/\/garzonplaza.hu\/de\/wp-json\/wp\/v2\/pages"}],"about":[{"href":"https:\/\/garzonplaza.hu\/de\/wp-json\/wp\/v2\/types\/page"}],"author":[{"embeddable":true,"href":"https:\/\/garzonplaza.hu\/de\/wp-json\/wp\/v2\/users\/2"}],"replies":[{"embeddable":true,"href":"https:\/\/garzonplaza.hu\/de\/wp-json\/wp\/v2\/comments?post=7495"}],"version-history":[{"count":4,"href":"https:\/\/garzonplaza.hu\/de\/wp-json\/wp\/v2\/pages\/7495\/revisions"}],"predecessor-version":[{"id":7499,"href":"https:\/\/garzonplaza.hu\/de\/wp-json\/wp\/v2\/pages\/7495\/revisions\/7499"}],"wp:attachment":[{"href":"https:\/\/garzonplaza.hu\/de\/wp-json\/wp\/v2\/media?parent=7495"}],"curies":[{"name":"wp","href":"https:\/\/api.w.org\/{rel}","templated":true}]}}