{"id":7663,"date":"2026-01-01T19:11:55","date_gmt":"2026-01-01T18:11:55","guid":{"rendered":"https:\/\/garzonplaza.hu\/?page_id=7663"},"modified":"2026-01-01T19:13:26","modified_gmt":"2026-01-01T18:13:26","slug":"allashirdetes","status":"publish","type":"page","link":"https:\/\/garzonplaza.hu\/de\/allashirdetes\/","title":{"rendered":"Stellenausschreibung"},"content":{"rendered":"<div data-elementor-type=\"wp-page\" data-elementor-id=\"7663\" class=\"elementor elementor-7663\" data-elementor-post-type=\"page\">\n\t\t\t\t<div class=\"elementor-element elementor-element-e82f588 e-flex e-con-boxed e-con e-parent\" data-id=\"e82f588\" data-element_type=\"container\" data-e-type=\"container\">\n\t\t\t\t\t<div class=\"e-con-inner\">\n\t\t\t\t<div class=\"elementor-element elementor-element-c838fe8 elementor-widget elementor-widget-heading\" data-id=\"c838fe8\" data-element_type=\"widget\" data-e-type=\"widget\" data-widget_type=\"heading.default\">\n\t\t\t\t<div class=\"elementor-widget-container\">\n\t\t\t\t\t<h2 class=\"elementor-heading-title elementor-size-default\">Hotel Wir suchen einen Betriebsleiter (m\/w)<\/h2>\t\t\t\t<\/div>\n\t\t\t\t<\/div>\n\t\t\t\t<div class=\"elementor-element elementor-element-2390196 elementor-widget elementor-widget-heading\" data-id=\"2390196\" data-element_type=\"widget\" data-e-type=\"widget\" data-widget_type=\"heading.default\">\n\t\t\t\t<div class=\"elementor-widget-container\">\n\t\t\t\t\t<h2 class=\"elementor-heading-title elementor-size-default\">Wiederer\u00f6ffnung Anfang April 2026 nach Renovierung<\/h2>\t\t\t\t<\/div>\n\t\t\t\t<\/div>\n\t\t\t\t\t<\/div>\n\t\t\t\t<\/div>\n\t\t<div class=\"elementor-element elementor-element-f34125c e-flex e-con-boxed e-con e-parent\" data-id=\"f34125c\" data-element_type=\"container\" data-e-type=\"container\">\n\t\t\t\t\t<div class=\"e-con-inner\">\n\t\t\t\t<div class=\"elementor-element elementor-element-a0fa629 elementor-widget elementor-widget-image\" data-id=\"a0fa629\" data-element_type=\"widget\" data-e-type=\"widget\" data-widget_type=\"image.default\">\n\t\t\t\t<div class=\"elementor-widget-container\">\n\t\t\t\t\t\t\t\t\t\t\t\t\t\t\t<img fetchpriority=\"high\" decoding=\"async\" width=\"1024\" height=\"448\" src=\"https:\/\/garzonplaza.hu\/wp-content\/uploads\/2026\/01\/unnamed-2.jpg\" class=\"attachment-large size-large wp-image-7665\" alt=\"\" srcset=\"https:\/\/garzonplaza.hu\/wp-content\/uploads\/2026\/01\/unnamed-2.jpg 1024w, https:\/\/garzonplaza.hu\/wp-content\/uploads\/2026\/01\/unnamed-2-300x131.jpg 300w, https:\/\/garzonplaza.hu\/wp-content\/uploads\/2026\/01\/unnamed-2-768x336.jpg 768w, https:\/\/garzonplaza.hu\/wp-content\/uploads\/2026\/01\/unnamed-2-18x8.jpg 18w, https:\/\/garzonplaza.hu\/wp-content\/uploads\/2026\/01\/unnamed-2-600x263.jpg 600w\" sizes=\"(max-width: 1024px) 100vw, 1024px\" title=\"\">\t\t\t\t\t\t\t\t\t\t\t\t\t\t\t<\/div>\n\t\t\t\t<\/div>\n\t\t\t\t\t<\/div>\n\t\t\t\t<\/div>\n\t\t<div class=\"elementor-element elementor-element-a029028 e-flex e-con-boxed e-con e-parent\" data-id=\"a029028\" data-element_type=\"container\" data-e-type=\"container\">\n\t\t\t\t\t<div class=\"e-con-inner\">\n\t\t\t\t<div class=\"elementor-element elementor-element-ada5d89 elementor-widget elementor-widget-text-editor\" data-id=\"ada5d89\" data-element_type=\"widget\" data-e-type=\"widget\" data-widget_type=\"text-editor.default\">\n\t\t\t\t<div class=\"elementor-widget-container\">\n\t\t\t\t\t\t\t\t\t<p data-start=\"318\" data-end=\"364\">\ud83d\udccd <strong data-start=\"321\" data-end=\"364\">Gy\u0151ri Garzonpl\u00e1za Hotel - 4\u2605 | 68 Zimmer<\/strong><\/p><p data-start=\"366\" data-end=\"551\">Das Gy\u0151r 1TP6Plaza <strong data-start=\"386\" data-end=\"430\">4-Sterne-Stadthotel mit 68 Zimmern<\/strong> an der Spitze eines <strong data-start=\"443\" data-end=\"473\">Hotelbetriebsleiter<\/strong> wir suchen,<br data-start=\"483\" data-end=\"486\" \/>der nicht nur arbeitet, sondern auch <strong data-start=\"514\" data-end=\"550\">Verwalten, Optimieren und Verbessern<\/strong>.<\/p><p data-start=\"553\" data-end=\"722\">Wenn G\u00e4stezufriedenheit f\u00fcr Sie kein KPI ist, sondern ein Prinzip,<br data-start=\"609\" data-end=\"612\" \/>wenn Sie etwas von Zahlen, Teams und Hotelprozessen verstehen,<br data-start=\"674\" data-end=\"677\" \/>dann gibt es echte Verantwortung und Handlungsspielraum.<\/p><hr data-start=\"724\" data-end=\"727\" \/><h3 data-start=\"729\" data-end=\"755\"><strong data-start=\"733\" data-end=\"755\">Ihre Aufgaben werden sein<\/strong><\/h3><ul data-start=\"756\" data-end=\"1315\"><li data-start=\"756\" data-end=\"817\"><p data-start=\"758\" data-end=\"817\">Das Hotel <strong data-start=\"769\" data-end=\"817\">Gesamtbetriebsf\u00fchrung und Finanzmanagement<\/strong><\/p><\/li><li data-start=\"818\" data-end=\"888\"><p data-start=\"820\" data-end=\"888\">A <strong data-start=\"822\" data-end=\"888\">Aufrechterhaltung und Entwicklung eines hohen Ma\u00dfes an G\u00e4stezufriedenheit<\/strong><\/p><\/li><li data-start=\"889\" data-end=\"948\"><p data-start=\"891\" data-end=\"948\">Der Hotelbetrieb <strong data-start=\"911\" data-end=\"948\">effizienter, wirtschaftlicher Betrieb<\/strong><\/p><\/li><li data-start=\"949\" data-end=\"1028\"><p data-start=\"951\" data-end=\"1028\">Koordinierung der Bereiche Front Office, Housekeeping, Fr\u00fchst\u00fcck und Technik<\/p><\/li><li data-start=\"1029\" data-end=\"1093\"><p data-start=\"1031\" data-end=\"1093\">F\u00fchrung, Motivation und \u00dcberwachung der Leistung des Personals<\/p><\/li><li data-start=\"1094\" data-end=\"1180\"><p data-start=\"1096\" data-end=\"1180\"><strong data-start=\"1096\" data-end=\"1133\">Planung von Auslastung und Umsatz<\/strong>, aktive Beteiligung am Verkaufsprozess<\/p><\/li><li data-start=\"1181\" data-end=\"1220\"><p data-start=\"1183\" data-end=\"1220\">Zusammenarbeit mit B2B- und B2C-Partnern<\/p><\/li><li data-start=\"1221\" data-end=\"1256\"><p data-start=\"1223\" data-end=\"1256\">Berichterstattung an die Eigent\u00fcmer<\/p><\/li><li data-start=\"1257\" data-end=\"1315\"><p data-start=\"1259\" data-end=\"1315\">Durchsetzung von Qualit\u00e4tssicherung und 4-Sterne-Standards<\/p><\/li><\/ul><hr data-start=\"1317\" data-end=\"1320\" \/><h3 data-start=\"1322\" data-end=\"1343\"><strong data-start=\"1326\" data-end=\"1343\">Wen wir suchen<\/strong><\/h3><ul data-start=\"1344\" data-end=\"1752\"><li data-start=\"1344\" data-end=\"1421\"><p data-start=\"1346\" data-end=\"1421\">Mehrj\u00e4hrig <strong data-start=\"1355\" data-end=\"1409\">Erfahrung im Hotelmanagement oder -betrieb<\/strong> hat<\/p><\/li><li data-start=\"1422\" data-end=\"1472\"><p data-start=\"1424\" data-end=\"1472\">Eine selbstbewusste F\u00fchrungskraft, die <strong data-start=\"1447\" data-end=\"1472\">denkt als Team<\/strong><\/p><\/li><li data-start=\"1473\" data-end=\"1537\"><p data-start=\"1475\" data-end=\"1537\">Wirtschaftliches Denken, Verst\u00e4ndnis und Freude an betriebswirtschaftlichen Zahlen<\/p><\/li><li data-start=\"1538\" data-end=\"1582\"><p data-start=\"1540\" data-end=\"1582\">G\u00e4steorientiert, anspruchsvoll, l\u00f6sungsorientiert<\/p><\/li><li data-start=\"1583\" data-end=\"1635\"><p data-start=\"1585\" data-end=\"1635\">Gute Kommunikations- und Organisationsf\u00e4higkeiten<\/p><\/li><li data-start=\"1636\" data-end=\"1675\"><p data-start=\"1638\" data-end=\"1675\">Selbstst\u00e4ndig, verantwortungsbewusst, entscheidungsfreudig<\/p><\/li><li data-start=\"1676\" data-end=\"1752\"><p data-start=\"1678\" data-end=\"1752\">Vorteil: Stadthotel, 4-Sterne-Umgebung, Erfahrung im B2B-Bereich<\/p><\/li><\/ul><hr data-start=\"1754\" data-end=\"1757\" \/><h3 data-start=\"1759\" data-end=\"1780\"><strong data-start=\"1763\" data-end=\"1780\">Was wir anbieten<\/strong><\/h3><ul data-start=\"1781\" data-end=\"2032\"><li data-start=\"1781\" data-end=\"1818\"><p data-start=\"1783\" data-end=\"1818\">Stabile, langfristige Managementposition<\/p><\/li><li data-start=\"1819\" data-end=\"1863\"><p data-start=\"1821\" data-end=\"1863\">Selbstst\u00e4ndige Entscheidungen und echte Verantwortung<\/p><\/li><li data-start=\"1864\" data-end=\"1899\"><p data-start=\"1866\" data-end=\"1899\">Gut eingef\u00fchrtes, bekanntes Hotel in Gy\u0151r<\/p><\/li><li data-start=\"1900\" data-end=\"1926\"><p data-start=\"1902\" data-end=\"1926\">Konkurrenzf\u00e4higes Einkommen<\/p><\/li><li data-start=\"1927\" data-end=\"1963\"><p data-start=\"1929\" data-end=\"1963\">Beruflicher Hintergrund als Eigent\u00fcmer<\/p><\/li><li data-start=\"1964\" data-end=\"2032\"><p data-start=\"1966\" data-end=\"2032\">M\u00f6glichkeit, sich aktiv an der Weiterentwicklung des Hotels zu beteiligen<\/p><\/li><\/ul><hr data-start=\"2034\" data-end=\"2037\" \/><h3 data-start=\"2039\" data-end=\"2074\"><strong data-start=\"2043\" data-end=\"2074\">Diese Stelle ist f\u00fcr Sie geeignet, wenn Sie<\/strong><\/h3><p data-start=\"2075\" data-end=\"2232\">Nicht nur \u201eoperieren\u201d, sondern <strong data-start=\"2105\" data-end=\"2143\">Sie betrachten ein Hotel als Gastgeber<\/strong>,<br data-start=\"2144\" data-end=\"2147\" \/>und eine f\u00fchrende Rolle in einem der hochwertigen Stadthotels von Gy\u0151r \u00fcbernehmen m\u00f6chten.<\/p><p data-start=\"2234\" data-end=\"2346\">\ud83d\udce9 <strong data-start=\"2237\" data-end=\"2253\">F\u00fcr die Bewerbung: hr@garzonplaza.hu<\/strong><br data-start=\"2253\" data-end=\"2256\" \/>Beruflicher Lebenslauf und kurze Vorstellung<br data-start=\"2302\" data-end=\"2305\" \/><em data-start=\"2305\" data-end=\"2346\">(Referenzen im Management sind von Vorteil)<\/em><\/p>\t\t\t\t\t\t\t\t<\/div>\n\t\t\t\t<\/div>\n\t\t\t\t\t<\/div>\n\t\t\t\t<\/div>\n\t\t\t\t<\/div>","protected":false},"excerpt":{"rendered":"<p>Hotel \u00dczemeltet\u00e9si Vezet\u0151t keres\u00fcnk 2026 \u00e1prilis elej\u00e9n fel\u00faj\u00edt\u00e1s ut\u00e1n \u00fajranyit\u00f3 sz\u00e1llod\u00e1nkba \ud83d\udccd Gy\u0151ri Garzonpl\u00e1za Hotel \u2013 4\u2605 | 68 szoba A Gy\u0151ri Garzonpl\u00e1za 4 csillagos, 68 szob\u00e1s v\u00e1rosi sz\u00e1llod\u00e1ja \u00e9l\u00e9re olyan hotel \u00fczemeltet\u00e9si vezet\u0151t keres\u00fcnk,aki nemcsak m\u0171k\u00f6dtet, hanem ir\u00e1ny\u00edt, optimaliz\u00e1l \u00e9s fejleszt. Ha a vend\u00e9gel\u00e9gedetts\u00e9g sz\u00e1modra nem KPI, hanem alapelv,ha \u00e9rted a sz\u00e1mokat, a csapatokat [&hellip;]<\/p>\n","protected":false},"author":4,"featured_media":0,"parent":0,"menu_order":0,"comment_status":"closed","ping_status":"closed","template":"","meta":{"footnotes":""},"class_list":["post-7663","page","type-page","status-publish","hentry","entry","owp-thumbs-layout-horizontal","owp-btn-normal","owp-tabs-layout-horizontal","has-no-thumbnails","has-product-nav"],"_links":{"self":[{"href":"https:\/\/garzonplaza.hu\/de\/wp-json\/wp\/v2\/pages\/7663","targetHints":{"allow":["GET"]}}],"collection":[{"href":"https:\/\/garzonplaza.hu\/de\/wp-json\/wp\/v2\/pages"}],"about":[{"href":"https:\/\/garzonplaza.hu\/de\/wp-json\/wp\/v2\/types\/page"}],"author":[{"embeddable":true,"href":"https:\/\/garzonplaza.hu\/de\/wp-json\/wp\/v2\/users\/4"}],"replies":[{"embeddable":true,"href":"https:\/\/garzonplaza.hu\/de\/wp-json\/wp\/v2\/comments?post=7663"}],"version-history":[{"count":4,"href":"https:\/\/garzonplaza.hu\/de\/wp-json\/wp\/v2\/pages\/7663\/revisions"}],"predecessor-version":[{"id":7668,"href":"https:\/\/garzonplaza.hu\/de\/wp-json\/wp\/v2\/pages\/7663\/revisions\/7668"}],"wp:attachment":[{"href":"https:\/\/garzonplaza.hu\/de\/wp-json\/wp\/v2\/media?parent=7663"}],"curies":[{"name":"wp","href":"https:\/\/api.w.org\/{rel}","templated":true}]}}