{"id":8022,"date":"2026-03-08T17:22:30","date_gmt":"2026-03-08T16:22:30","guid":{"rendered":"https:\/\/garzonplaza.hu\/?page_id=8022"},"modified":"2026-03-08T18:03:24","modified_gmt":"2026-03-08T17:03:24","slug":"vendegtajekoztato","status":"publish","type":"page","link":"https:\/\/garzonplaza.hu\/de\/vendegtajekoztato\/","title":{"rendered":"Informationen f\u00fcr Besucher"},"content":{"rendered":"<div data-elementor-type=\"wp-page\" data-elementor-id=\"8022\" class=\"elementor elementor-8022\" data-elementor-post-type=\"page\">\n\t\t\t\t<div class=\"elementor-element elementor-element-ca5c7cc e-flex e-con-boxed e-con e-parent\" data-id=\"ca5c7cc\" data-element_type=\"container\" data-e-type=\"container\">\n\t\t\t\t\t<div class=\"e-con-inner\">\n\t\t\t\t<div class=\"elementor-element elementor-element-7aa3d66 elementor-widget elementor-widget-heading\" data-id=\"7aa3d66\" data-element_type=\"widget\" data-e-type=\"widget\" data-widget_type=\"heading.default\">\n\t\t\t\t<div class=\"elementor-widget-container\">\n\t\t\t\t\t<h2 class=\"elementor-heading-title elementor-size-default\">Informationen f\u00fcr Besucher<\/h2>\t\t\t\t<\/div>\n\t\t\t\t<\/div>\n\t\t\t\t\t<\/div>\n\t\t\t\t<\/div>\n\t\t<div class=\"elementor-element elementor-element-4e59462 e-flex e-con-boxed e-con e-parent\" data-id=\"4e59462\" data-element_type=\"container\" data-e-type=\"container\">\n\t\t\t\t\t<div class=\"e-con-inner\">\n\t\t\t\t<div class=\"elementor-element elementor-element-a6df5d9 elementor-widget elementor-widget-text-editor\" data-id=\"a6df5d9\" data-element_type=\"widget\" data-e-type=\"widget\" data-widget_type=\"text-editor.default\">\n\t\t\t\t<div class=\"elementor-widget-container\">\n\t\t\t\t\t\t\t\t\t<p><b>HOTEL GARZON PLAZA\u00a0<\/b><b><\/b><\/p><p>Lieber Gast!\u00a0<\/p><p>Willkommen im Hotel Hotel Garzon Plaza**!\u00a0<\/p><p>Vielen Dank, dass Sie sich f\u00fcr unser Hotel entschieden haben. Unser Ziel ist es, Ihren Aufenthalt so angenehm und stressfrei wie m\u00f6glich zu gestalten. Die folgenden Informationen sollen Ihnen helfen, unsere Hoteldienstleistungen und die wichtigsten Dinge f\u00fcr Ihren Aufenthalt kennenzulernen.\u00a0<\/p><p>Wenn Sie Fragen haben, stehen Ihnen unsere Mitarbeiter an der Rezeption 24 Stunden am Tag zur Verf\u00fcgung.\u00a0<br \/>Telefonnummer der Rezeption vom Zimmer aus: 100\u00a0<\/p><p><b>Wichtige Telefonnummern\u00a0<\/b><b><\/b><\/p><p>Empfang: 100\u00a0<br \/>Unser Restaurant: 200\u00a0<br \/>Zimmerservice: 200\u00a0<\/p><p>Notrufnummer: 112\u00a0<\/p><p>\u00a0<\/p><p><b>Digitales G\u00e4steerlebnis\u00a0<\/b><b><\/b><\/p><p>Unser Hotel verbessert st\u00e4ndig seine Dienstleistungen, um unseren G\u00e4sten einen schnelleren und bequemeren Aufenthalt zu erm\u00f6glichen.\u00a0<\/p><p>Automatische Online-Anmeldung und -Abmeldung\u00a0<\/p><p>Previo Alfred erm\u00f6glicht es den G\u00e4sten, vor der Ankunft online einzuchecken und bei der Abreise online auszuchecken.\u00a0<\/p><p>Die Vorteile:\u00a0<\/p><ul><li>schnelle Ankunft, ohne Warteschlangen\u00a0<\/li><li>alle notwendigen Daten k\u00f6nnen im Voraus erfasst werden\u00a0<\/li><li>einfache und sichere Verwaltung\u00a0<\/li><\/ul><p>Smart Room Key - digitaler Zugang\u00a0<\/p><p>Mehrere Zimmer in unserem Hotel sind mit einem intelligenten T\u00fcrgriffsystem ausgestattet.\u00a0<\/p><p>Wie das System funktioniert:\u00a0<\/p><ul><li>ein Code wird unseren G\u00e4sten vor der Ankunft automatisch zugesandt\u00a0<\/li><li>der Code kann verwendet werden, um das Zimmer ohne Schl\u00fcssel oder Empfangspersonal zu \u00f6ffnen\u00a0<\/li><li>der Code ist nur f\u00fcr die Dauer Ihres Aufenthalts g\u00fcltig\u00a0<\/li><\/ul><p>Diese L\u00f6sung erm\u00f6glicht auch eine v\u00f6llig kontaktlose Anreise.\u00a0<\/p><p>\u00a0<\/p><p><b>G\u00e4stef\u00fchrer - Dienstleistungen von ABC\u00a0<\/b><b><\/b><\/p><p>\u00a0<\/p><p><b>A\u00a0<\/b><b><\/b><\/p><p><b>Adapter\u00a0<\/b><b><\/b><\/p><p>Unser Hotel bietet die M\u00f6glichkeit, einen Adapter\/Stecker f\u00fcr den internationalen Gebrauch zu verwenden.\u00a0<br \/>Bitte teilen Sie der Rezeption Ihren Wunsch mit.\u00a0<\/p><p><b>Geschenkgutschein\u00a0<\/b><b><\/b><\/p><p>Wenn Sie Ihren Aufenthalt im Voraus in Form eines Gutscheins bezahlt haben, geben Sie diesen bitte bei Ihrer Ankunft an der Rezeption ab.\u00a0<br \/>Bitte fragen Sie an der Rezeption nach Informationen zum Erwerb eines Geschenkgutscheins.\u00a0<\/p><p><b>Erreichbarkeit\u00a0<\/b><b><\/b><\/p><p>Unser Hotel verf\u00fcgt \u00fcber ein Zimmer f\u00fcr behinderte G\u00e4ste.\u00a0<br \/>Alle \u00f6ffentlichen Bereiche des Hotels sind mit dem Aufzug und f\u00fcr Rollstuhlfahrer zug\u00e4nglich.\u00a0<\/p><p><b>Digger\u00a0<\/b><b><\/b><\/p><p>Waschbare Bettw\u00e4sche ist im Hotel erh\u00e4ltlich.\u00a0<br \/>Bitte teilen Sie der Rezeption Ihren Wunsch mit.\u00a0<\/p><p><b>Wechsel der W\u00e4sche\u00a0<\/b><b><\/b><\/p><p>Die Bettw\u00e4sche wird alle drei N\u00e4chte gewechselt.\u00a0<br \/>Saubere Bettw\u00e4sche wird auf Wunsch t\u00e4glich zur Verf\u00fcgung gestellt.\u00a0<\/p><p><b>GTC\u00a0<\/b><b><\/b><\/p><p>Unsere Allgemeinen Gesch\u00e4ftsbedingungen finden Sie auf unserer Website:\u00a0<br \/><a href=\"https:\/\/garzonplaza.hu\/de\/\">www.garzonplaza.hu<\/a>\u00a0<\/p><p>\u00a0<\/p><p><b>B\u00a0<\/b><b><\/b><\/p><p><b>Baby-Paket\u00a0<\/b><b><\/b><\/p><p>F\u00fcr G\u00e4ste mit Kindern stellen wir die folgende Ausr\u00fcstung zur Verf\u00fcgung, solange der Vorrat reicht:\u00a0<\/p><ul><li>Babybett\u00a0<\/li><li>Babywanne\u00a0<\/li><li>Wasserkocher\u00a0<\/li><\/ul><p><b>Debit- und Kreditkarten\u00a0<\/b><b><\/b><\/p><p>Barzahlung und Kreditkartenzahlung sind in unserem Hotel m\u00f6glich.\u00a0<\/p><p>Akzeptierte Karten:\u00a0<\/p><ul><li>American Express\u00a0<\/li><li>Eurocard\u00a0<\/li><li>Maestro\u00a0<\/li><li>MasterCard\u00a0<\/li><li>Visum\u00a0<\/li><li>Visa-Elektron\u00a0<\/li><\/ul><p>Unser Hotel akzeptiert SZ\u00c9P-Karten (OTP, MKB, K&amp;H).\u00a0<\/p><p><b>Obwohl\u00a0<\/b><b><\/b><\/p><p>An der Bar des Restaurants Cosa Nostra werden die \u00fcblichen Getr\u00e4nke und Spezialit\u00e4ten angeboten.\u00a0<br \/>Wir bieten fast 50 verschiedene Rumsorten an.\u00a0<\/p><p><b>Sicherheit\u00a0<\/b><b><\/b><\/p><p>Zu Ihrer Sicherheit schlie\u00dfen Sie bitte immer die T\u00fcr Ihres Zimmers ab, wenn Sie schlafen oder das Zimmer verlassen.\u00a0<\/p><p><b>Rasierprodukte\u00a0<\/b><b><\/b><\/p><p>Bitte kontaktieren Sie die Rezeption auf Anfrage.\u00a0<\/p><p>\u00a0<\/p><p><b>C\u00a0<\/b><b><\/b><\/p><p><b>Reinigung von Schuhen\u00a0<\/b><b><\/b><\/p><p>Eine Schuhputzmaschine befindet sich in der Lobby, gegen\u00fcber den Aufz\u00fcgen.\u00a0<\/p><p><b>Zustellung von Paketen\u00a0<\/b><b><\/b><\/p><p>Bitte informieren Sie die Rezeption \u00fcber Ihren Gep\u00e4ckbedarf.\u00a0<\/p><p><b>Paket Zimmer\u00a0<\/b><b><\/b><\/p><p>Eine Gep\u00e4ckaufbewahrung steht den G\u00e4sten in der Lobby zur Verf\u00fcgung.\u00a0<\/p><p>\u00a0<\/p><p><b>D\u00a0<\/b><b><\/b><\/p><p><b>Rauchen\u00a0<\/b><b><\/b><\/p><p>Das gesamte Hotel ist ein Nichtraucherhotel.\u00a0<\/p><p>Das Rauchen ist nur in ausgewiesenen Bereichen erlaubt.\u00a0<\/p><p>Wenn Sie im Zimmer rauchen\u00a0<br \/>Es wird eine zus\u00e4tzliche Reinigungsgeb\u00fchr von 15 000 HUF erhoben.\u00a0<\/p><p>\u00a0<\/p><p><b>E\u00a0<\/b><b><\/b><\/p><p><b>Aufwachen\u00a0<\/b><b><\/b><\/p><p>Sie k\u00f6nnen an der Rezeption kostenlos einen Wecker anfordern.\u00a0<\/p><p><b>Abreise\u00a0<\/b><b><\/b><\/p><p>Bitte verlassen Sie das Zimmer am Abreisetag bis 11:00 Uhr.\u00a0<\/p><p>Sie k\u00f6nnen die Rechnung am Vorabend anfordern, um einen reibungslosen Check-out zu gew\u00e4hrleisten.\u00a0<\/p><p>Je nach Verf\u00fcgbarkeit kann ein sp\u00e4ter Check-out beantragt werden.\u00a0<\/p><p><b>Verlorene Gegenst\u00e4nde\u00a0<\/b><b><\/b><\/p><p>Wenn Sie einen wertvollen Gegenstand verloren haben, wenden Sie sich bitte an die Rezeption.\u00a0<\/p><p><b>Regenschirm\u00a0<\/b><b><\/b><\/p><p>Den G\u00e4sten steht w\u00e4hrend ihres Aufenthalts kostenlos ein Regenschirm zur Verf\u00fcgung.\u00a0<\/p><p><b>\u00a0<\/b><b><\/b><\/p><p><b>Restaurant\u00a0<\/b><b><\/b><\/p><p>Restaurant Pasta Nostra\u00a0<\/p><p>Das Hotelrestaurant Pasta Nostra verw\u00f6hnt seine G\u00e4ste mit frischer italienischer K\u00fcche, handwerklich hergestellter Pasta und Gerichten aus hochwertigen Zutaten.\u00a0<\/p><p>Das Restaurant bietet:\u00a0<\/p><ul><li>Frische handwerklich hergestellte Nudeln\u00a0<\/li><li>Neapolitanische Pizzen mit italienischen Zutaten\u00a0<\/li><li>Hausgemachte Desserts\u00a0<\/li><li>gro\u00dfe Auswahl an Getr\u00e4nken (zu University Club-Preisen)\u00a0<\/li><\/ul><p>\u00d6ffnungszeiten:\u00a0<\/p><p>V-Cs 17:00 - 22:00\u00a0<\/p><p>Fr-Sa 17:00 - 23:00\u00a0<\/p><p>Das Restaurant ist der ideale Ort f\u00fcr ein gem\u00fctliches Abendessen oder ein Treffen mit Freunden.\u00a0<\/p><p>Buchen Sie einen Billardtisch zu einem g\u00fcnstigen Preis\u00a0<\/p><p>\u00a0<\/p><p>\u00a0<\/p><p><b>F\u00a0<\/b><b><\/b><\/p><p><b>Fax\u00a0<\/b><b><\/b><\/p><p>Ein Faxservice ist an der Rezeption erh\u00e4ltlich.\u00a0<\/p><p>Fax-Nummer:\u00a0<br \/>+36 96 900 500\u00a0<\/p><p><b>Fotokopieren, Drucken\u00a0<\/b><b><\/b><\/p><p>Fotokopier- und Druckdienste sind an der Rezeption erh\u00e4ltlich.\u00a0<\/p><p><b>Kamm\u00a0<\/b><b><\/b><\/p><p>Bitte kontaktieren Sie die Rezeption auf Anfrage.\u00a0<\/p><p><b>Zahnb\u00fcrste und Zahnpasta\u00a0<\/b><b><\/b><\/p><p>Bitte kontaktieren Sie die Rezeption auf Anfrage.\u00a0<\/p><p><b>Bademantel\u00a0<\/b><b><\/b><\/p><p>In allen Zimmern sind Badem\u00e4ntel vorhanden.\u00a0<\/p><p><b>Badezimmerwaage\u00a0<\/b><b><\/b><\/p><p>Begrenzte Verf\u00fcgbarkeit. Bitte kontaktieren Sie die Rezeption.\u00a0<\/p><p><b>Heizung\u00a0<\/b><b><\/b><\/p><p>Die Zimmer verf\u00fcgen \u00fcber eine individuell regelbare Heizk\u00f6rperheizung.\u00a0<\/p><p>\u00a0<\/p><p><b>G\u00a0<\/b><b><\/b><\/p><p><b>Baby-Bettchen\u00a0<\/b><b><\/b><\/p><p>Bitte informieren Sie die Rezeption, wenn Sie dies w\u00fcnschen.\u00a0<\/p><p><b>Kinderbetreuung\u00a0<\/b><b><\/b><\/p><p>Bitte wenden Sie sich an die Rezeption, um Informationen zur Kinderbetreuung zu erhalten.\u00a0<\/p><p><b>Apotheke\u00a0<\/b><b><\/b><\/p><p>Apothekenprodukte sind an der Rezeption erh\u00e4ltlich.\u00a0<\/p><p>\u00a0<\/p><p><b>H\u00a0<\/b><b><\/b><\/p><p><b>Haartrockner\u00a0<\/b><b><\/b><\/p><p>Im Badezimmer jedes Zimmers ist ein Haartrockner vorhanden.\u00a0<\/p><p><b>Haustiere\u00a0<\/b><b><\/b><\/p><p>Haustiere (Hunde, Katzen) k\u00f6nnen gegen eine Geb\u00fchr und unter Aufsicht in ausgewiesenen Standardzimmern untergebracht werden.\u00a0<\/p><p>\u00a0<\/p><p><b>I\u00a0<\/b><b><\/b><\/p><p><b>Reiseleiter\u00a0<\/b><b><\/b><\/p><p>Bei Bedarf k\u00f6nnen wir Ihnen bei der Organisation eines F\u00fchrers behilflich sein.\u00a0<\/p><p><b>Internet\u00a0<\/b><b><\/b><\/p><p>Kostenloses WiFi ist im gesamten Hotel verf\u00fcgbar.\u00a0<br \/>F\u00fcr die Verbindung ist kein Passwort erforderlich.\u00a0<\/p><p>An der Rezeption steht auch ein G\u00e4stecomputer zur Verf\u00fcgung.\u00a0<\/p><p><b>Anbetung\u00a0<\/b><b><\/b><\/p><p>Informationen \u00fcber die Kirche und die Gottesdienstzeiten sind an der Rezeption erh\u00e4ltlich.\u00a0<\/p><p>\u00a0<\/p><p><b>J\u00a0<\/b><b><\/b><\/p><p><b>Eisw\u00fcrfel\u00a0<\/b><b><\/b><\/p><p>Erh\u00e4ltlich beim Zimmerservice.\u00a0<\/p><p>Telefon: 200\u00a0<\/p><p>\u00a0<\/p><p><b>K\u00a0<\/b><b><\/b><\/p><p><b>Wartung\u00a0<\/b><b><\/b><\/p><p>Sollten Sie eine St\u00f6rung in Ihrem Zimmer feststellen, melden Sie diese bitte an der Rezeption.\u00a0<\/p><p><b>Abmeldung\u00a0<\/b><b><\/b><\/p><p>Bitte verlassen Sie das Zimmer am Abreisetag bis 11:00 Uhr.\u00a0<\/p><p>Wenn Sie online auschecken, k\u00f6nnen Sie den Vorgang auch \u00fcber Previo Alfred abwickeln, so dass Sie schnell und einfach abreisen k\u00f6nnen.\u00a0<\/p><p>\u00a0<\/p><p><b>Vermietung von Fahrr\u00e4dern\u00a0<\/b><b><\/b><\/p><p>Die Stadt Gy\u0151r verf\u00fcgt \u00fcber ein kommunales Fahrradsystem.\u00a0<br \/>Weitere Informationen:\u00a0<br \/><a href=\"http:\/\/www.gyorbike.hu\/\" target=\"_blank\" rel=\"noopener\">www.gyorbike.hu<\/a>\u00a0<\/p><p><b>Zentraler Tresor\u00a0<\/b><b><\/b><\/p><p>Ein zentraler Safe ist an der Rezeption vorhanden.\u00a0<\/p><p>\u00a0<\/p><p><b>L\u00a0<\/b><b><\/b><\/p><p><b>Laptop\u00a0<\/b><b><\/b><\/p><p>An der Rezeption erhalten Sie Unterst\u00fctzung bei der Nutzung von Computern und Laptops.\u00a0<br \/>Verf\u00fcgbar: 08:00-16:00\u00a0<\/p><p>\u00a0<\/p><p><b>M\u00a0<\/b><b><\/b><\/p><p><b>Massage\u00a0<\/b><b><\/b><\/p><p>Der Massageservice wird im 2. Stock des Hotels angeboten.\u00a0<\/p><p><b>Fluchtweg\u00a0<\/b><b><\/b><\/p><p>Im Falle eines Brandes folgen Sie dem Fluchtweg an der Zimmert\u00fcr.\u00a0<\/p><p><b>Minibar\u00a0<\/b><b><\/b><\/p><p>Die Minibar ist gegen eine Geb\u00fchr erh\u00e4ltlich.\u00a0<\/p><p>\u00a0<\/p><p><b>M (Forts.)\u00a0<\/b><b><\/b><\/p><p><b>Waschen\u00a0<\/b><b><\/b><\/p><p>W\u00e4scheservice verf\u00fcgbar.\u00a0<br \/>Wenn sie vor 09:00 Uhr eingereicht wird, ist sie innerhalb von 12 Stunden fertig.\u00a0<\/p><p>\u00a0<\/p><p><b>N\u00a0<\/b><b><\/b><\/p><p><b>Tageszeitungen\u00a0<\/b><b><\/b><\/p><p>In der Lobby liegen t\u00e4glich frische Zeitungen aus.\u00a0<\/p><p><b>\u00d6ffentliches Telefon\u00a0<\/b><b><\/b><\/p><p>Ein \u00f6ffentliches Telefon ist an der Rezeption verf\u00fcgbar.\u00a0<\/p><p>\u00a0<\/p><p><b>O\u00a0<\/b><b><\/b><\/p><p><b>Doktor\u00a0<\/b><b><\/b><\/p><p>Bitte wenden Sie sich an die Rezeption, um medizinische Hilfe zu erhalten.\u00a0<\/p><p>\u00a0<\/p><p><b>P\u00a0<\/b><b><\/b><\/p><p><b>Bearbeitung von Beschwerden\u00a0<\/b><b><\/b><\/p><p>Bitte wenden Sie sich an die Rezeption, wenn Sie w\u00e4hrend Ihres Aufenthalts irgendwelche Anmerkungen haben.\u00a0<\/p><p><b>Hausschuhe\u00a0<\/b><b><\/b><\/p><p>Hausschuhe sind in allen Zimmern vorhanden.\u00a0<\/p><p><b>Men\u00fc Kopfkissen\u00a0<\/b><b><\/b><\/p><p>Es stehen f\u00fcnf Kissen zur Auswahl.\u00a0<\/p><p><b>Parken\u00a0<\/b><b><\/b><\/p><p>F\u00fcr unsere G\u00e4ste stehen Parkpl\u00e4tze zur Verf\u00fcgung:\u00a0<\/p><p>Kostenloses Parken\u00a0<br \/>vor dem Hotel\u00a0<\/p><p>Bewachter Parkplatz\u00a0<br \/>mit Schranke und Kamera\u00a0<br \/>1900 Ft \/ Nacht\u00a0<\/p><p>\u00a0<\/p><p><b>Zus\u00e4tzliches Bett\u00a0<\/b><b><\/b><\/p><p>Einige Zimmer haben Zusatzbetten.\u00a0<\/p><p><b>Programmverwaltung\u00a0<\/b><b><\/b><\/p><p>Unser Hotelpersonal wird Ihnen bei der Organisation Ihres Programms behilflich sein.\u00a0<\/p><p>\u00a0<\/p><p><b>R\u00a0<\/b><b><\/b><\/p><p><b>Radio\u00a0<\/b><b><\/b><\/p><p>Radiosender sind \u00fcber das TV-Men\u00fc verf\u00fcgbar.\u00a0<\/p><p><b>Fr\u00fchst\u00fcck\u00a0<\/b><b><\/b><\/p><p>Im Zimmerpreis ist ein Fr\u00fchst\u00fccksbuffet enthalten, das im Fr\u00fchst\u00fccksraum in der Lobby serviert wird.\u00a0<\/p><p>Datum:\u00a0<br \/>07:00 - 10:00\u00a0<\/p><p>Bei vorzeitiger Abreise ist auf Anfrage ein Kaltgetr\u00e4nkefr\u00fchst\u00fcck erh\u00e4ltlich.\u00a0<\/p><p>\u00a0<\/p><p><b>Fr\u00fchst\u00fcck auf dem Zimmer\u00a0<\/b><b><\/b><\/p><p>Sie k\u00f6nnen mit der Bestellkarte, die im Zimmer ausliegt, bestellen.\u00a0<\/p><p><b>Fr\u00fchst\u00fccksk\u00fchlpackung\u00a0<\/b><b><\/b><\/p><p>Verf\u00fcgbar f\u00fcr fr\u00fche Abreise.\u00a0<\/p><p><b>Kleidung\u00a0<\/b><b><\/b><\/p><p>Bitte tragen Sie beim Besuch des Restaurants angemessene Kleidung.\u00a0<\/p><p>\u00a0<\/p><p><b>S\u00a0<\/b><b><\/b><\/p><p><b>Stuhl im Badezimmer\u00a0<\/b><b><\/b><\/p><p>Erh\u00e4ltlich an der Rezeption.\u00a0<\/p><p><b>Safe im Zimmer\u00a0<\/b><b><\/b><\/p><p>In den Zimmersafes k\u00f6nnen Wertsachen aufbewahrt werden.\u00a0<\/p><p>\u00a0<\/p><p><b>T\u00a0<\/b><b><\/b><\/p><p><b>Reinigung\u00a0<\/b><b><\/b><\/p><p>T\u00e4gliche Reinigung: 07:00-15:00\u00a0<\/p><p><b>Decke, Kopfkissen\u00a0<\/b><b><\/b><\/p><p>Zus\u00e4tzliche Decken und Kopfkissen sind auf Anfrage erh\u00e4ltlich.\u00a0<\/p><p><b>Ein Taxi bestellen\u00a0<\/b><b><\/b><\/p><p>Sie k\u00f6nnen \u00fcber die Rezeption bestellen.\u00a0<\/p><p><b>Karte\u00a0<\/b><b><\/b><\/p><p>Stadtpl\u00e4ne von Gy\u0151r sind an der Rezeption erh\u00e4ltlich.\u00a0<\/p><p><b>Aufladestation\u00a0<\/b><b><\/b><\/p><p>Ladeger\u00e4te f\u00fcr elektrische Ger\u00e4te sind auf Anfrage erh\u00e4ltlich.\u00a0<\/p><p><b>\u00dcbertragung\u00a0<\/b><b><\/b><\/p><p>Wir k\u00f6nnen Flughafentransfers arrangieren.\u00a0<\/p><p><b>Reinigungsmittel\u00a0<\/b><b><\/b><\/p><p>Zus\u00e4tzliche Toilettenartikel k\u00f6nnen an der Rezeption angefordert werden.\u00a0<\/p><p><b>Turndown-Service\u00a0<\/b><b><\/b><\/p><p>Abendbetten sind auf Anfrage erh\u00e4ltlich.\u00a0<\/p><p><b>TV-Kan\u00e4le\u00a0<\/b><b><\/b><\/p><p>Unsere Zimmer sind mit einem modernen TV-Ger\u00e4t mit einer gro\u00dfen Auswahl an ungarischen und internationalen Kan\u00e4len ausgestattet.\u00a0<\/p><p>Die Kanalliste kann mit der Taste CH LIST auf der Fernbedienung aufgerufen werden.\u00a0<\/p><p><b>Ungarische Kan\u00e4le\u00a0<\/b><b><\/b><\/p><ol><li>M1 HD - Nachrichten, Politik\u00a0<\/li><li>M2 HD - Kinder, Kultur\u00a0<\/li><li>Duna HD - Allgemeines\u00a0<\/li><li>M4 Sport HD - Sport\u00a0<\/li><li>M5 HD - Allgemeines\u00a0<\/li><li>Duna World \/ M4 Sport+ HD - Allgemeines\u00a0<\/li><li>RTL - Allgemein\u00a0<\/li><li>TV2 - Allgemein\u00a0<\/li><li>MAX4 - Baureihe\u00a0<\/li><li>Spektrum Home - Ausbildung\u00a0<\/li><\/ol><p>\u00a0<\/p><p><b>Internationale Nachrichtensender (Englisch)\u00a0<\/b><b><\/b><\/p><ol start=\"11\"><li>CNN International Europa\u00a0<\/li><li>BBC Nachrichten HD\u00a0<\/li><li>Sky News International\u00a0<\/li><li>One America Nachrichten HD\u00a0<\/li><li>DW Englisch HD\u00a0<\/li><li>France 24 (auf Englisch)\u00a0<\/li><li>Al Jazeera Englisch HD\u00a0<\/li><li>NHK Welt HD\u00a0<\/li><\/ol><p>\u00a0<\/p><p><b>Englischsprachige Kan\u00e4le - allgemein\u00a0<\/b><b><\/b><\/p><ol start=\"19\"><li>TRT Welt HD\u00a0<\/li><li>Bloomberg Europa\u00a0<\/li><li>AWE HD\u00a0<\/li><li>Ayozat TV HD\u00a0<\/li><\/ol><p>\u00a0<\/p><p><b>Englischsprachige Bildungskan\u00e4le\u00a0<\/b><b><\/b><\/p><ol start=\"23\"><li>Outdoor-Kanal HD\u00a0<\/li><li>MVMT HD\u00a0<\/li><li>Wild TV HD\u00a0<\/li><li>World Fishing Network HD\u00a0<\/li><\/ol><p>\u00a0<\/p><p><b>Englischsprachige Sportkan\u00e4le\u00a0<\/b><b><\/b><\/p><ol start=\"27\"><li>Sport First HD\u00a0<\/li><li>World Poker Tour HD\u00a0<\/li><li>Cricket Gold HD\u00a0<\/li><li>Bare Knuckles Fighting HD\u00a0<\/li><\/ol><p>\u00a0<\/p><p><b>Deutschsprachige Nachrichtensender\u00a0<\/b><b><\/b><\/p><ol start=\"31\"><li>ZDF info HD\u00a0<\/li><li>Welt\u00a0<\/li><\/ol><p>\u00a0<\/p><p><b>Allgemeine Kan\u00e4le auf Deutsch\u00a0<\/b><b><\/b><\/p><ol start=\"33\"><li>3sat HD\u00a0<\/li><li>RTL \u00d6sterreich\u00a0<\/li><li>RTL 2 \u00d6sterreich\u00a0<\/li><li>VOX \u00d6sterreich\u00a0<\/li><li>VOX aufw\u00e4rts\u00a0<\/li><li>Sa 1\u00a0<\/li><li>Sat 1 Gold\u00a0<\/li><li>ProSieben\u00a0<\/li><li>ProSieben MAXX\u00a0<\/li><li>Kabel 1\u00a0<\/li><li>Sixx\u00a0<\/li><\/ol><p>\u00a0<\/p><p><b>Deutschsprachige TV-Sender\u00a0<\/b><b><\/b><\/p><ol start=\"44\"><li>Serie+\u00a0<\/li><li>Kriminalit\u00e4tszeit\u00a0<\/li><\/ol><p>\u00a0<\/p><p><b>Deutschsprachige Bildungskan\u00e4le\u00a0<\/b><b><\/b><\/p><ol start=\"46\"><li>Kabel 1 Dokumentarfilm\u00a0<\/li><li>Xplore\u00a0<\/li><li>Eine Terra\u00a0<\/li><li>H\u00f6henrausch\u00a0<\/li><li>Einfach kochen\u00a0<\/li><\/ol><p>\u00a0<\/p><p><b>Deutschsprachige Sportkan\u00e4le\u00a0<\/b><b><\/b><\/p><ol start=\"51\"><li>Nur Fischen\u00a0<\/li><li>Sport Mix HD\u00a0<\/li><li>Eurosport Deutschland\u00a0<\/li><\/ol><p>\u00a0<\/p><p><b>Deutschsprachige Kinderkan\u00e4le\u00a0<\/b><b><\/b><\/p><ol start=\"54\"><li>KiKa HD\u00a0<\/li><li>Super RTL \u00d6sterreich\u00a0<\/li><\/ol><p>\u00a0<\/p><p><b>Deutschsprachige Musikkan\u00e4le\u00a0<\/b><b><\/b><\/p><ol start=\"56\"><li>Luxus-Tanz\u00a0<\/li><li>Luxus-Rap\u00a0<\/li><\/ol><p>\u00a0<\/p><p><b>Kan\u00e4le in italienischer Sprache\u00a0<\/b><b><\/b><\/p><ol start=\"58\"><li>Rai News 24 HD - Nachrichten\u00a0<\/li><li>Rai 1 HD - Allgemeines\u00a0<\/li><li>Rai 2 HD - Allgemeines\u00a0<\/li><li>Rai 3 HD - Allgemeines\u00a0<\/li><li>Wedotv Filme HD - Filme\u00a0<\/li><li>Uninettuno University TV - Bildung\u00a0<\/li><li>EQUtv - Sport\u00a0<\/li><li>Rai Gulp HD - Kind\u00a0<\/li><\/ol><p>\u00a0<\/p><p><b>Kan\u00e4le in russischer Sprache\u00a0<\/b><b><\/b><\/p><ol start=\"66\"><li>Svoboda Nachrichten - Nachrichten\u00a0<\/li><li>DW Russian HD - Nachrichten\u00a0<\/li><li>Svoboda HD - Allgemeines\u00a0<\/li><li>Svoboda+ - allgemein\u00a0<\/li><li>TV8 HD - Allgemein\u00a0<\/li><\/ol><p>\u00a0<\/p><p><b>Kan\u00e4le in spanischer Sprache\u00a0<\/b><b><\/b><\/p><ol start=\"71\"><li>24 Horas HD - Nachrichten\u00a0<\/li><li>Telesur HD - Nachrichten\u00a0<\/li><li>TVE Internacional HD - Allgemeines\u00a0<\/li><li>Cubavision Internacional HD - Allgemeines\u00a0<\/li><\/ol><p>\u00a0<\/p><p><b>Kan\u00e4le in franz\u00f6sischer Sprache\u00a0<\/b><b><\/b><\/p><ol start=\"75\"><li>France 24 (en Fran\u00e7ais) - Nachrichten\u00a0<\/li><li>TV5 Monde HD - Allgemein\u00a0<\/li><li>TV Monaco HD - Allgemeines\u00a0<\/li><\/ol><p>\u00a0<\/p><p><b>Polnische Sender\u00a0<\/b><b><\/b><\/p><ol start=\"78\"><li>Polonia 1 - allgemein\u00a0<\/li><li>Tele 5 Polska - Allgemeines\u00a0<\/li><\/ol><p>\u00a0<\/p><p><b>Rum\u00e4nischer Kanal\u00a0<\/b><b><\/b><\/p><ol start=\"80\"><li>TV Romania International - Allgemeines\u00a0<\/li><\/ol><p>\u00a0<\/p><p><b>Radio-Kan\u00e4le\u00a0<\/b><b><\/b><\/p><ol start=\"101\"><li>Radio Kossuth\u00a0<\/li><li>Pet\u0151fi Radio\u00a0<\/li><li>Bart\u00f3k Radio\u00a0<\/li><li>Dank\u00f3 Radio\u00a0<\/li><\/ol><p>\u00a0<\/p><p>\u00a0<\/p><p><b>BRANDSICHERHEITSVORSCHRIFTEN\u00a0<\/b><b><\/b><\/p><ul><li>Keine brennbaren Materialien einf\u00fchren\u00a0<\/li><li>Das Hotel ist ein Nichtraucherhotel\u00a0<\/li><li>Befolgen Sie den Fluchtweg im Falle eines Brandes\u00a0<\/li><li>Benachrichtigen Sie die Rezeption unter der Durchwahl 100\u00a0<\/li><\/ul><p>Im Falle eines Brandes ist der Aufzug nicht erlaubt.\u00a0<\/p><p>\u00a0<\/p><p><b>V\u00a0<\/b><b><\/b><\/p><p><b>N\u00e4hservice\u00a0<\/b><b><\/b><\/p><p>Bitte kontaktieren Sie die Rezeption auf Anfrage.\u00a0<\/p><p><b>B\u00fcgeln\u00a0<\/b><b><\/b><\/p><p>B\u00fcgelservice innerhalb einer Stunde.\u00a0<\/p><p><b>Sightseeing\u00a0<\/b><b><\/b><\/p><p>F\u00fcr Informationen \u00fcber Programme und Attraktionen wenden Sie sich bitte an die Rezeption.\u00a0<\/p><p><b>Chemische Reinigung\u00a0<\/b><b><\/b><\/p><p>Innerhalb von 24 Stunden verf\u00fcgbar.\u00a0<\/p><p><b>Blume\u00a0<\/b><b><\/b><\/p><p>Bestellen Sie Blumen \u00fcber die Rezeption.\u00a0<\/p><p><b>Kessel\u00a0<\/b><b><\/b><\/p><p>Ein Wasserkocher ist in jedem Zimmer vorhanden.\u00a0<\/p><p>\u00a0<\/p><p><b>W\u00a0<\/b><b><\/b><\/p><p><b>Wellness und Fitness\u00a0<\/b><b><\/b><\/p><p>Verf\u00fcgbar im Wellnessbereich unseres Hotels:\u00a0<\/p><ul><li>Pool\u00a0<\/li><li>Jacuzzi\u00a0<\/li><li>Infrarotsauna\u00a0<\/li><li>Massage\u00a0<\/li><li>Fitnessstudio\u00a0<\/li><\/ul><p>\u00d6ffnungszeiten: 07:00 - 21:00\u00a0<\/p><p><b>WiFi\u00a0<\/b><b><\/b><\/p><p>Kostenloses High-Speed-WiFi-Internet ist im gesamten Hotel verf\u00fcgbar.\u00a0<\/p><p>Anmeldung: Gast Passwort: GarzonTheBest\u00a0<\/p><p><b>Wir w\u00fcnschen Ihnen eine gute Erholung!\u00a0<\/b><b><\/b><\/p><p>Wir w\u00fcnschen Ihnen einen angenehmen Aufenthalt und hoffen, dass Sie bald wieder bei uns zu Gast sind.\u00a0<\/p><p>Hotel Garzon Plaza**\u00a0<br \/>\u201eDer Komfort von zu Hause f\u00fcr unsere G\u00e4ste\u201d\u00a0<\/p>\t\t\t\t\t\t\t\t<\/div>\n\t\t\t\t<\/div>\n\t\t\t\t\t<\/div>\n\t\t\t\t<\/div>\n\t\t\t\t<\/div>","protected":false},"excerpt":{"rendered":"<p>Vend\u00e9gt\u00e1j\u00e9koztat\u00f3 HOTEL GARZON PLAZA\u00a0 Kedves Vend\u00e9g\u00fcnk!\u00a0 Szeretettel k\u00f6sz\u00f6ntj\u00fck a\u00a0Hotel Garzon Plaza** sz\u00e1llod\u00e1ban!\u00a0 K\u00f6sz\u00f6nj\u00fck, hogy sz\u00e1llod\u00e1nkat v\u00e1lasztotta. C\u00e9lunk, hogy tart\u00f3zkod\u00e1sa a lehet\u0151 legk\u00e9nyelmesebb \u00e9s legz\u00f6kken\u0151mentesebb legyen. Az al\u00e1bbi t\u00e1j\u00e9koztat\u00f3 seg\u00edt megismerni sz\u00e1llod\u00e1nk szolg\u00e1ltat\u00e1sait \u00e9s az itt tart\u00f3zkod\u00e1s legfontosabb tudnival\u00f3it.\u00a0 Amennyiben b\u00e1rmilyen k\u00e9rd\u00e9se mer\u00fcl fel, munkat\u00e1rsaink k\u00e9szs\u00e9ggel \u00e1llnak rendelkez\u00e9s\u00e9re a recepci\u00f3n, a nap 24 \u00f3r\u00e1j\u00e1ban.\u00a0Recepci\u00f3 telefonsz\u00e1ma a [&hellip;]<\/p>\n","protected":false},"author":4,"featured_media":0,"parent":0,"menu_order":0,"comment_status":"closed","ping_status":"closed","template":"","meta":{"footnotes":""},"class_list":["post-8022","page","type-page","status-publish","hentry","entry","owp-thumbs-layout-horizontal","owp-btn-normal","owp-tabs-layout-horizontal","has-no-thumbnails","has-product-nav"],"_links":{"self":[{"href":"https:\/\/garzonplaza.hu\/de\/wp-json\/wp\/v2\/pages\/8022","targetHints":{"allow":["GET"]}}],"collection":[{"href":"https:\/\/garzonplaza.hu\/de\/wp-json\/wp\/v2\/pages"}],"about":[{"href":"https:\/\/garzonplaza.hu\/de\/wp-json\/wp\/v2\/types\/page"}],"author":[{"embeddable":true,"href":"https:\/\/garzonplaza.hu\/de\/wp-json\/wp\/v2\/users\/4"}],"replies":[{"embeddable":true,"href":"https:\/\/garzonplaza.hu\/de\/wp-json\/wp\/v2\/comments?post=8022"}],"version-history":[{"count":10,"href":"https:\/\/garzonplaza.hu\/de\/wp-json\/wp\/v2\/pages\/8022\/revisions"}],"predecessor-version":[{"id":8032,"href":"https:\/\/garzonplaza.hu\/de\/wp-json\/wp\/v2\/pages\/8022\/revisions\/8032"}],"wp:attachment":[{"href":"https:\/\/garzonplaza.hu\/de\/wp-json\/wp\/v2\/media?parent=8022"}],"curies":[{"name":"wp","href":"https:\/\/api.w.org\/{rel}","templated":true}]}}