{"id":6649,"date":"2025-01-04T09:42:13","date_gmt":"2025-01-04T08:42:13","guid":{"rendered":"https:\/\/garzonplaza.hu\/?post_type=product&#038;p=6649"},"modified":"2025-10-13T08:19:27","modified_gmt":"2025-10-13T07:19:27","slug":"regisztracios-dij-regiseg-vasarra","status":"publish","type":"product","link":"https:\/\/garzonplaza.hu\/de\/produkt-2\/regisztracios-dij-regiseg-vasarra\/","title":{"rendered":"Kauf einer Ausstellungsfl\u00e4che \/ eines Zeltes"},"content":{"rendered":"<p><strong>18. Oktober 2025.<\/strong> \u00a0Die Antiquit\u00e4tenmesse findet im Innenhof des Schlosses statt. In diesem Herbst k\u00f6nnen wir gegen eine Geb\u00fchr ein 5 x 3 m gro\u00dfes Zelt mit einem \u00fcberdachten Bereich ohne Tisch zur Verf\u00fcgung stellen.<\/p>\n<ul>\n<li>\n<ul>\n<li>\n<ul>\n<li>A-1 bis A-4 nur f\u00fcr Food Trucks, Doppelparker ohne Zelt und Energie, 35 e ft<\/li>\n<li>1-13 -ig 12 e Ft \/ Zelt<\/li>\n<li>14-24 -ig 10 e Ft \/ Zelt<\/li>\n<li>42-50 bis zu 8 e Ft\/Zelt<\/li>\n<li>25-41 -ig 6 e Ft \/ Zelt<\/li>\n<li>51-62 bis zu 6 e Ft \/ Zelt<\/li>\n<\/ul>\n<\/li>\n<\/ul>\n<\/li>\n<\/ul>\n<p>Leider k\u00f6nnen wir keine Flohmarktaussteller aus Lomis zulassen, wir wollen eine qualitativ hochwertige Antiquit\u00e4tenmesse!<\/p>\n<p>Parken ist au\u00dferhalb des Schlosses m\u00f6glich, mit regul\u00e4ren Parkpl\u00e4tzen an der Hauptstra\u00dfe und Zugang zum Parkplatz vor dem Fu\u00dfballplatz.  Bitte laden Sie aus und verlassen Sie das Gel\u00e4nde bis sp\u00e4testens 7 Uhr morgens. Die Tore des Schlosses werden f\u00fcr die Aussteller um 5 Uhr morgens ge\u00f6ffnet! Die Aussteller d\u00fcrfen das Gel\u00e4nde ab 14:00 Uhr verlassen.<\/p>","protected":false},"excerpt":{"rendered":"<p>Die Zahlung der Anmeldegeb\u00fchr ist eine Bedingung f\u00fcr die Teilnahme an der Ausstellung. Es sind keine weiteren Geb\u00fchren zu entrichten!<\/p>","protected":false},"featured_media":6651,"template":"","meta":[],"product_brand":[],"product_cat":[18],"product_tag":[],"class_list":{"0":"post-6649","1":"product","2":"type-product","3":"status-publish","4":"has-post-thumbnail","6":"product_cat-egyeb","8":"entry","9":"has-media","11":"first","12":"instock","13":"virtual","14":"sold-individually","15":"purchasable","16":"product-type-auditorium","17":"has-product-nav","18":"col","19":"span_1_of_3","20":"owp-content-center","21":"owp-thumbs-layout-horizontal","22":"owp-btn-normal","23":"owp-tabs-layout-horizontal","24":"has-no-thumbnails"},"_links":{"self":[{"href":"https:\/\/garzonplaza.hu\/de\/wp-json\/wp\/v2\/product\/6649","targetHints":{"allow":["GET"]}}],"collection":[{"href":"https:\/\/garzonplaza.hu\/de\/wp-json\/wp\/v2\/product"}],"about":[{"href":"https:\/\/garzonplaza.hu\/de\/wp-json\/wp\/v2\/types\/product"}],"wp:featuredmedia":[{"embeddable":true,"href":"https:\/\/garzonplaza.hu\/de\/wp-json\/wp\/v2\/media\/6651"}],"wp:attachment":[{"href":"https:\/\/garzonplaza.hu\/de\/wp-json\/wp\/v2\/media?parent=6649"}],"wp:term":[{"taxonomy":"product_brand","embeddable":true,"href":"https:\/\/garzonplaza.hu\/de\/wp-json\/wp\/v2\/product_brand?post=6649"},{"taxonomy":"product_cat","embeddable":true,"href":"https:\/\/garzonplaza.hu\/de\/wp-json\/wp\/v2\/product_cat?post=6649"},{"taxonomy":"product_tag","embeddable":true,"href":"https:\/\/garzonplaza.hu\/de\/wp-json\/wp\/v2\/product_tag?post=6649"}],"curies":[{"name":"wp","href":"https:\/\/api.w.org\/{rel}","templated":true}]}}