{"id":7546,"date":"2025-09-30T07:18:46","date_gmt":"2025-09-30T06:18:46","guid":{"rendered":"https:\/\/garzonplaza.hu\/?post_type=product&#038;p=7546"},"modified":"2025-12-10T09:39:59","modified_gmt":"2025-12-10T08:39:59","slug":"bridgerton-silvester","status":"publish","type":"product","link":"https:\/\/garzonplaza.hu\/de\/produkt-2\/bridgerton-silvester\/","title":{"rendered":"\u2728 Bridgerton Silvester im Schloss F\u00f6ldv\u00e1ry \u2728"},"content":{"rendered":"<p data-start=\"159\" data-end=\"245\">\u2728 <strong data-start=\"161\" data-end=\"209\">Bridgerton Silvester im Schloss F\u00f6ldv\u00e1ry<\/strong> \u2728<br data-start=\"211\" data-end=\"214\" \/>\u00d6ttev\u00e9ny - 31. Dezember 2025.<\/p>\n<p data-start=\"247\" data-end=\"340\">Treten Sie ein in die Welt von Bridgerton und verabschieden Sie das neue Jahr mit einem unvergesslichen Schlossball! \ud83c\udfa9\ud83d\udc52<\/p>\n<p data-start=\"342\" data-end=\"373\">\ud83c\udf7d <strong data-start=\"345\" data-end=\"371\">Gastronomische Erlebnisse<\/strong><\/p>\n<ul data-start=\"374\" data-end=\"553\">\n<li data-start=\"374\" data-end=\"457\">\n<p data-start=\"376\" data-end=\"457\">18:00-21:00 Uhr: Silvesterbuffet mit den besten Gerichten<\/p>\n<\/li>\n<li data-start=\"458\" data-end=\"553\">\n<p data-start=\"460\" data-end=\"553\">Mitternachtsessen: Wurst- und Linsensuppe und ein reichhaltiges kaltes Gericht als Gl\u00fccksbringer f\u00fcr das neue Jahr<\/p>\n<\/li>\n<\/ul>\n<p data-start=\"555\" data-end=\"581\">\ud83e\udd42 <strong data-start=\"558\" data-end=\"579\">Getr\u00e4nke &amp; Atmosph\u00e4re<\/strong><\/p>\n<ul data-start=\"582\" data-end=\"794\">\n<li data-start=\"582\" data-end=\"681\">\n<p data-start=\"584\" data-end=\"681\">19:00-01:00: unbegrenztes Getr\u00e4nkepaket (Wodka, Schnaps, J\u00e4ger, Bacardi und vieles mehr)<\/p>\n<\/li>\n<li data-start=\"682\" data-end=\"755\">\n<p data-start=\"684\" data-end=\"755\">Bei der Ankunft: Gl\u00fchwein und ger\u00f6stete Kastanien in einer \"Vellcom-Drink\"-Atmosph\u00e4re<\/p>\n<\/li>\n<li data-start=\"756\" data-end=\"794\">\n<p data-start=\"758\" data-end=\"794\">Der mittern\u00e4chtliche Sektumtrunk im Preis<\/p>\n<\/li>\n<\/ul>\n<p data-start=\"796\" data-end=\"825\">\ud83c\udf86 <strong data-start=\"799\" data-end=\"823\">Programme &amp; Erfahrungen<\/strong><\/p>\n<ul data-start=\"826\" data-end=\"929\">\n<li data-start=\"826\" data-end=\"866\">\n<p data-start=\"828\" data-end=\"866\">Spektakul\u00e4res Feuerwerk im Schlosspark<\/p>\n<\/li>\n<li data-start=\"867\" data-end=\"929\">\n<p data-start=\"869\" data-end=\"929\">Stilvolle Fotoecke zur Bewahrung der Erinnerungen an den Bridgerton-Ball<\/p>\n<\/li>\n<\/ul>\n<p data-start=\"931\" data-end=\"1087\">\ud83d\udcab Ziehen Sie sich schick an, bringen Sie Ihre Freunde mit und nehmen Sie an einem echten Schloss-Silvester teil, wo die Eleganz der Vergangenheit auf die Feierlichkeiten der Gegenwart trifft!<\/p>\n<p data-start=\"1089\" data-end=\"1134\">\ud83d\udccd <strong data-start=\"1092\" data-end=\"1105\">Standort:<\/strong> Schloss F\u00f6ldv\u00e1ry, \u00d6ttev\u00e9ny<\/p>","protected":false},"excerpt":{"rendered":"<p data-start=\"58\" data-end=\"320\">\u2728 <strong data-start=\"60\" data-end=\"109\">Bridgerton Silvester im Schloss F\u00f6ldv\u00e1ry!<\/strong> \u2728<br data-start=\"111\" data-end=\"114\" \/>Reichhaltiges Buffet, unbegrenztes Getr\u00e4nkepaket, Mitternachtssekt und Abendessen, Feuerwerk und Fotoecke. \ud83c\udf86\ud83e\udd42<br data-start=\"220\" data-end=\"223\" \/>Bei Ihrer Ankunft erwarten wir Sie mit Gl\u00fchwein und Kastanien - erleben Sie mit uns die sch\u00f6nste Nacht des Jahres!<\/p>\n<p data-start=\"322\" data-end=\"374\">\ud83d\udccd Schloss F\u00f6ldv\u00e1ry, \u00d6ttev\u00e9ny - 31. Dezember 2025.<\/p>","protected":false},"featured_media":7547,"template":"","meta":[],"product_brand":[],"product_cat":[95],"product_tag":[],"class_list":{"0":"post-7546","1":"product","2":"type-product","3":"status-publish","4":"has-post-thumbnail","6":"product_cat-foldvary-kastely","8":"entry","9":"has-media","11":"first","12":"outofstock","13":"virtual","14":"purchasable","15":"product-type-simple","16":"has-product-nav","17":"col","18":"span_1_of_3","19":"owp-content-center","20":"owp-thumbs-layout-horizontal","21":"owp-btn-normal","22":"owp-tabs-layout-horizontal","23":"has-no-thumbnails"},"_links":{"self":[{"href":"https:\/\/garzonplaza.hu\/de\/wp-json\/wp\/v2\/product\/7546","targetHints":{"allow":["GET"]}}],"collection":[{"href":"https:\/\/garzonplaza.hu\/de\/wp-json\/wp\/v2\/product"}],"about":[{"href":"https:\/\/garzonplaza.hu\/de\/wp-json\/wp\/v2\/types\/product"}],"wp:featuredmedia":[{"embeddable":true,"href":"https:\/\/garzonplaza.hu\/de\/wp-json\/wp\/v2\/media\/7547"}],"wp:attachment":[{"href":"https:\/\/garzonplaza.hu\/de\/wp-json\/wp\/v2\/media?parent=7546"}],"wp:term":[{"taxonomy":"product_brand","embeddable":true,"href":"https:\/\/garzonplaza.hu\/de\/wp-json\/wp\/v2\/product_brand?post=7546"},{"taxonomy":"product_cat","embeddable":true,"href":"https:\/\/garzonplaza.hu\/de\/wp-json\/wp\/v2\/product_cat?post=7546"},{"taxonomy":"product_tag","embeddable":true,"href":"https:\/\/garzonplaza.hu\/de\/wp-json\/wp\/v2\/product_tag?post=7546"}],"curies":[{"name":"wp","href":"https:\/\/api.w.org\/{rel}","templated":true}]}}