{"id":6333,"date":"2024-10-17T15:26:53","date_gmt":"2024-10-17T14:26:53","guid":{"rendered":"https:\/\/garzonplaza.hu\/?page_id=6333"},"modified":"2024-11-04T10:37:15","modified_gmt":"2024-11-04T09:37:15","slug":"masthead","status":"publish","type":"page","link":"https:\/\/garzonplaza.hu\/en\/masthead\/","title":{"rendered":"masthead"},"content":{"rendered":"<div data-elementor-type=\"wp-page\" data-elementor-id=\"6333\" class=\"elementor elementor-6333\" data-elementor-post-type=\"page\">\n\t\t\t\t<div class=\"elementor-element elementor-element-7428f9e e-flex e-con-boxed e-con e-parent\" data-id=\"7428f9e\" data-element_type=\"container\" data-e-type=\"container\">\n\t\t\t\t\t<div class=\"e-con-inner\">\n\t\t\t\t<div class=\"elementor-element elementor-element-df8f998 elementor-widget elementor-widget-heading\" data-id=\"df8f998\" data-element_type=\"widget\" data-e-type=\"widget\" data-widget_type=\"heading.default\">\n\t\t\t\t<div class=\"elementor-widget-container\">\n\t\t\t\t\t<h2 class=\"elementor-heading-title elementor-size-default\">masthead<\/h2>\t\t\t\t<\/div>\n\t\t\t\t<\/div>\n\t\t\t\t<div class=\"elementor-element elementor-element-fcc404f elementor-widget elementor-widget-text-editor\" data-id=\"fcc404f\" data-element_type=\"widget\" data-e-type=\"widget\" data-widget_type=\"text-editor.default\">\n\t\t\t\t<div class=\"elementor-widget-container\">\n\t\t\t\t\t\t\t\t\t<p><strong>DETAILS OF THE OPERATOR<\/strong><br \/>Name of operator: Garzon Plaza Ingatlanforgalmaz\u00f3 \u00e9s Vagyonkezel\u0151 Korl\u00e1tolt Felel\u0151ss\u00e9g\u0171 T\u00e1rsas\u00e1g<br \/>Abbreviated name of the operator: Garzon Plaza Kft.<br \/>The operator is located at 9024 Gy\u0151r, Vasv\u00e1ri P\u00e1l utca 1. building B.<br \/>The postal address of the operator is: 9024 Gy\u0151r, Vasv\u00e1ri P\u00e1l utca 1. \u00e9p.<br \/>Registration number of the operator at the Trade Court: 08 09 015113<br \/>Operator's fiscal code: 13995803-2-08<br \/>EU tax number of the operator: HU13995803<br \/>Operator Bank Account Number: 10400401-00029566-00000008<\/p><p><strong>CONTACT DETAILS OF THE OPERATOR<\/strong><br \/>Customer service:<br \/>Phone: +36 99 900 500<br \/>E-mail: hotel@garzonplaza.hu<\/p><p><strong>THE OPERATOR'S WEBSITE HOSTING PROVIDER<\/strong><br \/>Name: DEVBOX Ltd.<br \/>Address: 7054 Tengelic, R\u00e1k\u00f3czi Ferenc u. 9.<br \/>Contact: support@devbox.hu<\/p>\t\t\t\t\t\t\t\t<\/div>\n\t\t\t\t<\/div>\n\t\t\t\t\t<\/div>\n\t\t\t\t<\/div>\n\t\t\t\t<\/div>","protected":false},"excerpt":{"rendered":"<p>Impresszum AZ \u00dcZEMELTET\u0150 ADATAIAz \u00fczemeltet\u0151 neve: Garzon Plaza Ingatlanforgalmaz\u00f3 \u00e9s Vagyonkezel\u0151 Korl\u00e1tolt Felel\u0151ss\u00e9g\u0171 T\u00e1rsas\u00e1gAz \u00fczemeltet\u0151 r\u00f6vid\u00edtett neve: Garzon Plaza Kft.Az \u00fczemeltet\u0151 sz\u00e9khelye: 9024 Gy\u0151r, Vasv\u00e1ri P\u00e1l utca 1. B. \u00e9p.Az \u00fczemeltet\u0151 postac\u00edme: 9024 Gy\u0151r, Vasv\u00e1ri P\u00e1l utca 1. B. \u00e9p.Az \u00fczemeltet\u0151 c\u00e9gb\u00edr\u00f3s\u00e1gi bejegyz\u00e9si sz\u00e1ma: 08 09 015113Az \u00fczemeltet\u0151 ad\u00f3sz\u00e1ma: 13995803-2-08Az \u00fczemeltet\u0151 EU ad\u00f3sz\u00e1ma: HU13995803\u00dczemeltet\u0151 Banksz\u00e1mla [&hellip;]<\/p>\n","protected":false},"author":2,"featured_media":0,"parent":0,"menu_order":0,"comment_status":"closed","ping_status":"closed","template":"elementor_header_footer","meta":{"footnotes":""},"class_list":["post-6333","page","type-page","status-publish","hentry","entry","owp-thumbs-layout-horizontal","owp-btn-normal","owp-tabs-layout-horizontal","has-no-thumbnails","has-product-nav"],"_links":{"self":[{"href":"https:\/\/garzonplaza.hu\/en\/wp-json\/wp\/v2\/pages\/6333","targetHints":{"allow":["GET"]}}],"collection":[{"href":"https:\/\/garzonplaza.hu\/en\/wp-json\/wp\/v2\/pages"}],"about":[{"href":"https:\/\/garzonplaza.hu\/en\/wp-json\/wp\/v2\/types\/page"}],"author":[{"embeddable":true,"href":"https:\/\/garzonplaza.hu\/en\/wp-json\/wp\/v2\/users\/2"}],"replies":[{"embeddable":true,"href":"https:\/\/garzonplaza.hu\/en\/wp-json\/wp\/v2\/comments?post=6333"}],"version-history":[{"count":16,"href":"https:\/\/garzonplaza.hu\/en\/wp-json\/wp\/v2\/pages\/6333\/revisions"}],"predecessor-version":[{"id":6378,"href":"https:\/\/garzonplaza.hu\/en\/wp-json\/wp\/v2\/pages\/6333\/revisions\/6378"}],"wp:attachment":[{"href":"https:\/\/garzonplaza.hu\/en\/wp-json\/wp\/v2\/media?parent=6333"}],"curies":[{"name":"wp","href":"https:\/\/api.w.org\/{rel}","templated":true}]}}