{"id":8022,"date":"2026-03-08T17:22:30","date_gmt":"2026-03-08T16:22:30","guid":{"rendered":"https:\/\/garzonplaza.hu\/?page_id=8022"},"modified":"2026-03-08T18:03:24","modified_gmt":"2026-03-08T17:03:24","slug":"vendegtajekoztato","status":"publish","type":"page","link":"https:\/\/garzonplaza.hu\/en\/vendegtajekoztato\/","title":{"rendered":"Visitor information"},"content":{"rendered":"<div data-elementor-type=\"wp-page\" data-elementor-id=\"8022\" class=\"elementor elementor-8022\" data-elementor-post-type=\"page\">\n\t\t\t\t<div class=\"elementor-element elementor-element-ca5c7cc e-flex e-con-boxed e-con e-parent\" data-id=\"ca5c7cc\" data-element_type=\"container\" data-e-type=\"container\">\n\t\t\t\t\t<div class=\"e-con-inner\">\n\t\t\t\t<div class=\"elementor-element elementor-element-7aa3d66 elementor-widget elementor-widget-heading\" data-id=\"7aa3d66\" data-element_type=\"widget\" data-e-type=\"widget\" data-widget_type=\"heading.default\">\n\t\t\t\t<div class=\"elementor-widget-container\">\n\t\t\t\t\t<h2 class=\"elementor-heading-title elementor-size-default\">Visitor information<\/h2>\t\t\t\t<\/div>\n\t\t\t\t<\/div>\n\t\t\t\t\t<\/div>\n\t\t\t\t<\/div>\n\t\t<div class=\"elementor-element elementor-element-4e59462 e-flex e-con-boxed e-con e-parent\" data-id=\"4e59462\" data-element_type=\"container\" data-e-type=\"container\">\n\t\t\t\t\t<div class=\"e-con-inner\">\n\t\t\t\t<div class=\"elementor-element elementor-element-a6df5d9 elementor-widget elementor-widget-text-editor\" data-id=\"a6df5d9\" data-element_type=\"widget\" data-e-type=\"widget\" data-widget_type=\"text-editor.default\">\n\t\t\t\t<div class=\"elementor-widget-container\">\n\t\t\t\t\t\t\t\t\t<p><b>HOTEL GARZON PLAZA\u00a0<\/b><b><\/b><\/p><p>Dear Guest!\u00a0<\/p><p>Welcome to the Hotel Garzon Plaza** hotel!\u00a0<\/p><p>Thank you for choosing our hotel. We aim to make your stay as comfortable and hassle-free as possible. The following information will help you to get to know our hotel services and the most important things to know about your stay.\u00a0<\/p><p>If you have any questions, our staff are available at reception 24 hours a day.\u00a0<br \/>Reception telephone number from the room: 100\u00a0<\/p><p><b>Important phone numbers\u00a0<\/b><b><\/b><\/p><p>Reception: 100\u00a0<br \/>Our restaurant: 200\u00a0<br \/>Room service: 200\u00a0<\/p><p>Emergency number: 112\u00a0<\/p><p>\u00a0<\/p><p><b>Digital guest experience\u00a0<\/b><b><\/b><\/p><p>Our hotel is constantly improving its services to ensure a faster and more comfortable stay for our guests.\u00a0<\/p><p>Automatic online login and logout\u00a0<\/p><p>Previo Alfred allows guests to check in online before arrival and check out online on departure.\u00a0<\/p><p>The advantages:\u00a0<\/p><ul><li>fast arrival, without queuing\u00a0<\/li><li>all necessary data can be recorded in advance\u00a0<\/li><li>simple and secure administration\u00a0<\/li><\/ul><p>Smart room key - digital access\u00a0<\/p><p>Several rooms in our hotel have a smart door handle system.\u00a0<\/p><p>How the system works:\u00a0<\/p><ul><li>a code is automatically sent to our guests before arrival\u00a0<\/li><li>the code can be used to open the room without a key or a receptionist\u00a0<\/li><li>the code is valid only for the duration of your stay\u00a0<\/li><\/ul><p>This solution also allows for a completely contactless arrival.\u00a0<\/p><p>\u00a0<\/p><p><b>Guest Guide - Services by ABC\u00a0<\/b><b><\/b><\/p><p>\u00a0<\/p><p><b>A\u00a0<\/b><b><\/b><\/p><p><b>Adapter\u00a0<\/b><b><\/b><\/p><p>Our hotel offers the possibility to use an adapter\/plug-in for international use.\u00a0<br \/>Please let the reception know your request.\u00a0<\/p><p><b>Gift voucher\u00a0<\/b><b><\/b><\/p><p>If you have prepaid for your stay in the form of a gift voucher, please hand it in at reception on arrival.\u00a0<br \/>Please ask at reception for information on purchasing a gift voucher.\u00a0<\/p><p><b>Accessibility\u00a0<\/b><b><\/b><\/p><p>Our hotel has a room for disabled guests.\u00a0<br \/>All public areas of the hotel are accessible by lift and wheelchair access.\u00a0<\/p><p><b>Digger\u00a0<\/b><b><\/b><\/p><p>Washable bedding is available at our hotel.\u00a0<br \/>Please let the reception know your request.\u00a0<\/p><p><b>Linen change\u00a0<\/b><b><\/b><\/p><p>Bed linen is changed every three nights.\u00a0<br \/>Clean bed linen is provided daily on request.\u00a0<\/p><p><b>GTC\u00a0<\/b><b><\/b><\/p><p>Our Terms and Conditions are available on our website:\u00a0<br \/><a href=\"https:\/\/garzonplaza.hu\/en\/\">www.garzonplaza.hu<\/a>\u00a0<\/p><p>\u00a0<\/p><p><b>B\u00a0<\/b><b><\/b><\/p><p><b>Baby package\u00a0<\/b><b><\/b><\/p><p>For guests with children, we provide the following equipment while stocks last:\u00a0<\/p><ul><li>baby bed\u00a0<\/li><li>baby bath\u00a0<\/li><li>kettle\u00a0<\/li><\/ul><p><b>Debit and credit cards\u00a0<\/b><b><\/b><\/p><p>Cash and credit card payment is possible at our hotel.\u00a0<\/p><p>Cards accepted:\u00a0<\/p><ul><li>American Express\u00a0<\/li><li>Eurocard\u00a0<\/li><li>Maestro\u00a0<\/li><li>MasterCard\u00a0<\/li><li>Visa\u00a0<\/li><li>Visa Electron\u00a0<\/li><\/ul><p>Our hotel accepts SZ\u00c9P cards (OTP, MKB, K&amp;H).\u00a0<\/p><p><b>Although\u00a0<\/b><b><\/b><\/p><p>Standard drinks and specialities are available at the bar of the Cosa Nostra restaurant.\u00a0<br \/>We offer nearly 50 different types of rum.\u00a0<\/p><p><b>Security\u00a0<\/b><b><\/b><\/p><p>For your safety, please always lock the door of your room when sleeping or leaving the room.\u00a0<\/p><p><b>Shaving products\u00a0<\/b><b><\/b><\/p><p>Please contact reception on request.\u00a0<\/p><p>\u00a0<\/p><p><b>C\u00a0<\/b><b><\/b><\/p><p><b>Shoe cleaning\u00a0<\/b><b><\/b><\/p><p>A shoe shine machine is available in the lobby, opposite the lifts.\u00a0<\/p><p><b>Parcel delivery\u00a0<\/b><b><\/b><\/p><p>Please inform reception of your luggage needs.\u00a0<\/p><p><b>Package Room\u00a0<\/b><b><\/b><\/p><p>Luggage storage is available for guests in the lobby area.\u00a0<\/p><p>\u00a0<\/p><p><b>D\u00a0<\/b><b><\/b><\/p><p><b>Smoking\u00a0<\/b><b><\/b><\/p><p>The entire hotel is non-smoking.\u00a0<\/p><p>Smoking is only allowed in designated areas.\u00a0<\/p><p>If smoking in the room\u00a0<br \/>An extra cleaning fee of HUF 15 000 will be charged.\u00a0<\/p><p>\u00a0<\/p><p><b>E\u00a0<\/b><b><\/b><\/p><p><b>Wake up\u00a0<\/b><b><\/b><\/p><p>You can request an alarm free of charge at reception.\u00a0<\/p><p><b>Departure\u00a0<\/b><b><\/b><\/p><p>Please leave the room by 11:00 on the day of departure.\u00a0<\/p><p>You can request the bill the night before to ensure a smooth check-out.\u00a0<\/p><p>Depending on availability, late check-out may be requested.\u00a0<\/p><p><b>Lost objects\u00a0<\/b><b><\/b><\/p><p>If you have lost a valuable item, please contact reception.\u00a0<\/p><p><b>Umbrella\u00a0<\/b><b><\/b><\/p><p>Guests are provided with an umbrella free of charge during their stay.\u00a0<\/p><p><b>\u00a0<\/b><b><\/b><\/p><p><b>Restaurant\u00a0<\/b><b><\/b><\/p><p>Restaurant Pasta Nostra\u00a0<\/p><p>The hotel's restaurant is Pasta Nostra, where guests can enjoy fresh Italian cuisine, artisan pastas and dishes made with quality ingredients.\u00a0<\/p><p>The restaurant offers:\u00a0<\/p><ul><li>Fresh artisan pastas\u00a0<\/li><li>Neapolitan pizzas with Italian ingredients\u00a0<\/li><li>Homemade desserts\u00a0<\/li><li>wide selection of drinks, (at University Club prices)\u00a0<\/li><\/ul><p>Opening hours:\u00a0<\/p><p>V-Cs 17:00 - 22:00\u00a0<\/p><p>Fri-Sat 17:00 - 23:00\u00a0<\/p><p>The restaurant is the ideal place for a pleasant dinner or a meeting with friends.\u00a0<\/p><p>Book a pool table at a great price\u00a0<\/p><p>\u00a0<\/p><p>\u00a0<\/p><p><b>F\u00a0<\/b><b><\/b><\/p><p><b>Fax\u00a0<\/b><b><\/b><\/p><p>Fax service is available through reception.\u00a0<\/p><p>Fax number:\u00a0<br \/>+36 96 900 500\u00a0<\/p><p><b>Photocopying, printing\u00a0<\/b><b><\/b><\/p><p>Photocopying and printing services are available at reception.\u00a0<\/p><p><b>Comb\u00a0<\/b><b><\/b><\/p><p>Please contact reception on request.\u00a0<\/p><p><b>Toothbrush and toothpaste\u00a0<\/b><b><\/b><\/p><p>Please contact reception on request.\u00a0<\/p><p><b>Bathrobe\u00a0<\/b><b><\/b><\/p><p>Bathrobes are provided in all rooms.\u00a0<\/p><p><b>Bathroom scales\u00a0<\/b><b><\/b><\/p><p>Limited availability. Please contact reception to request this.\u00a0<\/p><p><b>Heating\u00a0<\/b><b><\/b><\/p><p>The rooms have individually controlled radiator heating.\u00a0<\/p><p>\u00a0<\/p><p><b>G\u00a0<\/b><b><\/b><\/p><p><b>Baby cot\u00a0<\/b><b><\/b><\/p><p>Please let the reception know if you require this.\u00a0<\/p><p><b>Childcare\u00a0<\/b><b><\/b><\/p><p>Please contact reception for information on childcare.\u00a0<\/p><p><b>Pharmacy\u00a0<\/b><b><\/b><\/p><p>Pharmacy products are available from reception.\u00a0<\/p><p>\u00a0<\/p><p><b>H\u00a0<\/b><b><\/b><\/p><p><b>Hair dryer\u00a0<\/b><b><\/b><\/p><p>A hairdryer is provided in the bathroom of each room.\u00a0<\/p><p><b>Pets\u00a0<\/b><b><\/b><\/p><p>Pets (dogs, cats) can be accommodated in designated standard rooms for a fee and under supervision.\u00a0<\/p><p>\u00a0<\/p><p><b>I\u00a0<\/b><b><\/b><\/p><p><b>Tour guide\u00a0<\/b><b><\/b><\/p><p>We can help you organise a guide if required.\u00a0<\/p><p><b>Internet\u00a0<\/b><b><\/b><\/p><p>Free WiFi is available throughout the hotel.\u00a0<br \/>No password is required to connect.\u00a0<\/p><p>A guest computer is also available at reception.\u00a0<\/p><p><b>Worship\u00a0<\/b><b><\/b><\/p><p>Information about church and service times is available at reception.\u00a0<\/p><p>\u00a0<\/p><p><b>J\u00a0<\/b><b><\/b><\/p><p><b>Ice cube\u00a0<\/b><b><\/b><\/p><p>Available from room service.\u00a0<\/p><p>Telephone: 200\u00a0<\/p><p>\u00a0<\/p><p><b>K\u00a0<\/b><b><\/b><\/p><p><b>Maintenance\u00a0<\/b><b><\/b><\/p><p>If you experience any equipment malfunction in your room, please report it to reception.\u00a0<\/p><p><b>Logout\u00a0<\/b><b><\/b><\/p><p>Please leave the room by 11:00 on the day of departure.\u00a0<\/p><p>If you check out online, the process can also be done via Previo Alfred, making it quick and easy to leave.\u00a0<\/p><p>\u00a0<\/p><p><b>Bicycle rental\u00a0<\/b><b><\/b><\/p><p>The city of Gy\u0151r has a community bicycle system.\u00a0<br \/>More information:\u00a0<br \/><a href=\"http:\/\/www.gyorbike.hu\/\" target=\"_blank\" rel=\"noopener\">www.gyorbike.hu<\/a>\u00a0<\/p><p><b>Central safe\u00a0<\/b><b><\/b><\/p><p>A central safe is available at reception.\u00a0<\/p><p>\u00a0<\/p><p><b>L\u00a0<\/b><b><\/b><\/p><p><b>Laptop\u00a0<\/b><b><\/b><\/p><p>Computer or laptop assistance is available at reception.\u00a0<br \/>Available: 08:00-16:00\u00a0<\/p><p>\u00a0<\/p><p><b>M\u00a0<\/b><b><\/b><\/p><p><b>Massage\u00a0<\/b><b><\/b><\/p><p>Massage service is available on the 2nd floor of the hotel.\u00a0<\/p><p><b>Escape route\u00a0<\/b><b><\/b><\/p><p>In case of fire, follow the escape route on the room door.\u00a0<\/p><p><b>Minibar\u00a0<\/b><b><\/b><\/p><p>The minibar is available for a fee.\u00a0<\/p><p>\u00a0<\/p><p><b>M (cont.)\u00a0<\/b><b><\/b><\/p><p><b>Washing\u00a0<\/b><b><\/b><\/p><p>Laundry service available.\u00a0<br \/>If submitted before 09:00, it will be ready within 12 hours.\u00a0<\/p><p>\u00a0<\/p><p><b>N\u00a0<\/b><b><\/b><\/p><p><b>Daily newspapers\u00a0<\/b><b><\/b><\/p><p>Fresh newspapers are available daily in the lobby.\u00a0<\/p><p><b>Public telephone\u00a0<\/b><b><\/b><\/p><p>A public telephone is available at reception.\u00a0<\/p><p>\u00a0<\/p><p><b>O\u00a0<\/b><b><\/b><\/p><p><b>Doctor\u00a0<\/b><b><\/b><\/p><p>Please contact reception for medical assistance.\u00a0<\/p><p>\u00a0<\/p><p><b>P\u00a0<\/b><b><\/b><\/p><p><b>Complaints handling\u00a0<\/b><b><\/b><\/p><p>Please contact reception with any comments during your stay.\u00a0<\/p><p><b>Slippers\u00a0<\/b><b><\/b><\/p><p>Slippers are available in all rooms.\u00a0<\/p><p><b>Pillow menu\u00a0<\/b><b><\/b><\/p><p>A choice of five pillows is available.\u00a0<\/p><p><b>Parking\u00a0<\/b><b><\/b><\/p><p>Parking is available for our guests:\u00a0<\/p><p>Free parking\u00a0<br \/>in front of the hotel\u00a0<\/p><p>Guarded parking\u00a0<br \/>with barrier and camera\u00a0<br \/>1900 Ft \/ night\u00a0<\/p><p>\u00a0<\/p><p><b>Additional bed\u00a0<\/b><b><\/b><\/p><p>Some rooms have extra beds.\u00a0<\/p><p><b>Programme management\u00a0<\/b><b><\/b><\/p><p>Our hotel staff will help you organise your programme.\u00a0<\/p><p>\u00a0<\/p><p><b>R\u00a0<\/b><b><\/b><\/p><p><b>Radio\u00a0<\/b><b><\/b><\/p><p>Radio channels are available from the TV menu.\u00a0<\/p><p><b>Breakfast\u00a0<\/b><b><\/b><\/p><p>The room rate includes a buffet breakfast, served in the breakfast room off the lobby.\u00a0<\/p><p>Date:\u00a0<br \/>07:00 - 10:00\u00a0<\/p><p>For early departures, a cold pack breakfast is available on request.\u00a0<\/p><p>\u00a0<\/p><p><b>Breakfast in the room\u00a0<\/b><b><\/b><\/p><p>You can order using the order card in the room.\u00a0<\/p><p><b>Breakfast cold pack\u00a0<\/b><b><\/b><\/p><p>Available for early departure.\u00a0<\/p><p><b>Clothing\u00a0<\/b><b><\/b><\/p><p>Please wear appropriate attire when visiting the restaurant.\u00a0<\/p><p>\u00a0<\/p><p><b>S\u00a0<\/b><b><\/b><\/p><p><b>Chair in the bathroom\u00a0<\/b><b><\/b><\/p><p>Available at the reception.\u00a0<\/p><p><b>In-room safe\u00a0<\/b><b><\/b><\/p><p>In-room safes can be used to store valuables.\u00a0<\/p><p>\u00a0<\/p><p><b>T\u00a0<\/b><b><\/b><\/p><p><b>Cleaning\u00a0<\/b><b><\/b><\/p><p>Daily cleaning: 07:00-15:00\u00a0<\/p><p><b>Blanket, pillow\u00a0<\/b><b><\/b><\/p><p>Extra blankets and pillows are available on request.\u00a0<\/p><p><b>Order a taxi\u00a0<\/b><b><\/b><\/p><p>You can order through the reception.\u00a0<\/p><p><b>Map\u00a0<\/b><b><\/b><\/p><p>Maps of Gy\u0151r are available at reception.\u00a0<\/p><p><b>Charging station\u00a0<\/b><b><\/b><\/p><p>Chargers for electrical devices are available on request.\u00a0<\/p><p><b>Transfer\u00a0<\/b><b><\/b><\/p><p>We can arrange airport transfers.\u00a0<\/p><p><b>Cleaning products\u00a0<\/b><b><\/b><\/p><p>Extra toiletries can be requested at reception.\u00a0<\/p><p><b>Turndown service\u00a0<\/b><b><\/b><\/p><p>Evening bedding is available on request.\u00a0<\/p><p><b>TV Channels\u00a0<\/b><b><\/b><\/p><p>Our rooms are equipped with a modern TV set with a wide range of Hungarian and international channels.\u00a0<\/p><p>The channel list can be accessed using the CH LIST button on the remote control.\u00a0<\/p><p><b>Hungarian channels\u00a0<\/b><b><\/b><\/p><ol><li>M1 HD - news, politics\u00a0<\/li><li>M2 HD - children, cultural\u00a0<\/li><li>Duna HD - General\u00a0<\/li><li>M4 Sport HD - sport\u00a0<\/li><li>M5 HD - General\u00a0<\/li><li>Duna World \/ M4 Sport+ HD - General\u00a0<\/li><li>RTL - General\u00a0<\/li><li>TV2 - General\u00a0<\/li><li>MAX4 - series\u00a0<\/li><li>Spektrum Home - educational\u00a0<\/li><\/ol><p>\u00a0<\/p><p><b>International news channels (English)\u00a0<\/b><b><\/b><\/p><ol start=\"11\"><li>CNN International Europe\u00a0<\/li><li>BBC News HD\u00a0<\/li><li>Sky News International\u00a0<\/li><li>One America News HD\u00a0<\/li><li>DW English HD\u00a0<\/li><li>France 24 (in English)\u00a0<\/li><li>Al Jazeera English HD\u00a0<\/li><li>NHK World HD\u00a0<\/li><\/ol><p>\u00a0<\/p><p><b>English language channels - general\u00a0<\/b><b><\/b><\/p><ol start=\"19\"><li>TRT World HD\u00a0<\/li><li>Bloomberg Europe\u00a0<\/li><li>AWE HD\u00a0<\/li><li>Ayozat TV HD\u00a0<\/li><\/ol><p>\u00a0<\/p><p><b>English language educational channels\u00a0<\/b><b><\/b><\/p><ol start=\"23\"><li>Outdoor Channel HD\u00a0<\/li><li>MVMT HD\u00a0<\/li><li>Wild TV HD\u00a0<\/li><li>World Fishing Network HD\u00a0<\/li><\/ol><p>\u00a0<\/p><p><b>English language sports channels\u00a0<\/b><b><\/b><\/p><ol start=\"27\"><li>Sports First HD\u00a0<\/li><li>World Poker Tour HD\u00a0<\/li><li>Cricket Gold HD\u00a0<\/li><li>Bare Knuckles Fighting HD\u00a0<\/li><\/ol><p>\u00a0<\/p><p><b>German language news channels\u00a0<\/b><b><\/b><\/p><ol start=\"31\"><li>ZDF info HD\u00a0<\/li><li>World\u00a0<\/li><\/ol><p>\u00a0<\/p><p><b>General channels in German\u00a0<\/b><b><\/b><\/p><ol start=\"33\"><li>3sat HD\u00a0<\/li><li>RTL Austria\u00a0<\/li><li>RTL 2 Austria\u00a0<\/li><li>VOX Austria\u00a0<\/li><li>VOX up\u00a0<\/li><li>Sat 1\u00a0<\/li><li>Sat 1 Gold\u00a0<\/li><li>ProSieben\u00a0<\/li><li>ProSieben MAXX\u00a0<\/li><li>Cable 1\u00a0<\/li><li>Sixx\u00a0<\/li><\/ol><p>\u00a0<\/p><p><b>German language TV channels\u00a0<\/b><b><\/b><\/p><ol start=\"44\"><li>Series+\u00a0<\/li><li>Crime Time\u00a0<\/li><\/ol><p>\u00a0<\/p><p><b>German language educational channels\u00a0<\/b><b><\/b><\/p><ol start=\"46\"><li>Cable 1 Documentary\u00a0<\/li><li>Xplore\u00a0<\/li><li>One Terra\u00a0<\/li><li>Altitude rush\u00a0<\/li><li>Just Cooking\u00a0<\/li><\/ol><p>\u00a0<\/p><p><b>German language sports channels\u00a0<\/b><b><\/b><\/p><ol start=\"51\"><li>Just Fishing\u00a0<\/li><li>Sport Mix HD\u00a0<\/li><li>Eurosport Germany\u00a0<\/li><\/ol><p>\u00a0<\/p><p><b>German language children's channels\u00a0<\/b><b><\/b><\/p><ol start=\"54\"><li>KiKa HD\u00a0<\/li><li>Super RTL Austria\u00a0<\/li><\/ol><p>\u00a0<\/p><p><b>German language music channels\u00a0<\/b><b><\/b><\/p><ol start=\"56\"><li>Deluxe Dance\u00a0<\/li><li>Deluxe Rap\u00a0<\/li><\/ol><p>\u00a0<\/p><p><b>Italian language channels\u00a0<\/b><b><\/b><\/p><ol start=\"58\"><li>Rai News 24 HD - news\u00a0<\/li><li>Rai 1 HD - General\u00a0<\/li><li>Rai 2 HD - General\u00a0<\/li><li>Rai 3 HD - General\u00a0<\/li><li>Wedotv Movies HD - movies\u00a0<\/li><li>Uninettuno University TV - educational\u00a0<\/li><li>EQUtv - Sport\u00a0<\/li><li>Rai Gulp HD - child\u00a0<\/li><\/ol><p>\u00a0<\/p><p><b>Russian language channels\u00a0<\/b><b><\/b><\/p><ol start=\"66\"><li>Svoboda News - News\u00a0<\/li><li>DW Russian HD - news\u00a0<\/li><li>Svoboda HD - General\u00a0<\/li><li>Svoboda+ - general\u00a0<\/li><li>TV8 HD - General\u00a0<\/li><\/ol><p>\u00a0<\/p><p><b>Spanish language channels\u00a0<\/b><b><\/b><\/p><ol start=\"71\"><li>24 Horas HD - News\u00a0<\/li><li>Telesur HD - News\u00a0<\/li><li>TVE Internacional HD - General\u00a0<\/li><li>Cubavision Internacional HD - General\u00a0<\/li><\/ol><p>\u00a0<\/p><p><b>French language channels\u00a0<\/b><b><\/b><\/p><ol start=\"75\"><li>France 24 (en Fran\u00e7ais) - news\u00a0<\/li><li>TV5 Monde HD - General\u00a0<\/li><li>TV Monaco HD - General\u00a0<\/li><\/ol><p>\u00a0<\/p><p><b>Polish channels\u00a0<\/b><b><\/b><\/p><ol start=\"78\"><li>Polonia 1 - general\u00a0<\/li><li>Tele 5 Polska - General\u00a0<\/li><\/ol><p>\u00a0<\/p><p><b>Romanian channel\u00a0<\/b><b><\/b><\/p><ol start=\"80\"><li>TV Romania International - General\u00a0<\/li><\/ol><p>\u00a0<\/p><p><b>Radio Channels\u00a0<\/b><b><\/b><\/p><ol start=\"101\"><li>Kossuth Radio\u00a0<\/li><li>Pet\u0151fi Radio\u00a0<\/li><li>Bart\u00f3k Radio\u00a0<\/li><li>Dank\u00f3 Radio\u00a0<\/li><\/ol><p>\u00a0<\/p><p>\u00a0<\/p><p><b>FIRE SAFETY REGULATIONS\u00a0<\/b><b><\/b><\/p><ul><li>Do not import combustible materials\u00a0<\/li><li>The hotel is non-smoking\u00a0<\/li><li>Follow the escape route in case of fire\u00a0<\/li><li>Notify the reception at extension 100\u00a0<\/li><\/ul><p>In case of fire, the lift is not allowed.\u00a0<\/p><p>\u00a0<\/p><p><b>V\u00a0<\/b><b><\/b><\/p><p><b>Sewing service\u00a0<\/b><b><\/b><\/p><p>Please contact reception on request.\u00a0<\/p><p><b>Ironing\u00a0<\/b><b><\/b><\/p><p>Ironing service within one hour.\u00a0<\/p><p><b>Sightseeing\u00a0<\/b><b><\/b><\/p><p>For information on programmes and attractions, please contact reception.\u00a0<\/p><p><b>Dry cleaning\u00a0<\/b><b><\/b><\/p><p>Available within 24 hours.\u00a0<\/p><p><b>Flower\u00a0<\/b><b><\/b><\/p><p>Order flowers through reception.\u00a0<\/p><p><b>Kettle\u00a0<\/b><b><\/b><\/p><p>A kettle is provided in each room.\u00a0<\/p><p>\u00a0<\/p><p><b>W\u00a0<\/b><b><\/b><\/p><p><b>Wellness and Fitness\u00a0<\/b><b><\/b><\/p><p>Available in the wellness area of our hotel:\u00a0<\/p><ul><li>pool\u00a0<\/li><li>jacuzzi\u00a0<\/li><li>infrared sauna\u00a0<\/li><li>massage\u00a0<\/li><li>gym\u00a0<\/li><\/ul><p>Opening hours: 07:00 - 21:00\u00a0<\/p><p><b>WiFi\u00a0<\/b><b><\/b><\/p><p>Free high-speed WiFi internet is available throughout the hotel.\u00a0<\/p><p>Login: Guest password: GarzonTheBest\u00a0<\/p><p><b>We wish you a good rest!\u00a0<\/b><b><\/b><\/p><p>We hope that your stay will be a pleasant one and that you will soon be our guests again.\u00a0<\/p><p>Hotel Garzon Plaza**\u00a0<br \/>\u201eThe comfort of home for our guests\u201d\u00a0<\/p>\t\t\t\t\t\t\t\t<\/div>\n\t\t\t\t<\/div>\n\t\t\t\t\t<\/div>\n\t\t\t\t<\/div>\n\t\t\t\t<\/div>","protected":false},"excerpt":{"rendered":"<p>Vend\u00e9gt\u00e1j\u00e9koztat\u00f3 HOTEL GARZON PLAZA\u00a0 Kedves Vend\u00e9g\u00fcnk!\u00a0 Szeretettel k\u00f6sz\u00f6ntj\u00fck a\u00a0Hotel Garzon Plaza** sz\u00e1llod\u00e1ban!\u00a0 K\u00f6sz\u00f6nj\u00fck, hogy sz\u00e1llod\u00e1nkat v\u00e1lasztotta. C\u00e9lunk, hogy tart\u00f3zkod\u00e1sa a lehet\u0151 legk\u00e9nyelmesebb \u00e9s legz\u00f6kken\u0151mentesebb legyen. Az al\u00e1bbi t\u00e1j\u00e9koztat\u00f3 seg\u00edt megismerni sz\u00e1llod\u00e1nk szolg\u00e1ltat\u00e1sait \u00e9s az itt tart\u00f3zkod\u00e1s legfontosabb tudnival\u00f3it.\u00a0 Amennyiben b\u00e1rmilyen k\u00e9rd\u00e9se mer\u00fcl fel, munkat\u00e1rsaink k\u00e9szs\u00e9ggel \u00e1llnak rendelkez\u00e9s\u00e9re a recepci\u00f3n, a nap 24 \u00f3r\u00e1j\u00e1ban.\u00a0Recepci\u00f3 telefonsz\u00e1ma a [&hellip;]<\/p>\n","protected":false},"author":4,"featured_media":0,"parent":0,"menu_order":0,"comment_status":"closed","ping_status":"closed","template":"","meta":{"footnotes":""},"class_list":["post-8022","page","type-page","status-publish","hentry","entry","owp-thumbs-layout-horizontal","owp-btn-normal","owp-tabs-layout-horizontal","has-no-thumbnails","has-product-nav"],"_links":{"self":[{"href":"https:\/\/garzonplaza.hu\/en\/wp-json\/wp\/v2\/pages\/8022","targetHints":{"allow":["GET"]}}],"collection":[{"href":"https:\/\/garzonplaza.hu\/en\/wp-json\/wp\/v2\/pages"}],"about":[{"href":"https:\/\/garzonplaza.hu\/en\/wp-json\/wp\/v2\/types\/page"}],"author":[{"embeddable":true,"href":"https:\/\/garzonplaza.hu\/en\/wp-json\/wp\/v2\/users\/4"}],"replies":[{"embeddable":true,"href":"https:\/\/garzonplaza.hu\/en\/wp-json\/wp\/v2\/comments?post=8022"}],"version-history":[{"count":10,"href":"https:\/\/garzonplaza.hu\/en\/wp-json\/wp\/v2\/pages\/8022\/revisions"}],"predecessor-version":[{"id":8032,"href":"https:\/\/garzonplaza.hu\/en\/wp-json\/wp\/v2\/pages\/8022\/revisions\/8032"}],"wp:attachment":[{"href":"https:\/\/garzonplaza.hu\/en\/wp-json\/wp\/v2\/media?parent=8022"}],"curies":[{"name":"wp","href":"https:\/\/api.w.org\/{rel}","templated":true}]}}