{"id":8087,"date":"2026-04-03T13:55:51","date_gmt":"2026-04-03T12:55:51","guid":{"rendered":"https:\/\/garzonplaza.hu\/?page_id=8087"},"modified":"2026-04-14T10:34:25","modified_gmt":"2026-04-14T09:34:25","slug":"zarva","status":"publish","type":"page","link":"https:\/\/garzonplaza.hu\/en\/zarva\/","title":{"rendered":"Closed"},"content":{"rendered":"<div data-elementor-type=\"wp-page\" data-elementor-id=\"8087\" class=\"elementor elementor-8087\" data-elementor-post-type=\"page\">\n\t\t\t\t<div class=\"elementor-element elementor-element-68f713e e-flex e-con-boxed e-con e-parent\" data-id=\"68f713e\" data-element_type=\"container\" data-e-type=\"container\">\n\t\t\t\t\t<div class=\"e-con-inner\">\n\t\t\t\t<div class=\"elementor-element elementor-element-1b95817 elementor-widget elementor-widget-spacer\" data-id=\"1b95817\" data-element_type=\"widget\" data-e-type=\"widget\" data-widget_type=\"spacer.default\">\n\t\t\t\t<div class=\"elementor-widget-container\">\n\t\t\t\t\t\t\t<div class=\"elementor-spacer\">\n\t\t\t<div class=\"elementor-spacer-inner\"><\/div>\n\t\t<\/div>\n\t\t\t\t\t\t<\/div>\n\t\t\t\t<\/div>\n\t\t\t\t\t<\/div>\n\t\t\t\t<\/div>\n\t\t<div class=\"elementor-element elementor-element-220b552 e-flex e-con-boxed e-con e-parent\" data-id=\"220b552\" data-element_type=\"container\" data-e-type=\"container\">\n\t\t\t\t\t<div class=\"e-con-inner\">\n\t\t\t\t<div class=\"elementor-element elementor-element-04c80f3 elementor-widget elementor-widget-heading\" data-id=\"04c80f3\" data-element_type=\"widget\" data-e-type=\"widget\" data-widget_type=\"heading.default\">\n\t\t\t\t<div class=\"elementor-widget-container\">\n\t\t\t\t\t<h2 class=\"elementor-heading-title elementor-size-default\">Breakfast<\/h2>\t\t\t\t<\/div>\n\t\t\t\t<\/div>\n\t\t\t\t<div class=\"elementor-element elementor-element-ea0013e elementor-widget elementor-widget-heading\" data-id=\"ea0013e\" data-element_type=\"widget\" data-e-type=\"widget\" data-widget_type=\"heading.default\">\n\t\t\t\t<div class=\"elementor-widget-container\">\n\t\t\t\t\t<h2 class=\"elementor-heading-title elementor-size-default\">Breakfast \/ Breakfast<\/h2>\t\t\t\t<\/div>\n\t\t\t\t<\/div>\n\t\t\t\t\t<\/div>\n\t\t\t\t<\/div>\n\t\t<div class=\"elementor-element elementor-element-757c8af e-flex e-con-boxed e-con e-parent\" data-id=\"757c8af\" data-element_type=\"container\" data-e-type=\"container\">\n\t\t\t\t\t<div class=\"e-con-inner\">\n\t\t\t\t<div class=\"elementor-element elementor-element-1437a42 elementor-widget elementor-widget-spacer\" data-id=\"1437a42\" data-element_type=\"widget\" data-e-type=\"widget\" data-widget_type=\"spacer.default\">\n\t\t\t\t<div class=\"elementor-widget-container\">\n\t\t\t\t\t\t\t<div class=\"elementor-spacer\">\n\t\t\t<div class=\"elementor-spacer-inner\"><\/div>\n\t\t<\/div>\n\t\t\t\t\t\t<\/div>\n\t\t\t\t<\/div>\n\t\t\t\t\t<\/div>\n\t\t\t\t<\/div>\n\t\t<div class=\"elementor-element elementor-element-0641883 e-flex e-con-boxed e-con e-parent\" data-id=\"0641883\" data-element_type=\"container\" data-e-type=\"container\">\n\t\t\t\t\t<div class=\"e-con-inner\">\n\t\t\t\t<div class=\"elementor-element elementor-element-12784bf elementor-widget elementor-widget-heading\" data-id=\"12784bf\" data-element_type=\"widget\" data-e-type=\"widget\" data-widget_type=\"heading.default\">\n\t\t\t\t<div class=\"elementor-widget-container\">\n\t\t\t\t\t<h2 class=\"elementor-heading-title elementor-size-default\">Weekdays \/ Weekdays<\/h2>\t\t\t\t<\/div>\n\t\t\t\t<\/div>\n\t\t\t\t\t<\/div>\n\t\t\t\t<\/div>\n\t\t<div class=\"elementor-element elementor-element-59d3d84 e-flex e-con-boxed e-con e-parent\" data-id=\"59d3d84\" data-element_type=\"container\" data-e-type=\"container\">\n\t\t\t\t\t<div class=\"e-con-inner\">\n\t\t\t\t<div class=\"elementor-element elementor-element-e0997a2 elementor-widget elementor-widget-heading\" data-id=\"e0997a2\" data-element_type=\"widget\" data-e-type=\"widget\" data-widget_type=\"heading.default\">\n\t\t\t\t<div class=\"elementor-widget-container\">\n\t\t\t\t\t<h2 class=\"elementor-heading-title elementor-size-default\">06:30 -10:00<\/h2>\t\t\t\t<\/div>\n\t\t\t\t<\/div>\n\t\t\t\t\t<\/div>\n\t\t\t\t<\/div>\n\t\t<div class=\"elementor-element elementor-element-e81e3b1 e-flex e-con-boxed e-con e-parent\" data-id=\"e81e3b1\" data-element_type=\"container\" data-e-type=\"container\">\n\t\t\t\t\t<div class=\"e-con-inner\">\n\t\t\t\t<div class=\"elementor-element elementor-element-f0c7241 elementor-widget elementor-widget-spacer\" data-id=\"f0c7241\" data-element_type=\"widget\" data-e-type=\"widget\" data-widget_type=\"spacer.default\">\n\t\t\t\t<div class=\"elementor-widget-container\">\n\t\t\t\t\t\t\t<div class=\"elementor-spacer\">\n\t\t\t<div class=\"elementor-spacer-inner\"><\/div>\n\t\t<\/div>\n\t\t\t\t\t\t<\/div>\n\t\t\t\t<\/div>\n\t\t\t\t\t<\/div>\n\t\t\t\t<\/div>\n\t\t<div class=\"elementor-element elementor-element-9be7f19 e-flex e-con-boxed e-con e-parent\" data-id=\"9be7f19\" data-element_type=\"container\" data-e-type=\"container\">\n\t\t\t\t\t<div class=\"e-con-inner\">\n\t\t\t\t<div class=\"elementor-element elementor-element-af021aa elementor-widget elementor-widget-heading\" data-id=\"af021aa\" data-element_type=\"widget\" data-e-type=\"widget\" data-widget_type=\"heading.default\">\n\t\t\t\t<div class=\"elementor-widget-container\">\n\t\t\t\t\t<h2 class=\"elementor-heading-title elementor-size-default\">Weekend \/ On Weekend \/ Wochenende<\/h2>\t\t\t\t<\/div>\n\t\t\t\t<\/div>\n\t\t\t\t\t<\/div>\n\t\t\t\t<\/div>\n\t\t<div class=\"elementor-element elementor-element-8feab49 e-flex e-con-boxed e-con e-parent\" data-id=\"8feab49\" data-element_type=\"container\" data-e-type=\"container\">\n\t\t\t\t\t<div class=\"e-con-inner\">\n\t\t\t\t<div class=\"elementor-element elementor-element-2a14fa2 elementor-widget elementor-widget-heading\" data-id=\"2a14fa2\" data-element_type=\"widget\" data-e-type=\"widget\" data-widget_type=\"heading.default\">\n\t\t\t\t<div class=\"elementor-widget-container\">\n\t\t\t\t\t<h2 class=\"elementor-heading-title elementor-size-default\">07:00 -10:00<\/h2>\t\t\t\t<\/div>\n\t\t\t\t<\/div>\n\t\t\t\t\t<\/div>\n\t\t\t\t<\/div>\n\t\t<div class=\"elementor-element elementor-element-68188a7 e-flex e-con-boxed e-con e-parent\" data-id=\"68188a7\" data-element_type=\"container\" data-e-type=\"container\">\n\t\t\t\t\t<div class=\"e-con-inner\">\n\t\t\t\t<div class=\"elementor-element elementor-element-8a03414 elementor-widget elementor-widget-spacer\" data-id=\"8a03414\" data-element_type=\"widget\" data-e-type=\"widget\" data-widget_type=\"spacer.default\">\n\t\t\t\t<div class=\"elementor-widget-container\">\n\t\t\t\t\t\t\t<div class=\"elementor-spacer\">\n\t\t\t<div class=\"elementor-spacer-inner\"><\/div>\n\t\t<\/div>\n\t\t\t\t\t\t<\/div>\n\t\t\t\t<\/div>\n\t\t\t\t\t<\/div>\n\t\t\t\t<\/div>\n\t\t<div class=\"elementor-element elementor-element-e47a47e e-flex e-con-boxed e-con e-parent\" data-id=\"e47a47e\" data-element_type=\"container\" data-e-type=\"container\">\n\t\t\t\t\t<div class=\"e-con-inner\">\n\t\t\t\t<div class=\"elementor-element elementor-element-355cc8b elementor-widget elementor-widget-image\" data-id=\"355cc8b\" data-element_type=\"widget\" data-e-type=\"widget\" data-widget_type=\"image.default\">\n\t\t\t\t<div class=\"elementor-widget-container\">\n\t\t\t\t\t\t\t\t\t\t\t\t\t\t\t\t<a href=\"https:\/\/garzonplaza.hu\/en\/open-at\/\">\n\t\t\t\t\t\t\t<img fetchpriority=\"high\" decoding=\"async\" width=\"1024\" height=\"449\" src=\"https:\/\/garzonplaza.hu\/wp-content\/uploads\/2026\/04\/Kepernyofoto-2026-04-03-14.55.41-1024x449.png\" class=\"attachment-large size-large wp-image-8089\" alt=\"\" srcset=\"https:\/\/garzonplaza.hu\/wp-content\/uploads\/2026\/04\/Kepernyofoto-2026-04-03-14.55.41-1024x449.png 1024w, https:\/\/garzonplaza.hu\/wp-content\/uploads\/2026\/04\/Kepernyofoto-2026-04-03-14.55.41-300x131.png 300w, https:\/\/garzonplaza.hu\/wp-content\/uploads\/2026\/04\/Kepernyofoto-2026-04-03-14.55.41-768x336.png 768w, https:\/\/garzonplaza.hu\/wp-content\/uploads\/2026\/04\/Kepernyofoto-2026-04-03-14.55.41-1536x673.png 1536w, https:\/\/garzonplaza.hu\/wp-content\/uploads\/2026\/04\/Kepernyofoto-2026-04-03-14.55.41-2048x897.png 2048w, https:\/\/garzonplaza.hu\/wp-content\/uploads\/2026\/04\/Kepernyofoto-2026-04-03-14.55.41-18x8.png 18w, https:\/\/garzonplaza.hu\/wp-content\/uploads\/2026\/04\/Kepernyofoto-2026-04-03-14.55.41-600x263.png 600w\" sizes=\"(max-width: 1024px) 100vw, 1024px\" title=\"\">\t\t\t\t\t\t\t\t<\/a>\n\t\t\t\t\t\t\t\t\t\t\t\t\t\t\t<\/div>\n\t\t\t\t<\/div>\n\t\t\t\t\t<\/div>\n\t\t\t\t<\/div>\n\t\t<div class=\"elementor-element elementor-element-12fbc27 e-flex e-con-boxed e-con e-parent\" data-id=\"12fbc27\" data-element_type=\"container\" data-e-type=\"container\">\n\t\t\t\t\t<div class=\"e-con-inner\">\n\t\t\t\t<div class=\"elementor-element elementor-element-5ec2c2a elementor-widget elementor-widget-spacer\" data-id=\"5ec2c2a\" data-element_type=\"widget\" data-e-type=\"widget\" data-widget_type=\"spacer.default\">\n\t\t\t\t<div class=\"elementor-widget-container\">\n\t\t\t\t\t\t\t<div class=\"elementor-spacer\">\n\t\t\t<div class=\"elementor-spacer-inner\"><\/div>\n\t\t<\/div>\n\t\t\t\t\t\t<\/div>\n\t\t\t\t<\/div>\n\t\t\t\t\t<\/div>\n\t\t\t\t<\/div>\n\t\t\t\t<\/div>","protected":false},"excerpt":{"rendered":"<p>Reggeli Breakfast \/ Fr\u00fchst\u00fcck H\u00e9tk\u00f6znap \/ Weekdays \/ Wochentagen 06:30 -10:00 H\u00e9tv\u00e9g\u00e9n \/ On Weekend \/ Wochenende 07:00 -10:00<\/p>","protected":false},"author":4,"featured_media":0,"parent":0,"menu_order":0,"comment_status":"closed","ping_status":"closed","template":"elementor_header_footer","meta":{"footnotes":""},"class_list":["post-8087","page","type-page","status-publish","hentry","entry","owp-thumbs-layout-horizontal","owp-btn-normal","owp-tabs-layout-horizontal","has-no-thumbnails","has-product-nav"],"_links":{"self":[{"href":"https:\/\/garzonplaza.hu\/en\/wp-json\/wp\/v2\/pages\/8087","targetHints":{"allow":["GET"]}}],"collection":[{"href":"https:\/\/garzonplaza.hu\/en\/wp-json\/wp\/v2\/pages"}],"about":[{"href":"https:\/\/garzonplaza.hu\/en\/wp-json\/wp\/v2\/types\/page"}],"author":[{"embeddable":true,"href":"https:\/\/garzonplaza.hu\/en\/wp-json\/wp\/v2\/users\/4"}],"replies":[{"embeddable":true,"href":"https:\/\/garzonplaza.hu\/en\/wp-json\/wp\/v2\/comments?post=8087"}],"version-history":[{"count":16,"href":"https:\/\/garzonplaza.hu\/en\/wp-json\/wp\/v2\/pages\/8087\/revisions"}],"predecessor-version":[{"id":8164,"href":"https:\/\/garzonplaza.hu\/en\/wp-json\/wp\/v2\/pages\/8087\/revisions\/8164"}],"wp:attachment":[{"href":"https:\/\/garzonplaza.hu\/en\/wp-json\/wp\/v2\/media?parent=8087"}],"curies":[{"name":"wp","href":"https:\/\/api.w.org\/{rel}","templated":true}]}}