{"id":8593,"date":"2026-05-06T10:59:39","date_gmt":"2026-05-06T09:59:39","guid":{"rendered":"https:\/\/garzonplaza.hu\/?page_id=8593"},"modified":"2026-05-06T11:01:58","modified_gmt":"2026-05-06T10:01:58","slug":"ajandekutalvany","status":"publish","type":"page","link":"https:\/\/garzonplaza.hu\/en\/ajandekutalvany\/","title":{"rendered":"Gift voucher"},"content":{"rendered":"<div data-elementor-type=\"wp-page\" data-elementor-id=\"8593\" class=\"elementor elementor-8593\" data-elementor-post-type=\"page\">\n\t\t\t\t<div class=\"elementor-element elementor-element-6a08b50 e-con-full e-flex e-con e-parent\" data-id=\"6a08b50\" data-element_type=\"container\" data-e-type=\"container\" data-settings=\"{&quot;background_background&quot;:&quot;classic&quot;}\">\n\t\t<div class=\"elementor-element elementor-element-bc16f7e e-con-full e-flex e-con e-child\" data-id=\"bc16f7e\" data-element_type=\"container\" data-e-type=\"container\">\n\t\t\t\t<div class=\"elementor-element elementor-element-c258b71 elementor-widget elementor-widget-heading\" data-id=\"c258b71\" data-element_type=\"widget\" data-e-type=\"widget\" data-widget_type=\"heading.default\">\n\t\t\t\t<div class=\"elementor-widget-container\">\n\t\t\t\t\t<h1 class=\"elementor-heading-title elementor-size-default\">Gift voucher<\/h1>\t\t\t\t<\/div>\n\t\t\t\t<\/div>\n\t\t\t\t<div class=\"elementor-element elementor-element-7bea8ae elementor-icon-list--layout-inline elementor-align-center elementor-list-item-link-full_width elementor-widget elementor-widget-icon-list\" data-id=\"7bea8ae\" data-element_type=\"widget\" data-e-type=\"widget\" data-widget_type=\"icon-list.default\">\n\t\t\t\t<div class=\"elementor-widget-container\">\n\t\t\t\t\t\t\t<ul class=\"elementor-icon-list-items elementor-inline-items\">\n\t\t\t\t\t\t\t<li class=\"elementor-icon-list-item elementor-inline-item\">\n\t\t\t\t\t\t\t\t\t\t\t<a href=\"https:\/\/garzonplaza.hu\/en\/\">\n\n\t\t\t\t\t\t\t\t\t\t\t<span class=\"elementor-icon-list-text\">Home<\/span>\n\t\t\t\t\t\t\t\t\t\t\t<\/a>\n\t\t\t\t\t\t\t\t\t<\/li>\n\t\t\t\t\t\t\t\t<li class=\"elementor-icon-list-item elementor-inline-item\">\n\t\t\t\t\t\t\t\t\t\t<span class=\"elementor-icon-list-text\">Gift voucher<\/span>\n\t\t\t\t\t\t\t\t\t<\/li>\n\t\t\t\t\t\t<\/ul>\n\t\t\t\t\t\t<\/div>\n\t\t\t\t<\/div>\n\t\t\t\t<\/div>\n\t\t\t\t<\/div>\n\t\t<div class=\"elementor-element elementor-element-7589d39 e-flex e-con-boxed e-con e-parent\" data-id=\"7589d39\" data-element_type=\"container\" data-e-type=\"container\">\n\t\t\t\t\t<div class=\"e-con-inner\">\n\t\t\t\t<div class=\"elementor-element elementor-element-3440598 elementor-widget elementor-widget-spacer\" data-id=\"3440598\" data-element_type=\"widget\" data-e-type=\"widget\" data-widget_type=\"spacer.default\">\n\t\t\t\t<div class=\"elementor-widget-container\">\n\t\t\t\t\t\t\t<div class=\"elementor-spacer\">\n\t\t\t<div class=\"elementor-spacer-inner\"><\/div>\n\t\t<\/div>\n\t\t\t\t\t\t<\/div>\n\t\t\t\t<\/div>\n\t\t\t\t<div class=\"elementor-element elementor-element-b12b37c elementor-widget elementor-widget-html\" data-id=\"b12b37c\" data-element_type=\"widget\" data-e-type=\"widget\" data-widget_type=\"html.default\">\n\t\t\t\t<div class=\"elementor-widget-container\">\n\t\t\t\t\t<script type=\"text\/javascript\">\n  var bookingEngineConfig = {\n    id: '019df830-b9a9-71ec-8331-44ad3de81e63',\n    lang: 'hu',\n    currency: 'HUF'\n  };\n  var a=document.createElement('script');a.src='https:\/\/booking.previo.app\/loader\/';document.head.appendChild(a);\n<\/script>\n<div id=\"previo-booking-engine\"><\/div>\n\t\t\t\t<\/div>\n\t\t\t\t<\/div>\n\t\t\t\t\t<\/div>\n\t\t\t\t<\/div>\n\t\t\t\t<\/div>","protected":false},"excerpt":{"rendered":"<p>Aj\u00e1nd\u00e9kutalv\u00e1ny F\u0151oldal Aj\u00e1nd\u00e9kutalv\u00e1ny<\/p>","protected":false},"author":2,"featured_media":0,"parent":0,"menu_order":0,"comment_status":"closed","ping_status":"closed","template":"elementor_header_footer","meta":{"footnotes":""},"class_list":["post-8593","page","type-page","status-publish","hentry","entry","owp-thumbs-layout-horizontal","owp-btn-normal","owp-tabs-layout-horizontal","has-no-thumbnails","has-product-nav"],"_links":{"self":[{"href":"https:\/\/garzonplaza.hu\/en\/wp-json\/wp\/v2\/pages\/8593","targetHints":{"allow":["GET"]}}],"collection":[{"href":"https:\/\/garzonplaza.hu\/en\/wp-json\/wp\/v2\/pages"}],"about":[{"href":"https:\/\/garzonplaza.hu\/en\/wp-json\/wp\/v2\/types\/page"}],"author":[{"embeddable":true,"href":"https:\/\/garzonplaza.hu\/en\/wp-json\/wp\/v2\/users\/2"}],"replies":[{"embeddable":true,"href":"https:\/\/garzonplaza.hu\/en\/wp-json\/wp\/v2\/comments?post=8593"}],"version-history":[{"count":14,"href":"https:\/\/garzonplaza.hu\/en\/wp-json\/wp\/v2\/pages\/8593\/revisions"}],"predecessor-version":[{"id":8610,"href":"https:\/\/garzonplaza.hu\/en\/wp-json\/wp\/v2\/pages\/8593\/revisions\/8610"}],"wp:attachment":[{"href":"https:\/\/garzonplaza.hu\/en\/wp-json\/wp\/v2\/media?parent=8593"}],"curies":[{"name":"wp","href":"https:\/\/api.w.org\/{rel}","templated":true}]}}