{"id":7546,"date":"2025-09-30T07:18:46","date_gmt":"2025-09-30T06:18:46","guid":{"rendered":"https:\/\/garzonplaza.hu\/?post_type=product&#038;p=7546"},"modified":"2025-12-10T09:39:59","modified_gmt":"2025-12-10T08:39:59","slug":"bridgerton-new-years-eve","status":"publish","type":"product","link":"https:\/\/garzonplaza.hu\/en\/product-2\/bridgerton-new-years-eve\/","title":{"rendered":"\u2728 Bridgerton New Year's Eve at the F\u00f6ldv\u00e1ry Castle \u2728"},"content":{"rendered":"<p data-start=\"159\" data-end=\"245\">\u2728 <strong data-start=\"161\" data-end=\"209\">Bridgerton New Year's Eve at the F\u00f6ldv\u00e1ry Castle<\/strong> \u2728<br data-start=\"211\" data-end=\"214\" \/>\u00d6ttev\u00e9ny - 31 December 2025.<\/p>\n<p data-start=\"247\" data-end=\"340\">Step into the world of Bridgerton and say goodbye to the New Year with an unforgettable castle ball! \ud83c\udfa9\ud83d\udc52<\/p>\n<p data-start=\"342\" data-end=\"373\">\ud83c\udf7d <strong data-start=\"345\" data-end=\"371\">Gastronomic experiences<\/strong><\/p>\n<ul data-start=\"374\" data-end=\"553\">\n<li data-start=\"374\" data-end=\"457\">\n<p data-start=\"376\" data-end=\"457\">18:00-21:00: New Year's Eve buffet dinner with the finest dishes<\/p>\n<\/li>\n<li data-start=\"458\" data-end=\"553\">\n<p data-start=\"460\" data-end=\"553\">Midnight dinner: sausage and lentil soup and a rich cold dish to bring good luck for the New Year<\/p>\n<\/li>\n<\/ul>\n<p data-start=\"555\" data-end=\"581\">\ud83e\udd42 <strong data-start=\"558\" data-end=\"579\">Drinks &amp; atmosphere<\/strong><\/p>\n<ul data-start=\"582\" data-end=\"794\">\n<li data-start=\"582\" data-end=\"681\">\n<p data-start=\"584\" data-end=\"681\">19:00-01:00: unlimited drinks package (vodka, brandy, J\u00e4ger, Bacardi and many more)<\/p>\n<\/li>\n<li data-start=\"682\" data-end=\"755\">\n<p data-start=\"684\" data-end=\"755\">On arrival: mulled wine and roasted chestnuts in a \"vellcom drink\" atmosphere<\/p>\n<\/li>\n<li data-start=\"756\" data-end=\"794\">\n<p data-start=\"758\" data-end=\"794\">The midnight champagne toast in the price<\/p>\n<\/li>\n<\/ul>\n<p data-start=\"796\" data-end=\"825\">\ud83c\udf86 <strong data-start=\"799\" data-end=\"823\">Programmes &amp; experiences<\/strong><\/p>\n<ul data-start=\"826\" data-end=\"929\">\n<li data-start=\"826\" data-end=\"866\">\n<p data-start=\"828\" data-end=\"866\">Spectacular fireworks in the castle park<\/p>\n<\/li>\n<li data-start=\"867\" data-end=\"929\">\n<p data-start=\"869\" data-end=\"929\">Stylish photo corner to preserve your Bridgerton Ball memories<\/p>\n<\/li>\n<\/ul>\n<p data-start=\"931\" data-end=\"1087\">\ud83d\udcab Dress smart, bring your friends and be part of a real castle New Year's Eve, where the elegance of the past meets the celebration of the present!<\/p>\n<p data-start=\"1089\" data-end=\"1134\">\ud83d\udccd <strong data-start=\"1092\" data-end=\"1105\">Location:<\/strong> F\u00f6ldv\u00e1ry Castle, \u00d6ttev\u00e9ny<\/p>","protected":false},"excerpt":{"rendered":"<p data-start=\"58\" data-end=\"320\">\u2728 <strong data-start=\"60\" data-end=\"109\">Bridgerton New Year's Eve at the F\u00f6ldv\u00e1ry Castle!<\/strong> \u2728<br data-start=\"111\" data-end=\"114\" \/>Sumptuous buffet dinner, unlimited drinks package, midnight champagne and dinner, fireworks and photo corner. \ud83c\udf86\ud83e\udd42<br data-start=\"220\" data-end=\"223\" \/>On arrival, we'll be waiting for you with mulled wine and chestnuts - join us for the most special night of the year!<\/p>\n<p data-start=\"322\" data-end=\"374\">\ud83d\udccd F\u00f6ldv\u00e1ry Castle, \u00d6ttev\u00e9ny - 31 December 2025.<\/p>","protected":false},"featured_media":7547,"template":"","meta":[],"product_brand":[],"product_cat":[95],"product_tag":[],"class_list":{"0":"post-7546","1":"product","2":"type-product","3":"status-publish","4":"has-post-thumbnail","6":"product_cat-foldvary-kastely","8":"entry","9":"has-media","11":"first","12":"outofstock","13":"virtual","14":"purchasable","15":"product-type-simple","16":"has-product-nav","17":"col","18":"span_1_of_3","19":"owp-content-center","20":"owp-thumbs-layout-horizontal","21":"owp-btn-normal","22":"owp-tabs-layout-horizontal","23":"has-no-thumbnails"},"_links":{"self":[{"href":"https:\/\/garzonplaza.hu\/en\/wp-json\/wp\/v2\/product\/7546","targetHints":{"allow":["GET"]}}],"collection":[{"href":"https:\/\/garzonplaza.hu\/en\/wp-json\/wp\/v2\/product"}],"about":[{"href":"https:\/\/garzonplaza.hu\/en\/wp-json\/wp\/v2\/types\/product"}],"wp:featuredmedia":[{"embeddable":true,"href":"https:\/\/garzonplaza.hu\/en\/wp-json\/wp\/v2\/media\/7547"}],"wp:attachment":[{"href":"https:\/\/garzonplaza.hu\/en\/wp-json\/wp\/v2\/media?parent=7546"}],"wp:term":[{"taxonomy":"product_brand","embeddable":true,"href":"https:\/\/garzonplaza.hu\/en\/wp-json\/wp\/v2\/product_brand?post=7546"},{"taxonomy":"product_cat","embeddable":true,"href":"https:\/\/garzonplaza.hu\/en\/wp-json\/wp\/v2\/product_cat?post=7546"},{"taxonomy":"product_tag","embeddable":true,"href":"https:\/\/garzonplaza.hu\/en\/wp-json\/wp\/v2\/product_tag?post=7546"}],"curies":[{"name":"wp","href":"https:\/\/api.w.org\/{rel}","templated":true}]}}