{"id":5627,"date":"2024-05-06T15:02:33","date_gmt":"2024-05-06T14:02:33","guid":{"rendered":"https:\/\/garzonplaza.hu\/?page_id=5627"},"modified":"2024-05-06T15:05:03","modified_gmt":"2024-05-06T14:05:03","slug":"cookie-tajekoztato","status":"publish","type":"page","link":"https:\/\/garzonplaza.hu\/ro\/cookie-tajekoztato\/","title":{"rendered":"Informa\u021bii despre cookie-uri"},"content":{"rendered":"<div data-elementor-type=\"wp-page\" data-elementor-id=\"5627\" class=\"elementor elementor-5627\" data-elementor-post-type=\"page\">\n\t\t\t\t<div class=\"elementor-element elementor-element-363adb8 e-flex e-con-boxed e-con e-parent\" data-id=\"363adb8\" data-element_type=\"container\" data-e-type=\"container\">\n\t\t\t\t\t<div class=\"e-con-inner\">\n\t\t\t\t<div class=\"elementor-element elementor-element-a74e8b8 elementor-widget elementor-widget-html\" data-id=\"a74e8b8\" data-element_type=\"widget\" data-e-type=\"widget\" data-widget_type=\"html.default\">\n\t\t\t\t<div class=\"elementor-widget-container\">\n\t\t\t\t\t<style>\n    a.cky-banner-element {\n        padding: 8px 30px;\n        background: #F8F9FA;\n        color: #858A8F;\n        border: 1px solid #DEE2E6;\n        box-sizing: border-box;\n        border-radius: 2px;\n        cursor: pointer;\n}\n<\/style>\n<h1 class=\"cookie-policy-h1\">Politica privind cookie-urile<\/h1>\n<p>\n    Data intr\u0103rii \u00een vigoare: 06-mai-2024 <br>\n    Ultima actualizare: 06-mai-2024\n<\/p>\n \n&nbsp;\n<h5>Ce sunt cookie-urile?<\/h5>\n<div class=\"cookie-policy-p\"><p>Aceast\u0103 Politic\u0103 privind cookie-urile explic\u0103 ce sunt cookie-urile \u0219i cum le folosim, tipurile de cookie-uri pe care le folosim, adic\u0103 informa\u021biile pe care le colect\u0103m cu ajutorul cookie-urilor \u0219i cum sunt folosite aceste informa\u021bii, precum \u0219i cum s\u0103 gestiona\u021bi set\u0103rile cookie-urilor.<\/p> <p>Cookie-urile sunt fi\u0219iere text de mici dimensiuni care sunt utilizate pentru a stoca informa\u021bii de mici dimensiuni. Acestea sunt stocate pe dispozitivul dumneavoastr\u0103 atunci c\u00e2nd site-ul web este \u00eenc\u0103rcat pe browserul dumneavoastr\u0103. Aceste module cookie ne ajut\u0103 s\u0103 facem ca site-ul web s\u0103 func\u021bioneze corect, s\u0103 \u00eel facem mai sigur, s\u0103 oferim o experien\u021b\u0103 mai bun\u0103 pentru utilizator \u0219i s\u0103 \u00een\u021belegem cum func\u021bioneaz\u0103 site-ul web \u0219i s\u0103 analiz\u0103m ce func\u021bioneaz\u0103 \u0219i unde este nevoie de \u00eembun\u0103t\u0103\u021biri.<\/p><\/div>\n \n&nbsp;\n<h5>Cum folosim cookie-urile?<\/h5>\n<div class=\"cookie-policy-p\"><p>La fel ca majoritatea serviciilor online, site-ul nostru web utilizeaz\u0103 cookie-uri de la prima parte \u0219i de la ter\u021bi \u00een mai multe scopuri. Cookie-urile de la prima parte sunt \u00een mare parte necesare pentru ca site-ul web s\u0103 func\u021bioneze \u00een mod corespunz\u0103tor \u0219i nu colecteaz\u0103 niciun fel de date de identificare personal\u0103.<\/p> <p>Modulele cookie ale ter\u021bilor utilizate pe site-ul nostru web sunt utilizate \u00een principal pentru a \u00een\u021belege modul \u00een care func\u021bioneaz\u0103 site-ul web, modul \u00een care interac\u021biona\u021bi cu site-ul nostru web, pentru a men\u021bine serviciile noastre \u00een siguran\u021b\u0103, pentru a furniza reclame relevante pentru dvs. \u0219i, \u00een general, pentru a v\u0103 oferi o experien\u021b\u0103 de utilizare mai bun\u0103 \u0219i \u00eembun\u0103t\u0103\u021bit\u0103 \u0219i pentru a v\u0103 ajuta s\u0103 accelera\u021bi viitoarele interac\u021biuni cu site-ul nostru web.<\/p><\/div>\n \n&nbsp;\n<h5>Tipuri de cookie-uri pe care le folosim<\/h5>\n \n    <div class=\"cky-audit-table-element\"><\/div>\n \n&nbsp;\n<h5 style=\"margin-bottom:20px;\">Gestiona\u021bi preferin\u021bele privind cookie-urile<\/h5>\n \n    <a class=\"cky-banner-element\">Set\u0103ri cookie<\/a> <br\/>\n \n    <div><p>V\u0103 pute\u021bi modifica preferin\u021bele privind cookie-urile \u00een orice moment, f\u0103c\u00e2nd clic pe butonul de mai sus. Acest lucru v\u0103 va permite s\u0103 reveni\u021bi la bannerul de consim\u021b\u0103m\u00e2nt privind cookie-urile \u0219i s\u0103 v\u0103 modifica\u021bi preferin\u021bele sau s\u0103 v\u0103 retrage\u021bi consim\u021b\u0103m\u00e2ntul imediat. <\/p> <p>\u00cen plus, diferite browsere ofer\u0103 diferite metode de blocare \u0219i \u0219tergere a modulelor cookie utilizate de site-urile web. Pute\u021bi modifica set\u0103rile browserului dvs. pentru a bloca\/\u0219terge modulele cookie. Mai jos sunt enumerate linkurile c\u0103tre documentele de asisten\u021b\u0103 privind modul de gestionare \u0219i \u0219tergere a modulelor cookie de la principalele browsere web.<\/p> <p>Chrome: <a href=\"https:\/\/support.google.com\/accounts\/answer\/32050\" target=\"_blank\" rel=\"noopener\">https:\/\/support.google.com\/accounts\/answer\/32050<\/a><\/p><p>Safari: <a href=\"https:\/\/support.apple.com\/en-in\/guide\/safari\/sfri11471\/mac\" target=\"_blank\" rel=\"noopener\">https:\/\/support.apple.com\/en-in\/guide\/safari\/sfri11471\/mac<\/a><\/p><p>Firefox: <a href=\"https:\/\/support.mozilla.org\/en-US\/kb\/clear-cookies-and-site-data-firefox?redirectslug=delete-cookies-remove-info-websites-stored&amp;redirectlocale=en-US\" target=\"_blank\" rel=\"noopener\">https:\/\/support.mozilla.org\/en-US\/kb\/clear-cookies-and-site-data-firefox?redirectslug=delete-cookies-remove-info-websites-stored&redirectlocale=en-US<\/a><\/p><p>Internet Explorer: <a href=\"https:\/\/support.microsoft.com\/en-us\/topic\/how-to-delete-cookie-files-in-internet-explorer-bca9446f-d873-78de-77ba-d42645fa52fc\" target=\"_blank\" rel=\"noopener\">https:\/\/support.microsoft.com\/en-us\/topic\/how-to-delete-cookie-files-in-internet-explorer-bca9446f-d873-78de-77ba-d42645fa52fc<\/a><\/p><p>Dac\u0103 utiliza\u021bi un alt browser web, v\u0103 rug\u0103m s\u0103 vizita\u021bi documentele oficiale de asisten\u021b\u0103 pentru browserul dvs.<\/p><\/div>\n \n \n&nbsp;\n<p class=\"cookie-policy-p\">\n    Politica privind cookie-urile Generat\u0103 de  <a target=\"_blank\" href=\"https:\/\/www.cookieyes.com\/?utm_source=CP&amp;utm_medium=footer&amp;utm_campaign=UW\" rel=\"noopener\">CookieYes - Generator de politici de cookie-uri<\/a>.\n<\/p>\t\t\t\t<\/div>\n\t\t\t\t<\/div>\n\t\t\t\t\t<\/div>\n\t\t\t\t<\/div>\n\t\t\t\t<\/div>","protected":false},"excerpt":{"rendered":"<p>Cookie Policy Effective Date: 06-May-2024 Last Updated: 06-May-2024 &nbsp; What are cookies? This Cookie Policy explains what cookies are and how we use them, the types of cookies we use i.e, the information we collect using cookies and how that information is used, and how to manage the cookie settings. Cookies are small text files [&hellip;]<\/p>\n","protected":false},"author":2,"featured_media":0,"parent":0,"menu_order":0,"comment_status":"closed","ping_status":"closed","template":"elementor_header_footer","meta":{"footnotes":""},"class_list":["post-5627","page","type-page","status-publish","hentry","entry","owp-thumbs-layout-horizontal","owp-btn-normal","owp-tabs-layout-horizontal","has-no-thumbnails","has-product-nav"],"_links":{"self":[{"href":"https:\/\/garzonplaza.hu\/ro\/wp-json\/wp\/v2\/pages\/5627","targetHints":{"allow":["GET"]}}],"collection":[{"href":"https:\/\/garzonplaza.hu\/ro\/wp-json\/wp\/v2\/pages"}],"about":[{"href":"https:\/\/garzonplaza.hu\/ro\/wp-json\/wp\/v2\/types\/page"}],"author":[{"embeddable":true,"href":"https:\/\/garzonplaza.hu\/ro\/wp-json\/wp\/v2\/users\/2"}],"replies":[{"embeddable":true,"href":"https:\/\/garzonplaza.hu\/ro\/wp-json\/wp\/v2\/comments?post=5627"}],"version-history":[{"count":4,"href":"https:\/\/garzonplaza.hu\/ro\/wp-json\/wp\/v2\/pages\/5627\/revisions"}],"predecessor-version":[{"id":5632,"href":"https:\/\/garzonplaza.hu\/ro\/wp-json\/wp\/v2\/pages\/5627\/revisions\/5632"}],"wp:attachment":[{"href":"https:\/\/garzonplaza.hu\/ro\/wp-json\/wp\/v2\/media?parent=5627"}],"curies":[{"name":"wp","href":"https:\/\/api.w.org\/{rel}","templated":true}]}}