{"id":8022,"date":"2026-03-08T17:22:30","date_gmt":"2026-03-08T16:22:30","guid":{"rendered":"https:\/\/garzonplaza.hu\/?page_id=8022"},"modified":"2026-03-08T18:03:24","modified_gmt":"2026-03-08T17:03:24","slug":"vendegtajekoztato","status":"publish","type":"page","link":"https:\/\/garzonplaza.hu\/ro\/vendegtajekoztato\/","title":{"rendered":"Informa\u021bii pentru vizitatori"},"content":{"rendered":"<div data-elementor-type=\"wp-page\" data-elementor-id=\"8022\" class=\"elementor elementor-8022\" data-elementor-post-type=\"page\">\n\t\t\t\t<div class=\"elementor-element elementor-element-ca5c7cc e-flex e-con-boxed e-con e-parent\" data-id=\"ca5c7cc\" data-element_type=\"container\" data-e-type=\"container\">\n\t\t\t\t\t<div class=\"e-con-inner\">\n\t\t\t\t<div class=\"elementor-element elementor-element-7aa3d66 elementor-widget elementor-widget-heading\" data-id=\"7aa3d66\" data-element_type=\"widget\" data-e-type=\"widget\" data-widget_type=\"heading.default\">\n\t\t\t\t<div class=\"elementor-widget-container\">\n\t\t\t\t\t<h2 class=\"elementor-heading-title elementor-size-default\">Informa\u021bii pentru vizitatori<\/h2>\t\t\t\t<\/div>\n\t\t\t\t<\/div>\n\t\t\t\t\t<\/div>\n\t\t\t\t<\/div>\n\t\t<div class=\"elementor-element elementor-element-4e59462 e-flex e-con-boxed e-con e-parent\" data-id=\"4e59462\" data-element_type=\"container\" data-e-type=\"container\">\n\t\t\t\t\t<div class=\"e-con-inner\">\n\t\t\t\t<div class=\"elementor-element elementor-element-a6df5d9 elementor-widget elementor-widget-text-editor\" data-id=\"a6df5d9\" data-element_type=\"widget\" data-e-type=\"widget\" data-widget_type=\"text-editor.default\">\n\t\t\t\t<div class=\"elementor-widget-container\">\n\t\t\t\t\t\t\t\t\t<p><b>HOTEL GARZON PLAZA\u00a0<\/b><b><\/b><\/p><p>Drag\u0103 oaspete!\u00a0<\/p><p>Bine a\u021bi venit la hotelul Hotel Garzon Plaza**!\u00a0<\/p><p>V\u0103 mul\u021bumim pentru c\u0103 a\u021bi ales hotelul nostru. Scopul nostru este s\u0103 v\u0103 facem \u0219ederea c\u00e2t mai confortabil\u0103 \u0219i lipsit\u0103 de complica\u021bii. Urm\u0103toarele informa\u021bii v\u0103 vor ajuta s\u0103 cunoa\u0219te\u021bi serviciile hotelului nostru \u0219i cele mai importante lucruri pe care trebuie s\u0103 le \u0219ti\u021bi despre sejurul dumneavoastr\u0103.\u00a0<\/p><p>Dac\u0103 ave\u021bi \u00eentreb\u0103ri, personalul nostru este disponibil la recep\u021bie 24 de ore pe zi.\u00a0<br \/>Num\u0103rul de telefon al recep\u021biei din camer\u0103: 100\u00a0<\/p><p><b>Numere de telefon importante\u00a0<\/b><b><\/b><\/p><p>Recep\u021bie: 100\u00a0<br \/>Restaurantul nostru: 200\u00a0<br \/>Room service: 200\u00a0<\/p><p>Num\u0103r de urgen\u021b\u0103: 112\u00a0<\/p><p>\u00a0<\/p><p><b>Experien\u021ba digital\u0103 a clien\u021bilor\u00a0<\/b><b><\/b><\/p><p>Hotelul nostru \u00ee\u0219i \u00eembun\u0103t\u0103\u021be\u0219te constant serviciile pentru a asigura un sejur mai rapid \u0219i mai confortabil pentru oaspe\u021bii no\u0219tri.\u00a0<\/p><p>Conectare \u0219i deconectare online automat\u0103\u00a0<\/p><p>Previo Alfred permite oaspe\u021bilor s\u0103 fac\u0103 check-in online \u00eenainte de sosire \u0219i check-out online la plecare.\u00a0<\/p><p>Avantajele:\u00a0<\/p><ul><li>sosire rapid\u0103, f\u0103r\u0103 coad\u0103\u00a0<\/li><li>toate datele necesare pot fi \u00eenregistrate \u00een avans\u00a0<\/li><li>administrare simpl\u0103 \u0219i sigur\u0103\u00a0<\/li><\/ul><p>Cheie de camer\u0103 inteligent\u0103 - acces digital\u00a0<\/p><p>Mai multe camere din hotelul nostru au un sistem inteligent de m\u00e2ner al u\u0219ii.\u00a0<\/p><p>Cum func\u021bioneaz\u0103 sistemul:\u00a0<\/p><ul><li>un cod este trimis automat oaspe\u021bilor no\u0219tri \u00eenainte de sosire\u00a0<\/li><li>codul poate fi folosit pentru a deschide camera f\u0103r\u0103 cheie sau recep\u021bioner\u00a0<\/li><li>codul este valabil numai pe durata sejurului dumneavoastr\u0103\u00a0<\/li><\/ul><p>Aceast\u0103 solu\u021bie permite, de asemenea, o sosire complet f\u0103r\u0103 contact.\u00a0<\/p><p>\u00a0<\/p><p><b>Ghidul oaspetelui - Servicii ABC\u00a0<\/b><b><\/b><\/p><p>\u00a0<\/p><p><b>A\u00a0<\/b><b><\/b><\/p><p><b>Adaptor\u00a0<\/b><b><\/b><\/p><p>Hotelul nostru ofer\u0103 posibilitatea de a utiliza un adaptor\/plug-in pentru uz interna\u021bional.\u00a0<br \/>V\u0103 rug\u0103m s\u0103 informa\u021bi recep\u021bia cu privire la solicitarea dvs.\u00a0<\/p><p><b>Voucher cadou\u00a0<\/b><b><\/b><\/p><p>Dac\u0103 v-a\u021bi pl\u0103tit sejurul \u00een avans sub forma unui voucher cadou, v\u0103 rug\u0103m s\u0103 \u00eel \u00eenm\u00e2na\u021bi la recep\u021bie la sosire.\u00a0<br \/>V\u0103 rug\u0103m s\u0103 solicita\u021bi la recep\u021bie informa\u021bii privind achizi\u021bionarea unui voucher cadou.\u00a0<\/p><p><b>Accesibilitate\u00a0<\/b><b><\/b><\/p><p>Hotelul nostru are o camer\u0103 pentru oaspe\u021bii cu handicap.\u00a0<br \/>Toate zonele publice ale hotelului sunt accesibile cu liftul \u0219i acces pentru scaune cu rotile.\u00a0<\/p><p><b>S\u0103p\u0103tor\u00a0<\/b><b><\/b><\/p><p>La hotel este disponibil\u0103 lenjerie de pat lavabil\u0103.\u00a0<br \/>V\u0103 rug\u0103m s\u0103 informa\u021bi recep\u021bia cu privire la solicitarea dvs.\u00a0<\/p><p><b>Schimbarea lenjeriei\u00a0<\/b><b><\/b><\/p><p>Lenjeria de pat este schimbat\u0103 la fiecare trei nop\u021bi.\u00a0<br \/>Lenjeria de pat curat\u0103 este furnizat\u0103 zilnic, la cerere.\u00a0<\/p><p><b>GTC\u00a0<\/b><b><\/b><\/p><p>Termenii \u0219i condi\u021biile noastre sunt disponibile pe site-ul nostru:\u00a0<br \/><a href=\"https:\/\/garzonplaza.hu\/ro\/\">www.garzonplaza.hu<\/a>\u00a0<\/p><p>\u00a0<\/p><p><b>B\u00a0<\/b><b><\/b><\/p><p><b>Pachet pentru copii\u00a0<\/b><b><\/b><\/p><p>Pentru oaspe\u021bii cu copii, punem la dispozi\u021bie urm\u0103toarele echipamente \u00een limita stocului disponibil:\u00a0<\/p><ul><li>pat pentru copii\u00a0<\/li><li>baie pentru copii\u00a0<\/li><li>ceainic\u00a0<\/li><\/ul><p><b>Carduri de debit \u0219i de credit\u00a0<\/b><b><\/b><\/p><p>La hotelul nostru este posibil\u0103 plata \u00een numerar \u0219i cu cardul de credit.\u00a0<\/p><p>Carduri acceptate:\u00a0<\/p><ul><li>American Express\u00a0<\/li><li>Eurocard\u00a0<\/li><li>Maestru\u00a0<\/li><li>MasterCard\u00a0<\/li><li>Vize\u00a0<\/li><li>Visa Electron\u00a0<\/li><\/ul><p>Hotelul nostru accept\u0103 carduri SZ\u00c9P (OTP, MKB, K&amp;H).\u00a0<\/p><p><b>De\u0219i\u00a0<\/b><b><\/b><\/p><p>La barul restaurantului Cosa Nostra sunt disponibile b\u0103uturi standard \u0219i specialit\u0103\u021bi.\u00a0<br \/>Oferim aproape 50 de tipuri diferite de rom.\u00a0<\/p><p><b>Securitate\u00a0<\/b><b><\/b><\/p><p>Pentru siguran\u021ba dumneavoastr\u0103, v\u0103 rug\u0103m s\u0103 \u00eencuia\u021bi \u00eentotdeauna u\u0219a camerei atunci c\u00e2nd dormi\u021bi sau p\u0103r\u0103si\u021bi camera.\u00a0<\/p><p><b>Produse de b\u0103rbierit\u00a0<\/b><b><\/b><\/p><p>V\u0103 rug\u0103m s\u0103 contacta\u021bi recep\u021bia la cerere.\u00a0<\/p><p>\u00a0<\/p><p><b>C\u00a0<\/b><b><\/b><\/p><p><b>Cur\u0103\u021barea pantofilor\u00a0<\/b><b><\/b><\/p><p>Un aparat de lustruit pantofi este disponibil \u00een hol, vizavi de lifturi.\u00a0<\/p><p><b>Livrarea coletelor\u00a0<\/b><b><\/b><\/p><p>V\u0103 rug\u0103m s\u0103 informa\u021bi recep\u021bia cu privire la bagajele dvs.\u00a0<\/p><p><b>Pachet camer\u0103\u00a0<\/b><b><\/b><\/p><p>Oaspe\u021bii pot depozita bagajele \u00een zona de hol.\u00a0<\/p><p>\u00a0<\/p><p><b>D\u00a0<\/b><b><\/b><\/p><p><b>Fumat\u00a0<\/b><b><\/b><\/p><p>\u00centregul hotel este nefum\u0103tor.\u00a0<\/p><p>Fumatul este permis numai \u00een zonele desemnate.\u00a0<\/p><p>Dac\u0103 se fumeaz\u0103 \u00een camer\u0103\u00a0<br \/>Va fi perceput\u0103 o tax\u0103 suplimentar\u0103 de cur\u0103\u021benie de 15 000 HUF.\u00a0<\/p><p>\u00a0<\/p><p><b>E\u00a0<\/b><b><\/b><\/p><p><b>Treze\u0219te-te\u00a0<\/b><b><\/b><\/p><p>Pute\u021bi solicita gratuit o alarm\u0103 la recep\u021bie.\u00a0<\/p><p><b>Plecare\u00a0<\/b><b><\/b><\/p><p>V\u0103 rug\u0103m s\u0103 p\u0103r\u0103si\u021bi camera p\u00e2n\u0103 la ora 11:00 \u00een ziua plec\u0103rii.\u00a0<\/p><p>Pute\u021bi solicita factura cu o sear\u0103 \u00eenainte pentru a asigura un check-out f\u0103r\u0103 probleme.\u00a0<\/p><p>\u00cen func\u021bie de disponibilitate, se poate solicita check-out t\u00e2rziu.\u00a0<\/p><p><b>Obiecte pierdute\u00a0<\/b><b><\/b><\/p><p>Dac\u0103 a\u021bi pierdut un obiect de valoare, v\u0103 rug\u0103m s\u0103 contacta\u021bi recep\u021bia.\u00a0<\/p><p><b>Umbrel\u0103\u00a0<\/b><b><\/b><\/p><p>Oaspe\u021bii primesc gratuit o umbrel\u0103 \u00een timpul sejurului.\u00a0<\/p><p><b>\u00a0<\/b><b><\/b><\/p><p><b>Restaurant\u00a0<\/b><b><\/b><\/p><p>Restaurant Pasta Nostra\u00a0<\/p><p>Restaurantul hotelului este Pasta Nostra, unde oaspe\u021bii se pot bucura de preparate proaspete din buc\u0103t\u0103ria italian\u0103, paste artizanale \u0219i m\u00e2nc\u0103ruri realizate cu ingrediente de calitate.\u00a0<\/p><p>Restaurantul ofer\u0103:\u00a0<\/p><ul><li>Paste proaspete artizanale\u00a0<\/li><li>Pizze napolitane cu ingrediente italiene\u00a0<\/li><li>Deserturi de cas\u0103\u00a0<\/li><li>selec\u021bie larg\u0103 de b\u0103uturi, (la pre\u021burile Clubului Universitar)\u00a0<\/li><\/ul><p>Ore de deschidere:\u00a0<\/p><p>V-Cs 17:00 - 22:00\u00a0<\/p><p>vineri - s\u00e2mb\u0103t\u0103 17:00 - 23:00\u00a0<\/p><p>Restaurantul este locul ideal pentru o cin\u0103 pl\u0103cut\u0103 sau o \u00eent\u00e2lnire cu prietenii.\u00a0<\/p><p>Rezerva\u021bi o mas\u0103 de biliard la un pre\u021b avantajos\u00a0<\/p><p>\u00a0<\/p><p>\u00a0<\/p><p><b>F\u00a0<\/b><b><\/b><\/p><p><b>Fax\u00a0<\/b><b><\/b><\/p><p>Serviciul de fax este disponibil prin intermediul recep\u021biei.\u00a0<\/p><p>Num\u0103rul de fax:\u00a0<br \/>+36 96 900 500\u00a0<\/p><p><b>Fotocopiere, tip\u0103rire\u00a0<\/b><b><\/b><\/p><p>Serviciile de fotocopiere \u0219i imprimare sunt disponibile la recep\u021bie.\u00a0<\/p><p><b>Pieptene\u00a0<\/b><b><\/b><\/p><p>V\u0103 rug\u0103m s\u0103 contacta\u021bi recep\u021bia la cerere.\u00a0<\/p><p><b>Periu\u021b\u0103 de din\u021bi \u0219i past\u0103 de din\u021bi\u00a0<\/b><b><\/b><\/p><p>V\u0103 rug\u0103m s\u0103 contacta\u021bi recep\u021bia la cerere.\u00a0<\/p><p><b>Halat de baie\u00a0<\/b><b><\/b><\/p><p>\u00cen toate camerele sunt disponibile halate de baie.\u00a0<\/p><p><b>C\u00e2ntare de baie\u00a0<\/b><b><\/b><\/p><p>Disponibilitate limitat\u0103. V\u0103 rug\u0103m s\u0103 contacta\u021bi recep\u021bia pentru a solicita acest lucru.\u00a0<\/p><p><b>\u00cenc\u0103lzire\u00a0<\/b><b><\/b><\/p><p>Camerele au \u00eenc\u0103lzire cu radiator controlat\u0103 individual.\u00a0<\/p><p>\u00a0<\/p><p><b>G\u00a0<\/b><b><\/b><\/p><p><b>P\u0103tu\u021b pentru copil\u00a0<\/b><b><\/b><\/p><p>V\u0103 rug\u0103m s\u0103 anun\u021ba\u021bi recep\u021bia dac\u0103 ave\u021bi nevoie de acest lucru.\u00a0<\/p><p><b>\u00cengrijirea copiilor\u00a0<\/b><b><\/b><\/p><p>V\u0103 rug\u0103m s\u0103 contacta\u021bi recep\u021bia pentru informa\u021bii privind \u00eengrijirea copiilor.\u00a0<\/p><p><b>Farmacie\u00a0<\/b><b><\/b><\/p><p>Produsele de farmacie sunt disponibile la recep\u021bie.\u00a0<\/p><p>\u00a0<\/p><p><b>H\u00a0<\/b><b><\/b><\/p><p><b>Usc\u0103tor de p\u0103r\u00a0<\/b><b><\/b><\/p><p>\u00cen baia fiec\u0103rei camere este disponibil un usc\u0103tor de p\u0103r.\u00a0<\/p><p><b>Animale de companie\u00a0<\/b><b><\/b><\/p><p>Animalele de companie (c\u00e2ini, pisici) pot fi cazate \u00een camerele standard desemnate, contra cost \u0219i sub supraveghere.\u00a0<\/p><p>\u00a0<\/p><p><b>I\u00a0<\/b><b><\/b><\/p><p><b>Ghid turistic\u00a0<\/b><b><\/b><\/p><p>V\u0103 putem ajuta s\u0103 organiza\u021bi un ghid, dac\u0103 este necesar.\u00a0<\/p><p><b>Internet\u00a0<\/b><b><\/b><\/p><p>WiFi gratuit este disponibil \u00een \u00eentregul hotel.\u00a0<br \/>Nu este necesar\u0103 nicio parol\u0103 pentru conectare.\u00a0<\/p><p>De asemenea, la recep\u021bie este disponibil un computer pentru oaspe\u021bi.\u00a0<\/p><p><b>\u00cenchinarea\u00a0<\/b><b><\/b><\/p><p>Informa\u021bii despre biseric\u0103 \u0219i orele de slujb\u0103 sunt disponibile la recep\u021bie.\u00a0<\/p><p>\u00a0<\/p><p><b>J\u00a0<\/b><b><\/b><\/p><p><b>Cub de ghea\u021b\u0103\u00a0<\/b><b><\/b><\/p><p>Disponibil de la room service.\u00a0<\/p><p>Telefon: 200\u00a0<\/p><p>\u00a0<\/p><p><b>K\u00a0<\/b><b><\/b><\/p><p><b>\u00centre\u021binere\u00a0<\/b><b><\/b><\/p><p>Dac\u0103 v\u0103 confrunta\u021bi cu o defec\u021biune a echipamentului din camera dvs., v\u0103 rug\u0103m s\u0103 o raporta\u021bi la recep\u021bie.\u00a0<\/p><p><b>Ie\u0219ire\u00a0<\/b><b><\/b><\/p><p>V\u0103 rug\u0103m s\u0103 p\u0103r\u0103si\u021bi camera p\u00e2n\u0103 la ora 11:00 \u00een ziua plec\u0103rii.\u00a0<\/p><p>Dac\u0103 face\u021bi check-out online, procesul poate fi efectuat \u0219i prin intermediul Previo Alfred, ceea ce face ca plecarea s\u0103 fie rapid\u0103 \u0219i u\u0219oar\u0103.\u00a0<\/p><p>\u00a0<\/p><p><b>\u00cenchiriere biciclete\u00a0<\/b><b><\/b><\/p><p>Ora\u0219ul Gy\u0151r are un sistem comunitar de biciclete.\u00a0<br \/>Mai multe informa\u021bii:\u00a0<br \/><a href=\"http:\/\/www.gyorbike.hu\/\" target=\"_blank\" rel=\"noopener\">www.gyorbike.hu<\/a>\u00a0<\/p><p><b>Seif central\u00a0<\/b><b><\/b><\/p><p>Un seif central este disponibil la recep\u021bie.\u00a0<\/p><p>\u00a0<\/p><p><b>L\u00a0<\/b><b><\/b><\/p><p><b>Laptop\u00a0<\/b><b><\/b><\/p><p>La recep\u021bie este disponibil\u0103 asisten\u021b\u0103 pentru calculatoare sau laptopuri.\u00a0<br \/>Disponibil: 08:00-16:00\u00a0<\/p><p>\u00a0<\/p><p><b>M\u00a0<\/b><b><\/b><\/p><p><b>Masaj\u00a0<\/b><b><\/b><\/p><p>Serviciul de masaj este disponibil la etajul 2 al hotelului.\u00a0<\/p><p><b>Ruta de evadare\u00a0<\/b><b><\/b><\/p><p>\u00cen caz de incendiu, urma\u021bi ruta de evacuare de pe u\u0219a camerei.\u00a0<\/p><p><b>Minibar\u00a0<\/b><b><\/b><\/p><p>Minibarul este disponibil contra cost.\u00a0<\/p><p>\u00a0<\/p><p><b>M (cont.)\u00a0<\/b><b><\/b><\/p><p><b>Sp\u0103lare\u00a0<\/b><b><\/b><\/p><p>Serviciu de sp\u0103l\u0103torie disponibil.\u00a0<br \/>Dac\u0103 este trimis \u00eenainte de ora 09:00, acesta va fi gata \u00een termen de 12 ore.\u00a0<\/p><p>\u00a0<\/p><p><b>N\u00a0<\/b><b><\/b><\/p><p><b>Ziare cotidiene\u00a0<\/b><b><\/b><\/p><p>Ziarele proaspete sunt disponibile zilnic \u00een hol.\u00a0<\/p><p><b>Telefon public\u00a0<\/b><b><\/b><\/p><p>Un telefon public este disponibil la recep\u021bie.\u00a0<\/p><p>\u00a0<\/p><p><b>O\u00a0<\/b><b><\/b><\/p><p><b>Medic\u00a0<\/b><b><\/b><\/p><p>V\u0103 rug\u0103m s\u0103 contacta\u021bi recep\u021bia pentru asisten\u021b\u0103 medical\u0103.\u00a0<\/p><p>\u00a0<\/p><p><b>P\u00a0<\/b><b><\/b><\/p><p><b>Gestionarea reclama\u021biilor\u00a0<\/b><b><\/b><\/p><p>V\u0103 rug\u0103m s\u0103 contacta\u021bi recep\u021bia pentru orice observa\u021bie \u00een timpul \u0219ederii dumneavoastr\u0103.\u00a0<\/p><p><b>Papuci de cas\u0103\u00a0<\/b><b><\/b><\/p><p>\u00cen toate camerele sunt disponibile papuci de cas\u0103.\u00a0<\/p><p><b>Meniu pern\u0103\u00a0<\/b><b><\/b><\/p><p>Este disponibil\u0103 o gam\u0103 de cinci perne.\u00a0<\/p><p><b>Parcare\u00a0<\/b><b><\/b><\/p><p>Parcarea este disponibil\u0103 pentru oaspe\u021bii no\u0219tri:\u00a0<\/p><p>Parcare gratuit\u0103\u00a0<br \/>\u00een fa\u021ba hotelului\u00a0<\/p><p>Parcare p\u0103zit\u0103\u00a0<br \/>cu barier\u0103 \u0219i camer\u0103\u00a0<br \/>1900 Ft \/ noapte\u00a0<\/p><p>\u00a0<\/p><p><b>Pat suplimentar\u00a0<\/b><b><\/b><\/p><p>Unele camere au paturi suplimentare.\u00a0<\/p><p><b>Gestionarea programului\u00a0<\/b><b><\/b><\/p><p>Personalul hotelului nostru v\u0103 va ajuta s\u0103 v\u0103 organiza\u021bi programul.\u00a0<\/p><p>\u00a0<\/p><p><b>R\u00a0<\/b><b><\/b><\/p><p><b>Radio\u00a0<\/b><b><\/b><\/p><p>Canalele radio sunt disponibile din meniul TV.\u00a0<\/p><p><b>Mic dejun\u00a0<\/b><b><\/b><\/p><p>Tariful camerei include un mic dejun tip bufet, servit \u00een sala de mic dejun din hol.\u00a0<\/p><p>Data:\u00a0<br \/>07:00 - 10:00\u00a0<\/p><p>Pentru plec\u0103rile timpurii, este disponibil la cerere un mic dejun la rece.\u00a0<\/p><p>\u00a0<\/p><p><b>Mic dejun \u00een camer\u0103\u00a0<\/b><b><\/b><\/p><p>Pute\u021bi comanda folosind cardul de comand\u0103 din camer\u0103.\u00a0<\/p><p><b>Pachet rece pentru micul dejun\u00a0<\/b><b><\/b><\/p><p>Disponibil pentru plecare timpurie.\u00a0<\/p><p><b>\u00cembr\u0103c\u0103minte\u00a0<\/b><b><\/b><\/p><p>V\u0103 rug\u0103m s\u0103 purta\u021bi o \u021binut\u0103 adecvat\u0103 atunci c\u00e2nd vizita\u021bi restaurantul.\u00a0<\/p><p>\u00a0<\/p><p><b>S\u00a0<\/b><b><\/b><\/p><p><b>Scaun \u00een baie\u00a0<\/b><b><\/b><\/p><p>Disponibil la recep\u021bie.\u00a0<\/p><p><b>Seif \u00een camer\u0103\u00a0<\/b><b><\/b><\/p><p>Seifurile din camere pot fi folosite pentru depozitarea obiectelor de valoare.\u00a0<\/p><p>\u00a0<\/p><p><b>T\u00a0<\/b><b><\/b><\/p><p><b>Cur\u0103\u021bare\u00a0<\/b><b><\/b><\/p><p>Cur\u0103\u021benie zilnic\u0103: 07:00-15:00\u00a0<\/p><p><b>P\u0103tur\u0103, pern\u0103\u00a0<\/b><b><\/b><\/p><p>P\u0103turi \u0219i perne suplimentare sunt disponibile la cerere.\u00a0<\/p><p><b>Comanda\u021bi un taxi\u00a0<\/b><b><\/b><\/p><p>Pute\u021bi comanda prin intermediul recep\u021biei.\u00a0<\/p><p><b>Harta\u00a0<\/b><b><\/b><\/p><p>H\u0103r\u021bi ale ora\u0219ului Gy\u0151r sunt disponibile la recep\u021bie.\u00a0<\/p><p><b>Sta\u021bie de \u00eenc\u0103rcare\u00a0<\/b><b><\/b><\/p><p>\u00cenc\u0103rc\u0103toarele pentru dispozitive electrice sunt disponibile la cerere.\u00a0<\/p><p><b>Transfer\u00a0<\/b><b><\/b><\/p><p>Putem organiza transferuri de la aeroport.\u00a0<\/p><p><b>Produse de cur\u0103\u021bare\u00a0<\/b><b><\/b><\/p><p>La recep\u021bie pot fi solicitate articole de toalet\u0103 suplimentare.\u00a0<\/p><p><b>Serviciu de \u00eentors\u00a0<\/b><b><\/b><\/p><p>A\u0219ternutul de sear\u0103 este disponibil la cerere.\u00a0<\/p><p><b>Canale TV\u00a0<\/b><b><\/b><\/p><p>Camerele noastre sunt dotate cu un televizor modern cu o gam\u0103 larg\u0103 de canale maghiare \u0219i interna\u021bionale.\u00a0<\/p><p>Lista de canale poate fi accesat\u0103 utiliz\u00e2nd butonul CH LIST de pe telecomand\u0103.\u00a0<\/p><p><b>Canale maghiare\u00a0<\/b><b><\/b><\/p><ol><li>M1 HD - \u0219tiri, politic\u0103\u00a0<\/li><li>M2 HD - copii, cultural\u00a0<\/li><li>Duna HD - General\u00a0<\/li><li>M4 Sport HD - sport\u00a0<\/li><li>M5 HD - Generalit\u0103\u021bi\u00a0<\/li><li>Duna World \/ M4 Sport+ HD - General\u00a0<\/li><li>RTL - General\u00a0<\/li><li>TV2 - General\u00a0<\/li><li>MAX4 - serie\u00a0<\/li><li>Spektrum Acas\u0103 - educa\u021bionale\u00a0<\/li><\/ol><p>\u00a0<\/p><p><b>Canale interna\u021bionale de \u0219tiri (\u00een limba englez\u0103)\u00a0<\/b><b><\/b><\/p><ol start=\"11\"><li>CNN International Europa\u00a0<\/li><li>BBC News HD\u00a0<\/li><li>Sky News International\u00a0<\/li><li>One America News HD\u00a0<\/li><li>DW Rom\u00e2n\u0103 HD\u00a0<\/li><li>France 24 (\u00een limba englez\u0103)\u00a0<\/li><li>Al Jazeera Rom\u00e2n\u0103 HD\u00a0<\/li><li>NHK World HD\u00a0<\/li><\/ol><p>\u00a0<\/p><p><b>Canale \u00een limba englez\u0103 - general\u00a0<\/b><b><\/b><\/p><ol start=\"19\"><li>TRT World HD\u00a0<\/li><li>Bloomberg Europa\u00a0<\/li><li>AWE HD\u00a0<\/li><li>Ayozat TV HD\u00a0<\/li><\/ol><p>\u00a0<\/p><p><b>Canale educa\u021bionale \u00een limba englez\u0103\u00a0<\/b><b><\/b><\/p><ol start=\"23\"><li>Canal \u00een aer liber HD\u00a0<\/li><li>MVMT HD\u00a0<\/li><li>Wild TV HD\u00a0<\/li><li>Re\u021beaua mondial\u0103 de pescuit HD\u00a0<\/li><\/ol><p>\u00a0<\/p><p><b>Canale sportive \u00een limba englez\u0103\u00a0<\/b><b><\/b><\/p><ol start=\"27\"><li>Sport \u00een primul r\u00e2nd HD\u00a0<\/li><li>Turneul mondial de poker HD\u00a0<\/li><li>Cricket de aur HD\u00a0<\/li><li>Bare Knuckles Fighting HD\u00a0<\/li><\/ol><p>\u00a0<\/p><p><b>Canale de \u0219tiri \u00een limba german\u0103\u00a0<\/b><b><\/b><\/p><ol start=\"31\"><li>ZDF info HD\u00a0<\/li><li>Lumea\u00a0<\/li><\/ol><p>\u00a0<\/p><p><b>Canale generale \u00een german\u0103\u00a0<\/b><b><\/b><\/p><ol start=\"33\"><li>3sat HD\u00a0<\/li><li>RTL Austria\u00a0<\/li><li>RTL 2 Austria\u00a0<\/li><li>VOX Austria\u00a0<\/li><li>VOX sus\u00a0<\/li><li>S\u00e2mb\u0103t\u0103 1\u00a0<\/li><li>S\u00e2mb\u0103t\u0103 1 Aur\u00a0<\/li><li>ProSieben\u00a0<\/li><li>ProSieben MAXX\u00a0<\/li><li>Cablu 1\u00a0<\/li><li>Sixx\u00a0<\/li><\/ol><p>\u00a0<\/p><p><b>Canale TV \u00een limba german\u0103\u00a0<\/b><b><\/b><\/p><ol start=\"44\"><li>Serie+\u00a0<\/li><li>Timpul crimei\u00a0<\/li><\/ol><p>\u00a0<\/p><p><b>Canale educa\u021bionale \u00een limba german\u0103\u00a0<\/b><b><\/b><\/p><ol start=\"46\"><li>Cablu 1 Documentar\u00a0<\/li><li>Xplore\u00a0<\/li><li>O Terra\u00a0<\/li><li>Graba altitudinii\u00a0<\/li><li>Doar g\u0103tit\u00a0<\/li><\/ol><p>\u00a0<\/p><p><b>Canale sportive \u00een limba german\u0103\u00a0<\/b><b><\/b><\/p><ol start=\"51\"><li>Doar pescuit\u00a0<\/li><li>Sport Mix HD\u00a0<\/li><li>Eurosport Germania\u00a0<\/li><\/ol><p>\u00a0<\/p><p><b>Canale pentru copii \u00een limba german\u0103\u00a0<\/b><b><\/b><\/p><ol start=\"54\"><li>KiKa HD\u00a0<\/li><li>Super RTL Austria\u00a0<\/li><\/ol><p>\u00a0<\/p><p><b>Canale de muzic\u0103 \u00een limba german\u0103\u00a0<\/b><b><\/b><\/p><ol start=\"56\"><li>Dans de lux\u00a0<\/li><li>Rap de lux\u00a0<\/li><\/ol><p>\u00a0<\/p><p><b>Canale \u00een limba italian\u0103\u00a0<\/b><b><\/b><\/p><ol start=\"58\"><li>Rai News 24 HD - \u0219tiri\u00a0<\/li><li>Rai 1 HD - General\u00a0<\/li><li>Rai 2 HD - General\u00a0<\/li><li>Rai 3 HD - General\u00a0<\/li><li>Wedotv Filme HD - filme\u00a0<\/li><li>Universitatea Uninettuno TV - educa\u021bionale\u00a0<\/li><li>EQUtv - Sport\u00a0<\/li><li>Rai Gulp HD - copil\u00a0<\/li><\/ol><p>\u00a0<\/p><p><b>Canale \u00een limba rus\u0103\u00a0<\/b><b><\/b><\/p><ol start=\"66\"><li>Svoboda News - \u0218tiri\u00a0<\/li><li>DW Russian HD - \u0219tiri\u00a0<\/li><li>Svoboda HD - General\u00a0<\/li><li>Svoboda+ - general\u00a0<\/li><li>TV8 HD - General\u00a0<\/li><\/ol><p>\u00a0<\/p><p><b>Canale \u00een limba spaniol\u0103\u00a0<\/b><b><\/b><\/p><ol start=\"71\"><li>24 Horas HD - \u0218tiri\u00a0<\/li><li>Telesur HD - \u0218tiri\u00a0<\/li><li>TVE Internacional HD - General\u00a0<\/li><li>Cubavision Internacional HD - General\u00a0<\/li><\/ol><p>\u00a0<\/p><p><b>Canale \u00een limba francez\u0103\u00a0<\/b><b><\/b><\/p><ol start=\"75\"><li>France 24 (en Fran\u00e7ais) - \u0219tiri\u00a0<\/li><li>TV5 Monde HD - General\u00a0<\/li><li>TV Monaco HD - General\u00a0<\/li><\/ol><p>\u00a0<\/p><p><b>Canale poloneze\u00a0<\/b><b><\/b><\/p><ol start=\"78\"><li>Polonia 1 - general\u00a0<\/li><li>Tele 5 Polska - General\u00a0<\/li><\/ol><p>\u00a0<\/p><p><b>Canal rom\u00e2nesc\u00a0<\/b><b><\/b><\/p><ol start=\"80\"><li>TV Romania International - General\u00a0<\/li><\/ol><p>\u00a0<\/p><p><b>Canale radio\u00a0<\/b><b><\/b><\/p><ol start=\"101\"><li>Kossuth Radio\u00a0<\/li><li>Pet\u0151fi Radio\u00a0<\/li><li>Bart\u00f3k Radio\u00a0<\/li><li>Radio Dank\u00f3\u00a0<\/li><\/ol><p>\u00a0<\/p><p>\u00a0<\/p><p><b>REGLEMENT\u0102RI PRIVIND SIGURAN\u021aA \u00ceMPOTRIVA INCENDIILOR\u00a0<\/b><b><\/b><\/p><ul><li>Nu importa\u021bi materiale combustibile\u00a0<\/li><li>Hotelul este nefum\u0103tor\u00a0<\/li><li>Urma\u021bi ruta de evacuare \u00een caz de incendiu\u00a0<\/li><li>Anun\u021ba\u021bi recep\u021bia la extensia 100\u00a0<\/li><\/ul><p>\u00cen caz de incendiu, ascensorul nu este permis.\u00a0<\/p><p>\u00a0<\/p><p><b>V\u00a0<\/b><b><\/b><\/p><p><b>Servicii de cusut\u00a0<\/b><b><\/b><\/p><p>V\u0103 rug\u0103m s\u0103 contacta\u021bi recep\u021bia la cerere.\u00a0<\/p><p><b>C\u0103lcatul\u00a0<\/b><b><\/b><\/p><p>Serviciu de c\u0103lcat \u00een termen de o or\u0103.\u00a0<\/p><p><b>Obiective turistice\u00a0<\/b><b><\/b><\/p><p>Pentru informa\u021bii despre programe \u0219i atrac\u021bii, v\u0103 rug\u0103m s\u0103 contacta\u021bi recep\u021bia.\u00a0<\/p><p><b>Cur\u0103\u021bare chimic\u0103\u00a0<\/b><b><\/b><\/p><p>Disponibil \u00een 24 de ore.\u00a0<\/p><p><b>Floare\u00a0<\/b><b><\/b><\/p><p>Comanda\u021bi flori prin recep\u021bie.\u00a0<\/p><p><b>Kettle\u00a0<\/b><b><\/b><\/p><p>\u00cen fiecare camer\u0103 este disponibil un ceainic.\u00a0<\/p><p>\u00a0<\/p><p><b>W\u00a0<\/b><b><\/b><\/p><p><b>Wellness \u0219i fitness\u00a0<\/b><b><\/b><\/p><p>Disponibil \u00een zona de wellness a hotelului nostru:\u00a0<\/p><ul><li>piscin\u0103\u00a0<\/li><li>jacuzzi\u00a0<\/li><li>saun\u0103 cu infraro\u0219u\u00a0<\/li><li>masaj\u00a0<\/li><li>sal\u0103 de gimnastic\u0103\u00a0<\/li><\/ul><p>Program de func\u021bionare: 07:00 - 21:00\u00a0<\/p><p><b>WiFi\u00a0<\/b><b><\/b><\/p><p>Internet WiFi de mare vitez\u0103 este disponibil gratuit \u00een \u00eentregul hotel.\u00a0<\/p><p>Autentificare: Guest parola: GarzonTheBest\u00a0<\/p><p><b>V\u0103 dorim odihn\u0103 pl\u0103cut\u0103!\u00a0<\/b><b><\/b><\/p><p>Sper\u0103m c\u0103 \u0219ederea dumneavoastr\u0103 va fi una pl\u0103cut\u0103 \u0219i c\u0103 \u00een cur\u00e2nd ve\u021bi fi din nou oaspe\u021bii no\u0219tri.\u00a0<\/p><p>Hotel Garzon Plaza**\u00a0<br \/>\u201eConfortul de acas\u0103 pentru oaspe\u021bii no\u0219tri\u201d\u00a0<\/p>\t\t\t\t\t\t\t\t<\/div>\n\t\t\t\t<\/div>\n\t\t\t\t\t<\/div>\n\t\t\t\t<\/div>\n\t\t\t\t<\/div>","protected":false},"excerpt":{"rendered":"<p>Vend\u00e9gt\u00e1j\u00e9koztat\u00f3 HOTEL GARZON PLAZA\u00a0 Kedves Vend\u00e9g\u00fcnk!\u00a0 Szeretettel k\u00f6sz\u00f6ntj\u00fck a\u00a0Hotel Garzon Plaza** sz\u00e1llod\u00e1ban!\u00a0 K\u00f6sz\u00f6nj\u00fck, hogy sz\u00e1llod\u00e1nkat v\u00e1lasztotta. C\u00e9lunk, hogy tart\u00f3zkod\u00e1sa a lehet\u0151 legk\u00e9nyelmesebb \u00e9s legz\u00f6kken\u0151mentesebb legyen. Az al\u00e1bbi t\u00e1j\u00e9koztat\u00f3 seg\u00edt megismerni sz\u00e1llod\u00e1nk szolg\u00e1ltat\u00e1sait \u00e9s az itt tart\u00f3zkod\u00e1s legfontosabb tudnival\u00f3it.\u00a0 Amennyiben b\u00e1rmilyen k\u00e9rd\u00e9se mer\u00fcl fel, munkat\u00e1rsaink k\u00e9szs\u00e9ggel \u00e1llnak rendelkez\u00e9s\u00e9re a recepci\u00f3n, a nap 24 \u00f3r\u00e1j\u00e1ban.\u00a0Recepci\u00f3 telefonsz\u00e1ma a [&hellip;]<\/p>\n","protected":false},"author":4,"featured_media":0,"parent":0,"menu_order":0,"comment_status":"closed","ping_status":"closed","template":"","meta":{"footnotes":""},"class_list":["post-8022","page","type-page","status-publish","hentry","entry","owp-thumbs-layout-horizontal","owp-btn-normal","owp-tabs-layout-horizontal","has-no-thumbnails","has-product-nav"],"_links":{"self":[{"href":"https:\/\/garzonplaza.hu\/ro\/wp-json\/wp\/v2\/pages\/8022","targetHints":{"allow":["GET"]}}],"collection":[{"href":"https:\/\/garzonplaza.hu\/ro\/wp-json\/wp\/v2\/pages"}],"about":[{"href":"https:\/\/garzonplaza.hu\/ro\/wp-json\/wp\/v2\/types\/page"}],"author":[{"embeddable":true,"href":"https:\/\/garzonplaza.hu\/ro\/wp-json\/wp\/v2\/users\/4"}],"replies":[{"embeddable":true,"href":"https:\/\/garzonplaza.hu\/ro\/wp-json\/wp\/v2\/comments?post=8022"}],"version-history":[{"count":10,"href":"https:\/\/garzonplaza.hu\/ro\/wp-json\/wp\/v2\/pages\/8022\/revisions"}],"predecessor-version":[{"id":8032,"href":"https:\/\/garzonplaza.hu\/ro\/wp-json\/wp\/v2\/pages\/8022\/revisions\/8032"}],"wp:attachment":[{"href":"https:\/\/garzonplaza.hu\/ro\/wp-json\/wp\/v2\/media?parent=8022"}],"curies":[{"name":"wp","href":"https:\/\/api.w.org\/{rel}","templated":true}]}}