{"id":8077,"date":"2026-04-03T13:34:36","date_gmt":"2026-04-03T12:34:36","guid":{"rendered":"https:\/\/garzonplaza.hu\/?page_id=8077"},"modified":"2026-04-14T10:31:58","modified_gmt":"2026-04-14T09:31:58","slug":"deschis-la","status":"publish","type":"page","link":"https:\/\/garzonplaza.hu\/ro\/deschis-la\/","title":{"rendered":"Deschis"},"content":{"rendered":"<div data-elementor-type=\"wp-page\" data-elementor-id=\"8077\" class=\"elementor elementor-8077\" data-elementor-post-type=\"page\">\n\t\t\t\t<div class=\"elementor-element elementor-element-e33f471 e-con-full e-flex e-con e-parent\" data-id=\"e33f471\" data-element_type=\"container\" data-e-type=\"container\">\n\t\t<div class=\"elementor-element elementor-element-9d69142 e-con-full e-flex e-con e-child\" data-id=\"9d69142\" data-element_type=\"container\" data-e-type=\"container\">\n\t\t<div class=\"elementor-element elementor-element-a303264 e-con-full e-flex e-con e-child\" data-id=\"a303264\" data-element_type=\"container\" data-e-type=\"container\">\n\t\t\t\t<\/div>\n\t\t\t\t<div class=\"elementor-element elementor-element-f5f16d3 elementor-widget elementor-widget-heading\" data-id=\"f5f16d3\" data-element_type=\"widget\" data-e-type=\"widget\" data-widget_type=\"heading.default\">\n\t\t\t\t<div class=\"elementor-widget-container\">\n\t\t\t\t\t<h2 class=\"elementor-heading-title elementor-size-default\">Mic dejun<\/h2>\t\t\t\t<\/div>\n\t\t\t\t<\/div>\n\t\t\t\t<div class=\"elementor-element elementor-element-4f92166 elementor-widget elementor-widget-heading\" data-id=\"4f92166\" data-element_type=\"widget\" data-e-type=\"widget\" data-widget_type=\"heading.default\">\n\t\t\t\t<div class=\"elementor-widget-container\">\n\t\t\t\t\t<h2 class=\"elementor-heading-title elementor-size-default\">Mic dejun \/ Mic dejun<\/h2>\t\t\t\t<\/div>\n\t\t\t\t<\/div>\n\t\t\t\t<\/div>\n\t\t<div class=\"elementor-element elementor-element-b038832 e-con-full e-flex e-con e-child\" data-id=\"b038832\" data-element_type=\"container\" data-e-type=\"container\">\n\t\t\t\t<\/div>\n\t\t\t\t<div class=\"elementor-element elementor-element-a7fe6a6 elementor-widget elementor-widget-heading\" data-id=\"a7fe6a6\" data-element_type=\"widget\" data-e-type=\"widget\" data-widget_type=\"heading.default\">\n\t\t\t\t<div class=\"elementor-widget-container\">\n\t\t\t\t\t<h2 class=\"elementor-heading-title elementor-size-default\">Zilele s\u0103pt\u0103m\u00e2nii \/ Zilele s\u0103pt\u0103m\u00e2nii<\/h2>\t\t\t\t<\/div>\n\t\t\t\t<\/div>\n\t\t\t\t<div class=\"elementor-element elementor-element-871efec elementor-widget elementor-widget-heading\" data-id=\"871efec\" data-element_type=\"widget\" data-e-type=\"widget\" data-widget_type=\"heading.default\">\n\t\t\t\t<div class=\"elementor-widget-container\">\n\t\t\t\t\t<h2 class=\"elementor-heading-title elementor-size-default\">06:30 -10:00<\/h2>\t\t\t\t<\/div>\n\t\t\t\t<\/div>\n\t\t<div class=\"elementor-element elementor-element-655f2ca e-con-full e-flex e-con e-child\" data-id=\"655f2ca\" data-element_type=\"container\" data-e-type=\"container\">\n\t\t\t\t<div class=\"elementor-element elementor-element-227d9c2 elementor-widget elementor-widget-spacer\" data-id=\"227d9c2\" data-element_type=\"widget\" data-e-type=\"widget\" data-widget_type=\"spacer.default\">\n\t\t\t\t<div class=\"elementor-widget-container\">\n\t\t\t\t\t\t\t<div class=\"elementor-spacer\">\n\t\t\t<div class=\"elementor-spacer-inner\"><\/div>\n\t\t<\/div>\n\t\t\t\t\t\t<\/div>\n\t\t\t\t<\/div>\n\t\t\t\t<\/div>\n\t\t\t\t<div class=\"elementor-element elementor-element-964c70c elementor-widget elementor-widget-heading\" data-id=\"964c70c\" data-element_type=\"widget\" data-e-type=\"widget\" data-widget_type=\"heading.default\">\n\t\t\t\t<div class=\"elementor-widget-container\">\n\t\t\t\t\t<h2 class=\"elementor-heading-title elementor-size-default\">Weekend \/ \u00cen weekend \/ Wochenende<\/h2>\t\t\t\t<\/div>\n\t\t\t\t<\/div>\n\t\t\t\t<div class=\"elementor-element elementor-element-d56aa01 elementor-widget elementor-widget-heading\" data-id=\"d56aa01\" data-element_type=\"widget\" data-e-type=\"widget\" data-widget_type=\"heading.default\">\n\t\t\t\t<div class=\"elementor-widget-container\">\n\t\t\t\t\t<h2 class=\"elementor-heading-title elementor-size-default\">07:00 -10:00<\/h2>\t\t\t\t<\/div>\n\t\t\t\t<\/div>\n\t\t\t\t<div class=\"elementor-element elementor-element-6bfa7f9 elementor-widget elementor-widget-spacer\" data-id=\"6bfa7f9\" data-element_type=\"widget\" data-e-type=\"widget\" data-widget_type=\"spacer.default\">\n\t\t\t\t<div class=\"elementor-widget-container\">\n\t\t\t\t\t\t\t<div class=\"elementor-spacer\">\n\t\t\t<div class=\"elementor-spacer-inner\"><\/div>\n\t\t<\/div>\n\t\t\t\t\t\t<\/div>\n\t\t\t\t<\/div>\n\t\t\t\t<div class=\"elementor-element elementor-element-a065043 elementor-widget elementor-widget-image\" data-id=\"a065043\" data-element_type=\"widget\" data-e-type=\"widget\" data-widget_type=\"image.default\">\n\t\t\t\t<div class=\"elementor-widget-container\">\n\t\t\t\t\t\t\t\t\t\t\t\t\t\t\t\t<a href=\"https:\/\/garzonplaza.hu\/ro\/zarva\/\">\n\t\t\t\t\t\t\t<img fetchpriority=\"high\" decoding=\"async\" width=\"1024\" height=\"447\" src=\"https:\/\/garzonplaza.hu\/wp-content\/uploads\/2026\/04\/Kepernyofoto-2026-04-03-14.36.46-1024x447.png\" class=\"attachment-large size-large wp-image-8079\" alt=\"\" srcset=\"https:\/\/garzonplaza.hu\/wp-content\/uploads\/2026\/04\/Kepernyofoto-2026-04-03-14.36.46-1024x447.png 1024w, https:\/\/garzonplaza.hu\/wp-content\/uploads\/2026\/04\/Kepernyofoto-2026-04-03-14.36.46-300x131.png 300w, https:\/\/garzonplaza.hu\/wp-content\/uploads\/2026\/04\/Kepernyofoto-2026-04-03-14.36.46-768x336.png 768w, https:\/\/garzonplaza.hu\/wp-content\/uploads\/2026\/04\/Kepernyofoto-2026-04-03-14.36.46-1536x671.png 1536w, https:\/\/garzonplaza.hu\/wp-content\/uploads\/2026\/04\/Kepernyofoto-2026-04-03-14.36.46-2048x895.png 2048w, https:\/\/garzonplaza.hu\/wp-content\/uploads\/2026\/04\/Kepernyofoto-2026-04-03-14.36.46-18x8.png 18w, https:\/\/garzonplaza.hu\/wp-content\/uploads\/2026\/04\/Kepernyofoto-2026-04-03-14.36.46-600x262.png 600w\" sizes=\"(max-width: 1024px) 100vw, 1024px\" title=\"\">\t\t\t\t\t\t\t\t<\/a>\n\t\t\t\t\t\t\t\t\t\t\t\t\t\t\t<\/div>\n\t\t\t\t<\/div>\n\t\t\t\t<\/div>\n\t\t<div class=\"elementor-element elementor-element-d5ee806 e-flex e-con-boxed e-con e-parent\" data-id=\"d5ee806\" data-element_type=\"container\" data-e-type=\"container\">\n\t\t\t\t\t<div class=\"e-con-inner\">\n\t\t\t\t\t<\/div>\n\t\t\t\t<\/div>\n\t\t\t\t<\/div>","protected":false},"excerpt":{"rendered":"<p>Reggeli Breakfast \/ Fr\u00fchst\u00fcck H\u00e9tk\u00f6znap \/ Weekdays \/ Wochentagen 06:30 -10:00 H\u00e9tv\u00e9g\u00e9n \/ On Weekend \/ Wochenende 07:00 -10:00<\/p>","protected":false},"author":4,"featured_media":0,"parent":0,"menu_order":0,"comment_status":"closed","ping_status":"closed","template":"elementor_header_footer","meta":{"footnotes":""},"class_list":["post-8077","page","type-page","status-publish","hentry","entry","owp-thumbs-layout-horizontal","owp-btn-normal","owp-tabs-layout-horizontal","has-no-thumbnails","has-product-nav"],"_links":{"self":[{"href":"https:\/\/garzonplaza.hu\/ro\/wp-json\/wp\/v2\/pages\/8077","targetHints":{"allow":["GET"]}}],"collection":[{"href":"https:\/\/garzonplaza.hu\/ro\/wp-json\/wp\/v2\/pages"}],"about":[{"href":"https:\/\/garzonplaza.hu\/ro\/wp-json\/wp\/v2\/types\/page"}],"author":[{"embeddable":true,"href":"https:\/\/garzonplaza.hu\/ro\/wp-json\/wp\/v2\/users\/4"}],"replies":[{"embeddable":true,"href":"https:\/\/garzonplaza.hu\/ro\/wp-json\/wp\/v2\/comments?post=8077"}],"version-history":[{"count":55,"href":"https:\/\/garzonplaza.hu\/ro\/wp-json\/wp\/v2\/pages\/8077\/revisions"}],"predecessor-version":[{"id":8158,"href":"https:\/\/garzonplaza.hu\/ro\/wp-json\/wp\/v2\/pages\/8077\/revisions\/8158"}],"wp:attachment":[{"href":"https:\/\/garzonplaza.hu\/ro\/wp-json\/wp\/v2\/media?parent=8077"}],"curies":[{"name":"wp","href":"https:\/\/api.w.org\/{rel}","templated":true}]}}