{"id":6649,"date":"2025-01-04T09:42:13","date_gmt":"2025-01-04T08:42:13","guid":{"rendered":"https:\/\/garzonplaza.hu\/?post_type=product&#038;p=6649"},"modified":"2025-10-13T08:19:27","modified_gmt":"2025-10-13T07:19:27","slug":"regisztracios-dij-regiseg-vasarra","status":"publish","type":"product","link":"https:\/\/garzonplaza.hu\/ro\/produs-2\/regisztracios-dij-regiseg-vasarra\/","title":{"rendered":"Achizi\u021bionarea de spa\u021biu expozi\u021bional \/ cort"},"content":{"rendered":"<p><strong>18 octombrie 2025.<\/strong> \u00a0T\u00e2rgul de antichit\u0103\u021bi va avea loc \u00een curtea castelului. \u00cen aceast\u0103 toamn\u0103, contra cost, putem pune la dispozi\u021bie un cort de 5 x 3 m cu o suprafa\u021b\u0103 acoperit\u0103, f\u0103r\u0103 mas\u0103.<\/p>\n<ul>\n<li>\n<ul>\n<li>\n<ul>\n<li>A-1 p\u00e2n\u0103 la A-4 doar pentru Food Truck, parcare dubl\u0103 f\u0103r\u0103 cort \u0219i energie, 35 e ft<\/li>\n<li>1-13 -ig 12 e Ft \/ cort<\/li>\n<li>14-24 -ig 10 e Ft \/ cort<\/li>\n<li>42-50 p\u00e2n\u0103 la 8 e Ft\/ cort<\/li>\n<li>25-41 -ig 6 e Ft \/ cort<\/li>\n<li>51-62 p\u00e2n\u0103 la 6 e Ft \/ cort<\/li>\n<\/ul>\n<\/li>\n<\/ul>\n<\/li>\n<\/ul>\n<p>Din p\u0103cate, nu putem admite expozan\u021bi din t\u00e2rgul de vechituri Lomis, vrem un t\u00e2rg de antichit\u0103\u021bi de calitate!<\/p>\n<p>Parcarea este posibil\u0103 \u00een afara castelului, cu parcare regulat\u0103 pe drumul principal \u0219i acces la parcarea din fa\u021ba terenului de fotbal.  V\u0103 rug\u0103m s\u0103 desc\u0103rca\u021bi \u0219i s\u0103 p\u0103r\u0103si\u021bi zona p\u00e2n\u0103 cel t\u00e2rziu la ora 7 diminea\u021ba. Por\u021bile se vor deschide pentru expozan\u021bi la castel la ora 5 diminea\u021ba! Expozan\u021bilor li se va permite s\u0103 p\u0103r\u0103seasc\u0103 incinta \u00eencep\u00e2nd cu ora 14:00.<\/p>","protected":false},"excerpt":{"rendered":"<p>Plata taxei de \u00eenregistrare este o condi\u021bie de participare la expozi\u021bie. Nu exist\u0103 alte taxe de pl\u0103tit!<\/p>","protected":false},"featured_media":6651,"template":"","meta":[],"product_brand":[],"product_cat":[18],"product_tag":[],"class_list":{"0":"post-6649","1":"product","2":"type-product","3":"status-publish","4":"has-post-thumbnail","6":"product_cat-egyeb","8":"entry","9":"has-media","11":"first","12":"instock","13":"virtual","14":"sold-individually","15":"purchasable","16":"product-type-auditorium","17":"has-product-nav","18":"col","19":"span_1_of_3","20":"owp-content-center","21":"owp-thumbs-layout-horizontal","22":"owp-btn-normal","23":"owp-tabs-layout-horizontal","24":"has-no-thumbnails"},"_links":{"self":[{"href":"https:\/\/garzonplaza.hu\/ro\/wp-json\/wp\/v2\/product\/6649","targetHints":{"allow":["GET"]}}],"collection":[{"href":"https:\/\/garzonplaza.hu\/ro\/wp-json\/wp\/v2\/product"}],"about":[{"href":"https:\/\/garzonplaza.hu\/ro\/wp-json\/wp\/v2\/types\/product"}],"wp:featuredmedia":[{"embeddable":true,"href":"https:\/\/garzonplaza.hu\/ro\/wp-json\/wp\/v2\/media\/6651"}],"wp:attachment":[{"href":"https:\/\/garzonplaza.hu\/ro\/wp-json\/wp\/v2\/media?parent=6649"}],"wp:term":[{"taxonomy":"product_brand","embeddable":true,"href":"https:\/\/garzonplaza.hu\/ro\/wp-json\/wp\/v2\/product_brand?post=6649"},{"taxonomy":"product_cat","embeddable":true,"href":"https:\/\/garzonplaza.hu\/ro\/wp-json\/wp\/v2\/product_cat?post=6649"},{"taxonomy":"product_tag","embeddable":true,"href":"https:\/\/garzonplaza.hu\/ro\/wp-json\/wp\/v2\/product_tag?post=6649"}],"curies":[{"name":"wp","href":"https:\/\/api.w.org\/{rel}","templated":true}]}}