{"id":7546,"date":"2025-09-30T07:18:46","date_gmt":"2025-09-30T06:18:46","guid":{"rendered":"https:\/\/garzonplaza.hu\/?post_type=product&#038;p=7546"},"modified":"2025-12-10T09:39:59","modified_gmt":"2025-12-10T08:39:59","slug":"ajunul-anului-nou-la-bridgerton","status":"publish","type":"product","link":"https:\/\/garzonplaza.hu\/ro\/produs-2\/ajunul-anului-nou-la-bridgerton\/","title":{"rendered":"\u2728 Revelionul Bridgerton la Castelul F\u00f6ldv\u00e1ry \u2728"},"content":{"rendered":"<p data-start=\"159\" data-end=\"245\">\u2728 <strong data-start=\"161\" data-end=\"209\">Revelionul Bridgerton la Castelul F\u00f6ldv\u00e1ry<\/strong> \u2728<br data-start=\"211\" data-end=\"214\" \/>\u00d6ttev\u00e9ny - 31 decembrie 2025.<\/p>\n<p data-start=\"247\" data-end=\"340\">P\u0103\u0219e\u0219te \u00een lumea lui Bridgerton \u0219i spune la revedere Anului Nou cu un bal de neuitat la castel! \ud83c\udfa9\ud83d\udc52<\/p>\n<p data-start=\"342\" data-end=\"373\">\ud83c\udf7d <strong data-start=\"345\" data-end=\"371\">Experien\u021be gastronomice<\/strong><\/p>\n<ul data-start=\"374\" data-end=\"553\">\n<li data-start=\"374\" data-end=\"457\">\n<p data-start=\"376\" data-end=\"457\">18:00-21:00: Cin\u0103 bufet de Revelion cu cele mai bune preparate<\/p>\n<\/li>\n<li data-start=\"458\" data-end=\"553\">\n<p data-start=\"460\" data-end=\"553\">Cina de la miezul nop\u021bii: sup\u0103 de c\u00e2rna\u021bi \u0219i linte \u0219i o m\u00e2ncare rece bogat\u0103 pentru a aduce noroc pentru Anul Nou<\/p>\n<\/li>\n<\/ul>\n<p data-start=\"555\" data-end=\"581\">\ud83e\udd42 <strong data-start=\"558\" data-end=\"579\">B\u0103uturi \u0219i atmosfer\u0103<\/strong><\/p>\n<ul data-start=\"582\" data-end=\"794\">\n<li data-start=\"582\" data-end=\"681\">\n<p data-start=\"584\" data-end=\"681\">19:00-01:00: pachet nelimitat de b\u0103uturi (vodc\u0103, brandy, J\u00e4ger, Bacardi \u0219i multe altele)<\/p>\n<\/li>\n<li data-start=\"682\" data-end=\"755\">\n<p data-start=\"684\" data-end=\"755\">La sosire: vin fiert \u0219i castane pr\u0103jite \u00eentr-o atmosfer\u0103 \"vellcom drink\"<\/p>\n<\/li>\n<li data-start=\"756\" data-end=\"794\">\n<p data-start=\"758\" data-end=\"794\">Toastul cu \u0219ampanie la miezul nop\u021bii \u00een pre\u021b<\/p>\n<\/li>\n<\/ul>\n<p data-start=\"796\" data-end=\"825\">\ud83c\udf86 <strong data-start=\"799\" data-end=\"823\">Programe \u0219i experien\u021be<\/strong><\/p>\n<ul data-start=\"826\" data-end=\"929\">\n<li data-start=\"826\" data-end=\"866\">\n<p data-start=\"828\" data-end=\"866\">Focuri de artificii spectaculoase \u00een parcul castelului<\/p>\n<\/li>\n<li data-start=\"867\" data-end=\"929\">\n<p data-start=\"869\" data-end=\"929\">Col\u021b foto elegant pentru a v\u0103 p\u0103stra amintirile Bridgerton Ball<\/p>\n<\/li>\n<\/ul>\n<p data-start=\"931\" data-end=\"1087\">\ud83d\udcab \u00cembrac\u0103-te elegant, adu-\u021bi prietenii \u0219i ia parte la un adev\u0103rat revelion la castel, unde elegan\u021ba trecutului \u00eent\u00e2lne\u0219te s\u0103rb\u0103toarea prezentului!<\/p>\n<p data-start=\"1089\" data-end=\"1134\">\ud83d\udccd <strong data-start=\"1092\" data-end=\"1105\">Loca\u021bie:<\/strong> Castelul F\u00f6ldv\u00e1ry, \u00d6ttev\u00e9ny<\/p>","protected":false},"excerpt":{"rendered":"<p data-start=\"58\" data-end=\"320\">\u2728 <strong data-start=\"60\" data-end=\"109\">Ajunul Anului Nou Bridgerton la Castelul F\u00f6ldv\u00e1ry!<\/strong> \u2728<br data-start=\"111\" data-end=\"114\" \/>Cin\u0103 bufet somptuoas\u0103, pachet nelimitat de b\u0103uturi, \u0219ampanie \u0219i cin\u0103 la miezul nop\u021bii, focuri de artificii \u0219i col\u021b foto. \ud83c\udf86\ud83e\udd42<br data-start=\"220\" data-end=\"223\" \/>La sosire, v\u0103 vom a\u0219tepta cu vin fiert \u0219i castane - fi\u021bi al\u0103turi de noi pentru cea mai special\u0103 noapte a anului!<\/p>\n<p data-start=\"322\" data-end=\"374\">\ud83d\udccd Castelul F\u00f6ldv\u00e1ry, \u00d6ttev\u00e9ny - 31 decembrie 2025.<\/p>","protected":false},"featured_media":7547,"template":"","meta":[],"product_brand":[],"product_cat":[95],"product_tag":[],"class_list":{"0":"post-7546","1":"product","2":"type-product","3":"status-publish","4":"has-post-thumbnail","6":"product_cat-foldvary-kastely","8":"entry","9":"has-media","11":"first","12":"outofstock","13":"virtual","14":"purchasable","15":"product-type-simple","16":"has-product-nav","17":"col","18":"span_1_of_3","19":"owp-content-center","20":"owp-thumbs-layout-horizontal","21":"owp-btn-normal","22":"owp-tabs-layout-horizontal","23":"has-no-thumbnails"},"_links":{"self":[{"href":"https:\/\/garzonplaza.hu\/ro\/wp-json\/wp\/v2\/product\/7546","targetHints":{"allow":["GET"]}}],"collection":[{"href":"https:\/\/garzonplaza.hu\/ro\/wp-json\/wp\/v2\/product"}],"about":[{"href":"https:\/\/garzonplaza.hu\/ro\/wp-json\/wp\/v2\/types\/product"}],"wp:featuredmedia":[{"embeddable":true,"href":"https:\/\/garzonplaza.hu\/ro\/wp-json\/wp\/v2\/media\/7547"}],"wp:attachment":[{"href":"https:\/\/garzonplaza.hu\/ro\/wp-json\/wp\/v2\/media?parent=7546"}],"wp:term":[{"taxonomy":"product_brand","embeddable":true,"href":"https:\/\/garzonplaza.hu\/ro\/wp-json\/wp\/v2\/product_brand?post=7546"},{"taxonomy":"product_cat","embeddable":true,"href":"https:\/\/garzonplaza.hu\/ro\/wp-json\/wp\/v2\/product_cat?post=7546"},{"taxonomy":"product_tag","embeddable":true,"href":"https:\/\/garzonplaza.hu\/ro\/wp-json\/wp\/v2\/product_tag?post=7546"}],"curies":[{"name":"wp","href":"https:\/\/api.w.org\/{rel}","templated":true}]}}